{"id":7132,"date":"2023-03-02T13:24:59","date_gmt":"2023-03-02T13:24:59","guid":{"rendered":"https:\/\/www.ehrab.com\/despre-functia-de-avertizare-de-integritate\/"},"modified":"2023-03-02T13:25:00","modified_gmt":"2023-03-02T13:25:00","slug":"despre-functia-de-avertizare-de-integritate","status":"publish","type":"page","link":"https:\/\/www.ehrab.com\/ro\/despre-functia-de-avertizare-de-integritate\/","title":{"rendered":"Despre Func\u021bia de avertizare de integritate"},"content":{"rendered":"\t\t<div data-elementor-type=\"wp-page\" data-elementor-id=\"7132\" class=\"elementor elementor-7132 elementor-6669\" data-elementor-post-type=\"page\">\n\t\t\t\t\t\t<section class=\"elementor-section elementor-top-section elementor-element elementor-element-5f8914eb elementor-section-height-min-height elementor-section-boxed elementor-section-height-default elementor-section-items-middle\" data-id=\"5f8914eb\" data-element_type=\"section\" data-e-type=\"section\" data-settings=\"{&quot;background_background&quot;:&quot;video&quot;,&quot;background_video_link&quot;:&quot;https:\\\/\\\/www.ehrab.com\\\/\\\/wp-content\\\/uploads\\\/2022\\\/08\\\/ehrab_video_bg_1080p__4300kbps_bitrate.mp4&quot;,&quot;shape_divider_bottom&quot;:&quot;tilt&quot;,&quot;background_play_on_mobile&quot;:&quot;yes&quot;}\">\n\t\t\t\t\t\t\t\t<div class=\"elementor-background-video-container\">\n\t\t\t\t\t\t\t\t\t\t\t\t\t<video class=\"elementor-background-video-hosted\" role=\"presentation\" autoplay muted playsinline loop><\/video>\n\t\t\t\t\t\t\t\t\t\t\t<\/div>\n\t\t\t\t\t\t\t\t\t<div class=\"elementor-background-overlay\"><\/div>\n\t\t\t\t\t\t<div class=\"elementor-shape elementor-shape-bottom\" aria-hidden=\"true\" data-negative=\"false\">\n\t\t\t<svg xmlns=\"http:\/\/www.w3.org\/2000\/svg\" viewBox=\"0 0 1000 100\" preserveAspectRatio=\"none\">\n\t<path class=\"elementor-shape-fill\" d=\"M0,6V0h1000v100L0,6z\"\/>\n<\/svg>\t\t<\/div>\n\t\t\t\t\t<div class=\"elementor-container elementor-column-gap-default\">\n\t\t\t\t\t<div class=\"elementor-column elementor-col-100 elementor-top-column elementor-element elementor-element-fd60588\" data-id=\"fd60588\" data-element_type=\"column\" data-e-type=\"column\">\n\t\t\t<div class=\"elementor-widget-wrap elementor-element-populated\">\n\t\t\t\t\t\t<section class=\"elementor-section elementor-inner-section elementor-element elementor-element-32fb728a elementor-section-boxed elementor-section-height-default elementor-section-height-default\" data-id=\"32fb728a\" data-element_type=\"section\" data-e-type=\"section\">\n\t\t\t\t\t\t<div class=\"elementor-container elementor-column-gap-default\">\n\t\t\t\t\t<div class=\"elementor-column elementor-col-16 elementor-inner-column elementor-element elementor-element-2781910e\" data-id=\"2781910e\" data-element_type=\"column\" data-e-type=\"column\">\n\t\t\t<div class=\"elementor-widget-wrap elementor-element-populated\">\n\t\t\t\t\t\t<div class=\"elementor-element elementor-element-695f82f0 elementor-widget elementor-widget-image\" data-id=\"695f82f0\" data-element_type=\"widget\" data-e-type=\"widget\" data-widget_type=\"image.default\">\n\t\t\t\t<div class=\"elementor-widget-container\">\n\t\t\t\t\t\t\t\t\t\t\t\t\t\t\t<img fetchpriority=\"high\" decoding=\"async\" width=\"200\" height=\"262\" src=\"https:\/\/www.ehrab.com\/wp-content\/uploads\/2022\/08\/ehrab-symbol.png\" class=\"attachment-large size-large wp-image-5331\" alt=\"\" \/>\t\t\t\t\t\t\t\t\t\t\t\t\t\t\t<\/div>\n\t\t\t\t<\/div>\n\t\t\t\t\t<\/div>\n\t\t<\/div>\n\t\t\t\t<div class=\"elementor-column elementor-col-66 elementor-inner-column elementor-element elementor-element-31d98a1d\" data-id=\"31d98a1d\" data-element_type=\"column\" data-e-type=\"column\">\n\t\t\t<div class=\"elementor-widget-wrap elementor-element-populated\">\n\t\t\t\t\t\t\t<\/div>\n\t\t<\/div>\n\t\t\t\t<div class=\"elementor-column elementor-col-16 elementor-inner-column elementor-element elementor-element-dcdb2d\" data-id=\"dcdb2d\" data-element_type=\"column\" data-e-type=\"column\">\n\t\t\t<div class=\"elementor-widget-wrap\">\n\t\t\t\t\t\t\t<\/div>\n\t\t<\/div>\n\t\t\t\t\t<\/div>\n\t\t<\/section>\n\t\t\t\t\t<\/div>\n\t\t<\/div>\n\t\t\t\t\t<\/div>\n\t\t<\/section>\n\t\t\t\t<section class=\"elementor-section elementor-top-section elementor-element elementor-element-e584c8c elementor-section-boxed elementor-section-height-default elementor-section-height-default\" data-id=\"e584c8c\" data-element_type=\"section\" data-e-type=\"section\" data-settings=\"{&quot;background_background&quot;:&quot;classic&quot;}\">\n\t\t\t\t\t\t<div class=\"elementor-container elementor-column-gap-default\">\n\t\t\t\t\t<div class=\"elementor-column elementor-col-100 elementor-top-column elementor-element elementor-element-40fba1e\" data-id=\"40fba1e\" data-element_type=\"column\" data-e-type=\"column\">\n\t\t\t<div class=\"elementor-widget-wrap elementor-element-populated\">\n\t\t\t\t\t\t<section class=\"elementor-section elementor-inner-section elementor-element elementor-element-225a856 elementor-section-boxed elementor-section-height-default elementor-section-height-default\" data-id=\"225a856\" data-element_type=\"section\" data-e-type=\"section\">\n\t\t\t\t\t\t<div class=\"elementor-container elementor-column-gap-default\">\n\t\t\t\t\t<div class=\"elementor-column elementor-col-100 elementor-inner-column elementor-element elementor-element-f11fd1b\" data-id=\"f11fd1b\" data-element_type=\"column\" data-e-type=\"column\">\n\t\t\t<div class=\"elementor-widget-wrap elementor-element-populated\">\n\t\t\t\t\t\t<div class=\"elementor-element elementor-element-43ad546 elementor-widget elementor-widget-text-editor\" data-id=\"43ad546\" data-element_type=\"widget\" data-e-type=\"widget\" data-widget_type=\"text-editor.default\">\n\t\t\t\t<div class=\"elementor-widget-container\">\n\t\t\t\t\t\t\t\t\t<p>O notificare se efectueaz\u0103 complet anonim \u0219i trebuie s\u0103 se bazeze pe suspiciuni concrete. Nu este necesar s\u0103 ave\u021bi dovezi ale suspiciunilor dumneavoastr\u0103, dar nicio acuza\u021bie nu poate fi f\u0103cut\u0103 cu rea inten\u021bie sau cunosc\u00e2nd faptul c\u0103 este fals\u0103. Acuza\u021biile false sau r\u0103u inten\u021bionate reprezint\u0103 o infrac\u021biune grav\u0103.<\/p>\n\t\t\t\t\t\t\t\t<\/div>\n\t\t\t\t<\/div>\n\t\t\t\t<div class=\"elementor-element elementor-element-d7c7aad elementor-widget elementor-widget-text-editor\" data-id=\"d7c7aad\" data-element_type=\"widget\" data-e-type=\"widget\" data-widget_type=\"text-editor.default\">\n\t\t\t\t<div class=\"elementor-widget-container\">\n\t\t\t\t\t\t\t\t\t<p>Pentru ca o notificare s\u0103 poat\u0103 s\u0103 fie raportat\u0103, este necesar s\u0103 existe suspiciuni concrete cu privire la un eveniment, care s\u0103 \u00eendeplineasc\u0103 ambele criterii de mai jos:<\/p>\n<ul>\n<li>S\u0103 se refere la o abatere grav\u0103<\/li>\n<li>\u0218i abaterea s\u0103 fi fost comis\u0103 de o persoan\u0103 din conducerea EHRAB sau de alt\u0103 persoan\u0103 important\u0103 din companie.<\/li>\n<\/ul>\n\t\t\t\t\t\t\t\t<\/div>\n\t\t\t\t<\/div>\n\t\t\t\t<div class=\"elementor-element elementor-element-5c4134a elementor-widget elementor-widget-text-editor\" data-id=\"5c4134a\" data-element_type=\"widget\" data-e-type=\"widget\" data-widget_type=\"text-editor.default\">\n\t\t\t\t<div class=\"elementor-widget-container\">\n\t\t\t\t\t\t\t\t\t<p>O notificare care \u00eendepline\u0219te ambele criterii de mai sus se nume\u0219te, \u00een regulamentul intern al EHRAB, notificare calificat\u0103 \u0219i\/sau avertizare de integritate.<\/p>\n<p>Abaterile grave sunt definite ca:<\/p>\n<ul>\n<li>Infrac\u021biuni economice, cum ar fi mita, corup\u021bia, furtul, frauda \u0219i falsul, corup\u021bia, infrac\u021biunile contabile \u0219i alte \u00eenc\u0103lc\u0103ri ale legisla\u021biei contabile \u0219i fiscale.<\/li>\n<li>Alte abateri grave care afecteaz\u0103 interesele vitale ale EHRAB sau amenin\u021b\u0103 via\u021ba \u0219i s\u0103n\u0103tatea persoanelor, cum ar fi, de exemplu, infrac\u021biuni grave \u00eempotriva mediului, deficien\u021be majore \u00een ceea ce prive\u0219te siguran\u021ba la locul de munc\u0103 \u0219i forme foarte grave de discriminare \u0219i h\u0103r\u021buire.<\/li>\n<\/ul>\n\t\t\t\t\t\t\t\t<\/div>\n\t\t\t\t<\/div>\n\t\t\t\t<div class=\"elementor-element elementor-element-aa39df2 elementor-widget elementor-widget-text-editor\" data-id=\"aa39df2\" data-element_type=\"widget\" data-e-type=\"widget\" data-widget_type=\"text-editor.default\">\n\t\t\t\t<div class=\"elementor-widget-container\">\n\t\t\t\t\t\t\t\t\t<p>Prin conducerea \u0219i\/sau alte persoane importante al societ\u0103\u021bii se face referire la urm\u0103toarele persoane:<\/p>\n<ul>\n<li>Directorul Executiv al EHRAB Holding AB<\/li>\n<li>Membrii conducerii EHRAB Holding AB<\/li>\n<li>Directorul Executiv al companiilor-fiic\u0103 relevante ale EHRAB Holding AB<\/li>\n<li>Membrii conducerii companiilor-fiic\u0103 relevante ale EHRAB Holding AB<\/li>\n<li>Reprezentantul HR<\/li>\n<\/ul>\n\t\t\t\t\t\t\t\t<\/div>\n\t\t\t\t<\/div>\n\t\t\t\t<div class=\"elementor-element elementor-element-b382b3c elementor-widget elementor-widget-text-editor\" data-id=\"b382b3c\" data-element_type=\"widget\" data-e-type=\"widget\" data-widget_type=\"text-editor.default\">\n\t\t\t\t<div class=\"elementor-widget-container\">\n\t\t\t\t\t\t\t\t\t<p><strong>CE NU TREBUIE RAPORTAT?<\/strong><\/p>\n<p>Alte tipuri de cazuri dec\u00e2t cele enumerate mai sus trebuie tratate prin notificarea superiorului direct sau a altui superior din punct de vedere organiza\u021bional, care ocup\u0103 o func\u021bie de conducere. Ca alternativ\u0103, prin func\u021bia noastr\u0103 Feedback.<\/p>\n<p>Printre aspectele care <span style=\"text-decoration: underline;\">nu<\/span> trebuie s\u0103 fie gestionate prin avertizare de integritate se num\u0103r\u0103:<\/p>\n<ul>\n<li>Evenimente care nu constituie abateri grave, astfel cum sunt definite mai sus, cum ar fi nemul\u021bumirea general\u0103 cu privire la modul \u00een care este condus\u0103 \u00eentreprinderea sau cu privire la conducere, salarizarea sau alte aspecte legate de personal.<\/li>\n<li>Abateri grave comise de persoane care nu fac parte din conducerea EHRAB sau care nu sunt persoane importante \u00een cadrul companiei, astfel cum sunt definite mai sus.<\/li>\n<\/ul>\n\t\t\t\t\t\t\t\t<\/div>\n\t\t\t\t<\/div>\n\t\t\t\t<div class=\"elementor-element elementor-element-178ae6a elementor-widget elementor-widget-text-editor\" data-id=\"178ae6a\" data-element_type=\"widget\" data-e-type=\"widget\" data-widget_type=\"text-editor.default\">\n\t\t\t\t<div class=\"elementor-widget-container\">\n\t\t\t\t\t\t\t\t\t<p>O notificare care nu \u00eendepline\u0219te criteriile aferente unei notific\u0103ri din sistemul de avertizare de integritate de mai sus se nume\u0219te, \u00een regulamentul intern al EHRAB, notificare necalificat\u0103. O notificare necalificat\u0103 nu va fi tratat\u0103 ca avertizare de integritate. Dac\u0103 depune\u021bi o notificare necalificat\u0103, ve\u021bi fi informat despre acest lucru (dac\u0103 a\u021bi oferit feedback), iar notificarea va fi \u0219tears\u0103 \u00een termen de trei s\u0103pt\u0103m\u00e2ni.<\/p>\n\t\t\t\t\t\t\t\t<\/div>\n\t\t\t\t<\/div>\n\t\t\t\t<div class=\"elementor-element elementor-element-bae793d elementor-widget elementor-widget-button\" data-id=\"bae793d\" data-element_type=\"widget\" data-e-type=\"widget\" data-widget_type=\"button.default\">\n\t\t\t\t<div class=\"elementor-widget-container\">\n\t\t\t\t\t\t\t\t\t<div class=\"elementor-button-wrapper\">\n\t\t\t\t\t<a class=\"elementor-button elementor-button-link elementor-size-sm elementor-animation-pop\" href=\"https:\/\/www.ehrab.com\/hur-gors-en-anmalan\/\">\n\t\t\t\t\t\t<span class=\"elementor-button-content-wrapper\">\n\t\t\t\t\t\t\t\t\t<span class=\"elementor-button-text\">Continua\u021bi la notificare <\/span>\n\t\t\t\t\t<\/span>\n\t\t\t\t\t<\/a>\n\t\t\t\t<\/div>\n\t\t\t\t\t\t\t\t<\/div>\n\t\t\t\t<\/div>\n\t\t\t\t\t<\/div>\n\t\t<\/div>\n\t\t\t\t\t<\/div>\n\t\t<\/section>\n\t\t\t\t\t<\/div>\n\t\t<\/div>\n\t\t\t\t\t<\/div>\n\t\t<\/section>\n\t\t\t\t<\/div>\n\t\t","protected":false},"excerpt":{"rendered":"<p>O notificare se efectueaz\u0103 complet anonim \u0219i trebuie s\u0103 se bazeze pe suspiciuni concrete. Nu este necesar s\u0103 ave\u021bi dovezi ale suspiciunilor dumneavoastr\u0103, dar nicio acuza\u021bie nu poate fi f\u0103cut\u0103 cu rea inten\u021bie sau cunosc\u00e2nd faptul c\u0103 este fals\u0103. Acuza\u021biile false sau r\u0103u inten\u021bionate reprezint\u0103 o infrac\u021biune grav\u0103. Pentru ca o notificare s\u0103 poat\u0103 s\u0103 [&hellip;]<\/p>\n","protected":false},"author":6,"featured_media":0,"parent":0,"menu_order":0,"comment_status":"closed","ping_status":"closed","template":"","meta":{"_themeisle_gutenberg_block_has_review":false,"footnotes":""},"class_list":["post-7132","page","type-page","status-publish","hentry"],"_links":{"self":[{"href":"https:\/\/www.ehrab.com\/ro\/wp-json\/wp\/v2\/pages\/7132","targetHints":{"allow":["GET"]}}],"collection":[{"href":"https:\/\/www.ehrab.com\/ro\/wp-json\/wp\/v2\/pages"}],"about":[{"href":"https:\/\/www.ehrab.com\/ro\/wp-json\/wp\/v2\/types\/page"}],"author":[{"embeddable":true,"href":"https:\/\/www.ehrab.com\/ro\/wp-json\/wp\/v2\/users\/6"}],"replies":[{"embeddable":true,"href":"https:\/\/www.ehrab.com\/ro\/wp-json\/wp\/v2\/comments?post=7132"}],"version-history":[{"count":1,"href":"https:\/\/www.ehrab.com\/ro\/wp-json\/wp\/v2\/pages\/7132\/revisions"}],"predecessor-version":[{"id":7133,"href":"https:\/\/www.ehrab.com\/ro\/wp-json\/wp\/v2\/pages\/7132\/revisions\/7133"}],"wp:attachment":[{"href":"https:\/\/www.ehrab.com\/ro\/wp-json\/wp\/v2\/media?parent=7132"}],"curies":[{"name":"wp","href":"https:\/\/api.w.org\/{rel}","templated":true}]}}