{"id":6099,"date":"2022-12-09T14:29:42","date_gmt":"2022-12-09T14:29:42","guid":{"rendered":"https:\/\/ehrab.stg.geckodoit.com\/sanatate-si-securitate-la-locul-de-munca\/"},"modified":"2022-12-13T09:53:42","modified_gmt":"2022-12-13T09:53:42","slug":"sanatate-si-securitate-la-locul-de-munca","status":"publish","type":"page","link":"https:\/\/www.ehrab.com\/ro\/sanatate-si-securitate-la-locul-de-munca\/","title":{"rendered":"S\u0103n\u0103tate \u0219i securitate la locul de munc\u0103"},"content":{"rendered":"\t\t<div data-elementor-type=\"wp-page\" data-elementor-id=\"6099\" class=\"elementor elementor-6099 elementor-3894\" data-elementor-post-type=\"page\">\n\t\t\t\t\t\t<section class=\"elementor-section elementor-top-section elementor-element elementor-element-de4d7b1 elementor-section-height-min-height elementor-section-boxed elementor-section-height-default elementor-section-items-middle\" data-id=\"de4d7b1\" data-element_type=\"section\" data-e-type=\"section\" data-settings=\"{&quot;background_background&quot;:&quot;video&quot;,&quot;background_video_link&quot;:&quot;https:\\\/\\\/www.ehrab.com\\\/\\\/wp-content\\\/uploads\\\/2022\\\/08\\\/ehrab_video_bg_1080p__4300kbps_bitrate.mp4&quot;,&quot;shape_divider_bottom&quot;:&quot;tilt&quot;,&quot;background_play_on_mobile&quot;:&quot;yes&quot;}\">\n\t\t\t\t\t\t\t\t<div class=\"elementor-background-video-container\">\n\t\t\t\t\t\t\t\t\t\t\t\t\t<video class=\"elementor-background-video-hosted\" role=\"presentation\" autoplay muted playsinline loop><\/video>\n\t\t\t\t\t\t\t\t\t\t\t<\/div>\n\t\t\t\t\t\t\t\t\t<div class=\"elementor-background-overlay\"><\/div>\n\t\t\t\t\t\t<div class=\"elementor-shape elementor-shape-bottom\" aria-hidden=\"true\" data-negative=\"false\">\n\t\t\t<svg xmlns=\"http:\/\/www.w3.org\/2000\/svg\" viewBox=\"0 0 1000 100\" preserveAspectRatio=\"none\">\n\t<path class=\"elementor-shape-fill\" d=\"M0,6V0h1000v100L0,6z\"\/>\n<\/svg>\t\t<\/div>\n\t\t\t\t\t<div class=\"elementor-container elementor-column-gap-default\">\n\t\t\t\t\t<div class=\"elementor-column elementor-col-100 elementor-top-column elementor-element elementor-element-19f4579\" data-id=\"19f4579\" data-element_type=\"column\" data-e-type=\"column\">\n\t\t\t<div class=\"elementor-widget-wrap elementor-element-populated\">\n\t\t\t\t\t\t<section class=\"elementor-section elementor-inner-section elementor-element elementor-element-54181c4 elementor-section-boxed elementor-section-height-default elementor-section-height-default\" data-id=\"54181c4\" data-element_type=\"section\" data-e-type=\"section\">\n\t\t\t\t\t\t<div class=\"elementor-container elementor-column-gap-default\">\n\t\t\t\t\t<div class=\"elementor-column elementor-col-50 elementor-inner-column elementor-element elementor-element-f2deb7c\" data-id=\"f2deb7c\" data-element_type=\"column\" data-e-type=\"column\">\n\t\t\t<div class=\"elementor-widget-wrap elementor-element-populated\">\n\t\t\t\t\t\t<div class=\"elementor-element elementor-element-456d34a elementor-widget elementor-widget-image\" data-id=\"456d34a\" data-element_type=\"widget\" data-e-type=\"widget\" data-widget_type=\"image.default\">\n\t\t\t\t<div class=\"elementor-widget-container\">\n\t\t\t\t\t\t\t\t\t\t\t\t\t\t\t<img fetchpriority=\"high\" decoding=\"async\" width=\"200\" height=\"262\" src=\"https:\/\/www.ehrab.com\/wp-content\/uploads\/2022\/08\/ehrab-symbol.png\" class=\"attachment-large size-large wp-image-5331\" alt=\"\" \/>\t\t\t\t\t\t\t\t\t\t\t\t\t\t\t<\/div>\n\t\t\t\t<\/div>\n\t\t\t\t\t<\/div>\n\t\t<\/div>\n\t\t\t\t<div class=\"elementor-column elementor-col-50 elementor-inner-column elementor-element elementor-element-0496d8d\" data-id=\"0496d8d\" data-element_type=\"column\" data-e-type=\"column\">\n\t\t\t<div class=\"elementor-widget-wrap elementor-element-populated\">\n\t\t\t\t\t\t<div class=\"elementor-element elementor-element-aabe90f elementor-widget elementor-widget-heading\" data-id=\"aabe90f\" data-element_type=\"widget\" data-e-type=\"widget\" data-widget_type=\"heading.default\">\n\t\t\t\t<div class=\"elementor-widget-container\">\n\t\t\t\t\t<h1 class=\"elementor-heading-title elementor-size-default\">\u00cen primul r\u00e2nd, regulile de s\u0103n\u0103tate \u0219i securitate la locul de munc\u0103\n<\/h1>\t\t\t\t<\/div>\n\t\t\t\t<\/div>\n\t\t\t\t\t<\/div>\n\t\t<\/div>\n\t\t\t\t\t<\/div>\n\t\t<\/section>\n\t\t\t\t\t<\/div>\n\t\t<\/div>\n\t\t\t\t\t<\/div>\n\t\t<\/section>\n\t\t\t\t<section class=\"elementor-section elementor-top-section elementor-element elementor-element-85a9f65 elementor-section-boxed elementor-section-height-default elementor-section-height-default\" data-id=\"85a9f65\" data-element_type=\"section\" data-e-type=\"section\" data-settings=\"{&quot;background_background&quot;:&quot;classic&quot;}\">\n\t\t\t\t\t\t\t<div class=\"elementor-background-overlay\"><\/div>\n\t\t\t\t\t\t\t<div class=\"elementor-container elementor-column-gap-no\">\n\t\t\t\t\t<div class=\"elementor-column elementor-col-100 elementor-top-column elementor-element elementor-element-458e3ef\" data-id=\"458e3ef\" data-element_type=\"column\" data-e-type=\"column\">\n\t\t\t<div class=\"elementor-widget-wrap elementor-element-populated\">\n\t\t\t\t\t\t<section class=\"elementor-section elementor-inner-section elementor-element elementor-element-dacddd0 elementor-section-boxed elementor-section-height-default elementor-section-height-default\" data-id=\"dacddd0\" data-element_type=\"section\" data-e-type=\"section\">\n\t\t\t\t\t\t<div class=\"elementor-container elementor-column-gap-default\">\n\t\t\t\t\t<div class=\"elementor-column elementor-col-100 elementor-inner-column elementor-element elementor-element-4cf9c3d\" data-id=\"4cf9c3d\" data-element_type=\"column\" data-e-type=\"column\">\n\t\t\t<div class=\"elementor-widget-wrap elementor-element-populated\">\n\t\t\t\t\t\t<div class=\"elementor-element elementor-element-b0b9762 elementor-widget elementor-widget-text-editor\" data-id=\"b0b9762\" data-element_type=\"widget\" data-e-type=\"widget\" data-widget_type=\"text-editor.default\">\n\t\t\t\t<div class=\"elementor-widget-container\">\n\t\t\t\t\t\t\t\t\t<p>Pentru compania EHRAB, problemele legate de s\u0103n\u0103tate \u0219i securitate la locul de munc\u0103 \u0219i protec\u021bia mediului au importan\u021ba prioritar\u0103. Suntem un partener serios \u0219i, prin urmare, este evident c\u0103 angaja\u021bii no\u0219tri urmeaz\u0103 preg\u0103tirea necesar\u0103 pentru munca pe care o execut\u0103. Aceasta este o regul\u0103 fundamental\u0103 \u00een procesul de furnizare a angaja\u021bilor \u00een conformitate cu principiile dezvolt\u0103rii durabile. <\/p>\n\t\t\t\t\t\t\t\t<\/div>\n\t\t\t\t<\/div>\n\t\t\t\t<div class=\"elementor-element elementor-element-6d6a2f9 elementor-widget elementor-widget-text-editor\" data-id=\"6d6a2f9\" data-element_type=\"widget\" data-e-type=\"widget\" data-widget_type=\"text-editor.default\">\n\t\t\t\t<div class=\"elementor-widget-container\">\n\t\t\t\t\t\t\t\t\t<p>To\u021bi angaja\u021bii no\u0219tri sunt instrui\u021bi \u00een domeniul SSM pentru a men\u021bine un nivel ridicat de siguran\u021b\u0103 a personalului. Pur \u0219i simplu potrivim cerin\u021bele de instruire ale clien\u021bilor no\u0219tri la proiecte individuale \u0219i verific\u0103m dac\u0103 angaja\u021bii no\u0219tri au certificatele corespunz\u0103toare. \u00cen acest fel, atunci c\u00e2nd compania noastr\u0103 prime\u0219te sarcina de a g\u0103si angaja\u021bi pentru un \u0219antier, putem prezenta \u00eentotdeauna o list\u0103 de cursuri de formare la care a participat angajatul respectiv. Astfel, clientul nostru poate fi sigur c\u0103 personalul de pe \u0219antier a primit o preg\u0103tire adecvat\u0103 \u00een domeniul securit\u0103\u021bii muncii \u0219i este familiarizat cu reglement\u0103rile suedeze privind mediul de lucru.&nbsp;<\/p>\n<p>Marea majoritate a cursurilor de formare sunt organizate de propria noastr\u0103 \u0219coal\u0103, adic\u0103 \u0219coala EHRAB. Exemple de cursuri de instruire pe care le oferim sunt: ridicarea \u00een siguran\u021b\u0103, instalarea schelelor, lucr\u0103rile la cald \u0219i lucr\u0103rile de construc\u021bie \u00een condi\u021bii de siguran\u021b\u0103. Dac\u0103 angaja\u021bii no\u0219tri trebuie s\u0103 urmeze cursuri de formare pe care nu-Ie putem asigura \u00een cadrul companiei noastre, angaj\u0103m instructorii externi. Exemple de cursuri de formare externe includ aspecte precum: lucr\u0103ri rutiere, ascensoare sau securitatea electric\u0103.<\/p>\n<p>Am \u00eenfiin\u021bat \u0219coala EHRAB pentru a ne asigura c\u0103 angaja\u021bii no\u0219tri primesc preg\u0103tirea necesar\u0103 \u00een domeniul SSM \u0219i astfel am creat o contrabalansare pentru toate agen\u021biile de ocupare a for\u021bei de munc\u0103 din ramura construc\u021biilor care nu iau \u00een serios formarea \u00een domeniul SSM, \u00een\u0219eal\u0103 la eliberarea certificatelor \u0219i instruirea angaja\u021bilor.<\/p>\n<p>\u0218tim c\u0103 muncitorii no\u0219tri \u00een construc\u021bii, instrui\u021bi, \u0219i politica serioas\u0103 pe care o practic\u0103m \u00een problemele de siguran\u021b\u0103, nu numai c\u0103 reprezint\u0103 o mare valoare pentru angaja\u021bii \u0219i clien\u021bii no\u0219tri, ci \u0219i, \u00een general, constituie o mare valoare pentru \u00eentreaga ramur\u0103 a construc\u021biilor.<\/p>\n<p>Am desemnat o persoan\u0103 responsabil\u0103 cu problemele de s\u0103n\u0103tate \u0219i securitate la locul de munc\u0103 \u00een compania noastr\u0103 pentru a ne asigura c\u0103 clien\u021bii no\u0219tri \u00eendeplinesc, de asemenea, cerin\u021bele referitor la un mediu de lucru sigur. Sarcinile acestei persoane includ, printre altele, efectuarea permanent\u0103 a testelor \u0219i inspec\u021biilor pe \u0219antierele unde lucreaz\u0103 angaja\u021bii no\u0219tri.<\/p>\t\t\t\t\t\t\t\t<\/div>\n\t\t\t\t<\/div>\n\t\t\t\t\t<\/div>\n\t\t<\/div>\n\t\t\t\t\t<\/div>\n\t\t<\/section>\n\t\t\t\t<div class=\"elementor-element elementor-element-f7ee84c elementor-widget elementor-widget-eael-creative-button\" data-id=\"f7ee84c\" data-element_type=\"widget\" data-e-type=\"widget\" data-widget_type=\"eael-creative-button.default\">\n\t\t\t\t<div class=\"elementor-widget-container\">\n\t\t\t\t\t        <div class=\"eael-creative-button-wrapper\">\n\n            <a class=\"eael-creative-button eael-creative-button--shikoba eael-cb-icon-position-right\" href=\"https:\/\/www.ehrab.com\/\/kontakt\/\" data-text=\"\">\n            \t    \n                <div class=\"creative-button-inner\">\n\n                    \n                    <span class=\"cretive-button-text\">Contacta\u021bi-ne pentru a afla mai multe.<\/span>\n\n                                            <span class=\"eael-creative-button-icon-right\"><i aria-hidden=\"true\" class=\"fas fa-long-arrow-alt-right\"><\/i><\/span>                                    <\/div>\n\t                        <\/a>\n        <\/div>\n        \t\t\t\t<\/div>\n\t\t\t\t<\/div>\n\t\t\t\t\t<\/div>\n\t\t<\/div>\n\t\t\t\t\t<\/div>\n\t\t<\/section>\n\t\t\t\t<section class=\"elementor-section elementor-top-section elementor-element elementor-element-8a679a3 elementor-section-full_width elementor-section-height-default elementor-section-height-default\" data-id=\"8a679a3\" data-element_type=\"section\" data-e-type=\"section\">\n\t\t\t\t\t\t<div class=\"elementor-container elementor-column-gap-no\">\n\t\t\t\t\t<div class=\"elementor-column elementor-col-100 elementor-top-column elementor-element elementor-element-682db41\" data-id=\"682db41\" data-element_type=\"column\" data-e-type=\"column\">\n\t\t\t<div class=\"elementor-widget-wrap elementor-element-populated\">\n\t\t\t\t\t\t<div class=\"elementor-element elementor-element-9f820f0 elementor-widget elementor-widget-template\" data-id=\"9f820f0\" data-element_type=\"widget\" data-e-type=\"widget\" data-widget_type=\"template.default\">\n\t\t\t\t<div class=\"elementor-widget-container\">\n\t\t\t\t\t\t\t<div class=\"elementor-template\">\n\t\t\t\t\t<div data-elementor-type=\"section\" data-elementor-id=\"1578\" class=\"elementor elementor-1578\" data-elementor-post-type=\"elementor_library\">\n\t\t\t\t\t<section class=\"elementor-section elementor-top-section elementor-element elementor-element-264a7b4 elementor-section-boxed elementor-section-height-default elementor-section-height-default\" data-id=\"264a7b4\" data-element_type=\"section\" data-e-type=\"section\" data-settings=\"{&quot;background_background&quot;:&quot;classic&quot;}\">\n\t\t\t\t\t\t<div class=\"elementor-container elementor-column-gap-default\">\n\t\t\t\t\t<div class=\"elementor-column elementor-col-100 elementor-top-column elementor-element elementor-element-518037d9\" data-id=\"518037d9\" data-element_type=\"column\" data-e-type=\"column\">\n\t\t\t<div class=\"elementor-widget-wrap elementor-element-populated\">\n\t\t\t\t\t\t<div class=\"elementor-element elementor-element-ab62584 elementor-invisible elementor-widget elementor-widget-image\" data-id=\"ab62584\" data-element_type=\"widget\" data-e-type=\"widget\" data-settings=\"{&quot;_animation&quot;:&quot;fadeInDown&quot;}\" data-widget_type=\"image.default\">\n\t\t\t\t<div class=\"elementor-widget-container\">\n\t\t\t\t\t\t\t\t\t\t\t\t\t\t\t<img decoding=\"async\" width=\"1067\" height=\"62\" src=\"https:\/\/www.ehrab.com\/wp-content\/uploads\/2022\/09\/ehrab-byline.png\" class=\"attachment-full size-full wp-image-2839\" alt=\"\" srcset=\"https:\/\/www.ehrab.com\/wp-content\/uploads\/2022\/09\/ehrab-byline.png 1067w, https:\/\/www.ehrab.com\/wp-content\/uploads\/2022\/09\/ehrab-byline-300x17.png 300w, https:\/\/www.ehrab.com\/wp-content\/uploads\/2022\/09\/ehrab-byline-1024x60.png 1024w, https:\/\/www.ehrab.com\/wp-content\/uploads\/2022\/09\/ehrab-byline-768x45.png 768w\" sizes=\"(max-width: 1067px) 100vw, 1067px\" \/>\t\t\t\t\t\t\t\t\t\t\t\t\t\t\t<\/div>\n\t\t\t\t<\/div>\n\t\t\t\t\t<\/div>\n\t\t<\/div>\n\t\t\t\t\t<\/div>\n\t\t<\/section>\n\t\t\t\t<\/div>\n\t\t\t\t<\/div>\n\t\t\t\t\t\t<\/div>\n\t\t\t\t<\/div>\n\t\t\t\t\t<\/div>\n\t\t<\/div>\n\t\t\t\t\t<\/div>\n\t\t<\/section>\n\t\t\t\t<\/div>\n\t\t","protected":false},"excerpt":{"rendered":"<p>\u00cen primul r\u00e2nd, regulile de s\u0103n\u0103tate \u0219i securitate la locul de munc\u0103 Pentru compania EHRAB, problemele legate de s\u0103n\u0103tate \u0219i securitate la locul de munc\u0103 \u0219i protec\u021bia mediului au importan\u021ba prioritar\u0103. Suntem un partener serios \u0219i, prin urmare, este evident c\u0103 angaja\u021bii no\u0219tri urmeaz\u0103 preg\u0103tirea necesar\u0103 pentru munca pe care o execut\u0103. Aceasta este o [&hellip;]<\/p>\n","protected":false},"author":6,"featured_media":0,"parent":0,"menu_order":0,"comment_status":"closed","ping_status":"closed","template":"","meta":{"_themeisle_gutenberg_block_has_review":false,"footnotes":""},"class_list":["post-6099","page","type-page","status-publish","hentry"],"_links":{"self":[{"href":"https:\/\/www.ehrab.com\/ro\/wp-json\/wp\/v2\/pages\/6099","targetHints":{"allow":["GET"]}}],"collection":[{"href":"https:\/\/www.ehrab.com\/ro\/wp-json\/wp\/v2\/pages"}],"about":[{"href":"https:\/\/www.ehrab.com\/ro\/wp-json\/wp\/v2\/types\/page"}],"author":[{"embeddable":true,"href":"https:\/\/www.ehrab.com\/ro\/wp-json\/wp\/v2\/users\/6"}],"replies":[{"embeddable":true,"href":"https:\/\/www.ehrab.com\/ro\/wp-json\/wp\/v2\/comments?post=6099"}],"version-history":[{"count":5,"href":"https:\/\/www.ehrab.com\/ro\/wp-json\/wp\/v2\/pages\/6099\/revisions"}],"predecessor-version":[{"id":6371,"href":"https:\/\/www.ehrab.com\/ro\/wp-json\/wp\/v2\/pages\/6099\/revisions\/6371"}],"wp:attachment":[{"href":"https:\/\/www.ehrab.com\/ro\/wp-json\/wp\/v2\/media?parent=6099"}],"curies":[{"name":"wp","href":"https:\/\/api.w.org\/{rel}","templated":true}]}}