{"id":5574,"date":"2022-12-05T10:10:57","date_gmt":"2022-12-05T10:10:57","guid":{"rendered":"https:\/\/ehrab.stg.geckodoit.com\/legea-cu-privire-la-responsabilitatea-contractantului\/"},"modified":"2022-12-07T08:35:34","modified_gmt":"2022-12-07T08:35:34","slug":"legea-cu-privire-la-responsabilitatea-contractantului","status":"publish","type":"page","link":"https:\/\/www.ehrab.com\/ro\/legea-cu-privire-la-responsabilitatea-contractantului\/","title":{"rendered":"Legea cu privire la responsabilitatea contractantului"},"content":{"rendered":"\t\t<div data-elementor-type=\"wp-page\" data-elementor-id=\"5574\" class=\"elementor elementor-5574 elementor-1791\" data-elementor-post-type=\"page\">\n\t\t\t\t\t\t<section class=\"elementor-section elementor-top-section elementor-element elementor-element-de4d7b1 elementor-section-height-min-height elementor-section-boxed elementor-section-height-default elementor-section-items-middle\" data-id=\"de4d7b1\" data-element_type=\"section\" data-e-type=\"section\" data-settings=\"{&quot;background_background&quot;:&quot;video&quot;,&quot;background_video_link&quot;:&quot;https:\\\/\\\/www.ehrab.com\\\/\\\/wp-content\\\/uploads\\\/2022\\\/08\\\/ehrab_video_bg_1080p__4300kbps_bitrate.mp4&quot;,&quot;shape_divider_bottom&quot;:&quot;tilt&quot;,&quot;background_play_on_mobile&quot;:&quot;yes&quot;}\">\n\t\t\t\t\t\t\t\t<div class=\"elementor-background-video-container\">\n\t\t\t\t\t\t\t\t\t\t\t\t\t<video class=\"elementor-background-video-hosted\" role=\"presentation\" autoplay muted playsinline loop><\/video>\n\t\t\t\t\t\t\t\t\t\t\t<\/div>\n\t\t\t\t\t\t\t\t\t<div class=\"elementor-background-overlay\"><\/div>\n\t\t\t\t\t\t<div class=\"elementor-shape elementor-shape-bottom\" aria-hidden=\"true\" data-negative=\"false\">\n\t\t\t<svg xmlns=\"http:\/\/www.w3.org\/2000\/svg\" viewBox=\"0 0 1000 100\" preserveAspectRatio=\"none\">\n\t<path class=\"elementor-shape-fill\" d=\"M0,6V0h1000v100L0,6z\"\/>\n<\/svg>\t\t<\/div>\n\t\t\t\t\t<div class=\"elementor-container elementor-column-gap-default\">\n\t\t\t\t\t<div class=\"elementor-column elementor-col-100 elementor-top-column elementor-element elementor-element-19f4579\" data-id=\"19f4579\" data-element_type=\"column\" data-e-type=\"column\">\n\t\t\t<div class=\"elementor-widget-wrap elementor-element-populated\">\n\t\t\t\t\t\t<section class=\"elementor-section elementor-inner-section elementor-element elementor-element-54181c4 elementor-section-boxed elementor-section-height-default elementor-section-height-default\" data-id=\"54181c4\" data-element_type=\"section\" data-e-type=\"section\">\n\t\t\t\t\t\t<div class=\"elementor-container elementor-column-gap-default\">\n\t\t\t\t\t<div class=\"elementor-column elementor-col-16 elementor-inner-column elementor-element elementor-element-f2deb7c\" data-id=\"f2deb7c\" data-element_type=\"column\" data-e-type=\"column\">\n\t\t\t<div class=\"elementor-widget-wrap elementor-element-populated\">\n\t\t\t\t\t\t<div class=\"elementor-element elementor-element-456d34a elementor-widget elementor-widget-image\" data-id=\"456d34a\" data-element_type=\"widget\" data-e-type=\"widget\" data-widget_type=\"image.default\">\n\t\t\t\t<div class=\"elementor-widget-container\">\n\t\t\t\t\t\t\t\t\t\t\t\t\t\t\t<img fetchpriority=\"high\" decoding=\"async\" width=\"200\" height=\"262\" src=\"https:\/\/www.ehrab.com\/wp-content\/uploads\/2022\/08\/ehrab-symbol.png\" class=\"attachment-large size-large wp-image-5331\" alt=\"\" \/>\t\t\t\t\t\t\t\t\t\t\t\t\t\t\t<\/div>\n\t\t\t\t<\/div>\n\t\t\t\t\t<\/div>\n\t\t<\/div>\n\t\t\t\t<div class=\"elementor-column elementor-col-66 elementor-inner-column elementor-element elementor-element-0496d8d\" data-id=\"0496d8d\" data-element_type=\"column\" data-e-type=\"column\">\n\t\t\t<div class=\"elementor-widget-wrap elementor-element-populated\">\n\t\t\t\t\t\t<div class=\"elementor-element elementor-element-aabe90f elementor-widget elementor-widget-heading\" data-id=\"aabe90f\" data-element_type=\"widget\" data-e-type=\"widget\" data-widget_type=\"heading.default\">\n\t\t\t\t<div class=\"elementor-widget-container\">\n\t\t\t\t\t<h1 class=\"elementor-heading-title elementor-size-default\">Ce aplica\u021bii are legea \u00een vigoare<\/h1>\t\t\t\t<\/div>\n\t\t\t\t<\/div>\n\t\t\t\t\t<\/div>\n\t\t<\/div>\n\t\t\t\t<div class=\"elementor-column elementor-col-16 elementor-inner-column elementor-element elementor-element-ec6cb5e\" data-id=\"ec6cb5e\" data-element_type=\"column\" data-e-type=\"column\">\n\t\t\t<div class=\"elementor-widget-wrap\">\n\t\t\t\t\t\t\t<\/div>\n\t\t<\/div>\n\t\t\t\t\t<\/div>\n\t\t<\/section>\n\t\t\t\t\t<\/div>\n\t\t<\/div>\n\t\t\t\t\t<\/div>\n\t\t<\/section>\n\t\t\t\t<section class=\"elementor-section elementor-top-section elementor-element elementor-element-85a9f65 elementor-section-boxed elementor-section-height-default elementor-section-height-default\" data-id=\"85a9f65\" data-element_type=\"section\" data-e-type=\"section\" data-settings=\"{&quot;background_background&quot;:&quot;classic&quot;}\">\n\t\t\t\t\t\t<div class=\"elementor-container elementor-column-gap-default\">\n\t\t\t\t\t<div class=\"elementor-column elementor-col-100 elementor-top-column elementor-element elementor-element-458e3ef\" data-id=\"458e3ef\" data-element_type=\"column\" data-e-type=\"column\">\n\t\t\t<div class=\"elementor-widget-wrap elementor-element-populated\">\n\t\t\t\t\t\t<section class=\"elementor-section elementor-inner-section elementor-element elementor-element-411a968 elementor-section-boxed elementor-section-height-default elementor-section-height-default\" data-id=\"411a968\" data-element_type=\"section\" data-e-type=\"section\">\n\t\t\t\t\t\t<div class=\"elementor-container elementor-column-gap-default\">\n\t\t\t\t\t<div class=\"elementor-column elementor-col-50 elementor-inner-column elementor-element elementor-element-cb3ad0d\" data-id=\"cb3ad0d\" data-element_type=\"column\" data-e-type=\"column\">\n\t\t\t<div class=\"elementor-widget-wrap elementor-element-populated\">\n\t\t\t\t\t\t<div class=\"elementor-element elementor-element-eab46d5 elementor-widget elementor-widget-text-editor\" data-id=\"eab46d5\" data-element_type=\"widget\" data-e-type=\"widget\" data-widget_type=\"text-editor.default\">\n\t\t\t\t<div class=\"elementor-widget-container\">\n\t\t\t\t\t\t\t\t\t<p>Legea privind responsabilitatea contractantului prevede c\u0103 un muncitor \u00een construc\u021bii care nu prime\u0219te remunera\u021bia, poate primi salariul de la compania care l-a \u00eenchiriat pe angajatorul acestuia. Dac\u0103 angajatorul nu pl\u0103te\u0219te salariul, angajatul are op\u021biunea de a se adresa antreprenorului de grad superior. \u00cen cazul \u00een care \u0219i acest antreprenor nu poate achita datoria, responsabilitatea pentru plata remunera\u021biei se transfer\u0103 la antreprenorul principal. <\/p>\n<p>Aplic\u00e2nd o solu\u021bie eficient\u0103 \u00een ceea ce prive\u0219te gestionarea resurselor umane, pute\u021bi evita riscul datoriei subcontractan\u021bilor referitor la salarizare.<\/p>\n<p>Prin introducerea unei solu\u021bii de management HR, apropiate de regulile valabile la subcontractarea cu asigurarea echipelor complete, pute\u021bi evita riscurile inutile \u0219i s\u0103 ob\u021bine\u021bi un subcontractant care nu \u00een\u0219eal\u0103 la plata taxelor, nu ignor\u0103 problemele de securitate \u0219i pl\u0103te\u0219te angaja\u021bii s\u0103i \u00een mod onest.<\/p>\n<p>Afla\u021bi mai multe despre Legea privind responsabilitatea contractantului desc\u0103rc\u00e2nd fi\u0219ierul PDF aici. <\/p>\n\t\t\t\t\t\t\t\t<\/div>\n\t\t\t\t<\/div>\n\t\t\t\t\t<\/div>\n\t\t<\/div>\n\t\t\t\t<div class=\"elementor-column elementor-col-50 elementor-inner-column elementor-element elementor-element-a0571d2\" data-id=\"a0571d2\" data-element_type=\"column\" data-e-type=\"column\">\n\t\t\t<div class=\"elementor-widget-wrap elementor-element-populated\">\n\t\t\t\t\t\t<div class=\"elementor-element elementor-element-7abeac6 elementor-widget elementor-widget-video\" data-id=\"7abeac6\" data-element_type=\"widget\" data-e-type=\"widget\" data-settings=\"{&quot;youtube_url&quot;:&quot;https:\\\/\\\/youtu.be\\\/gvscRjEXLlo?list=TLGG3IazJeJcG8wyMDA5MjAyMg&quot;,&quot;video_type&quot;:&quot;youtube&quot;,&quot;controls&quot;:&quot;yes&quot;}\" data-widget_type=\"video.default\">\n\t\t\t\t<div class=\"elementor-widget-container\">\n\t\t\t\t\t\t\t<div class=\"elementor-wrapper elementor-open-inline\">\n\t\t\t<div class=\"elementor-video\"><\/div>\t\t<\/div>\n\t\t\t\t\t\t<\/div>\n\t\t\t\t<\/div>\n\t\t\t\t<div class=\"elementor-element elementor-element-1ccd589 elementor-widget elementor-widget-eael-creative-button\" data-id=\"1ccd589\" data-element_type=\"widget\" data-e-type=\"widget\" data-widget_type=\"eael-creative-button.default\">\n\t\t\t\t<div class=\"elementor-widget-container\">\n\t\t\t\t\t        <div class=\"eael-creative-button-wrapper\">\n\n            <a class=\"eael-creative-button eael-creative-button--shikoba eael-cb-icon-position-right\" href=\"#elementor-action%3Aaction%3Dpopup%3Aopen%26settings%3DeyJpZCI6IjM0NzAiLCJ0b2dnbGUiOmZhbHNlfQ%3D%3D\" data-text=\"\">\n            \t    \n                <div class=\"creative-button-inner\">\n\n                    \n                    <span class=\"cretive-button-text\">Desc\u0103rca\u021bi fi\u0219ierul PDF<\/span>\n\n                                            <span class=\"eael-creative-button-icon-right\"><i aria-hidden=\"true\" class=\"fas fa-file-pdf\"><\/i><\/span>                                    <\/div>\n\t                        <\/a>\n        <\/div>\n        \t\t\t\t<\/div>\n\t\t\t\t<\/div>\n\t\t\t\t<div class=\"elementor-element elementor-element-0bf4a47 elementor-widget elementor-widget-eael-creative-button\" data-id=\"0bf4a47\" data-element_type=\"widget\" data-e-type=\"widget\" data-widget_type=\"eael-creative-button.default\">\n\t\t\t\t<div class=\"elementor-widget-container\">\n\t\t\t\t\t        <div class=\"eael-creative-button-wrapper\">\n\n            <a class=\"eael-creative-button eael-creative-button--shikoba eael-cb-icon-position-right\" href=\"https:\/\/www.ehrab.com\/\/ro\/contact\/\" data-text=\"\">\n            \t    \n                <div class=\"creative-button-inner\">\n\n                    \n                    <span class=\"cretive-button-text\">Citi\u021bi mai multe \u0219i desc\u0103rca\u021bi aplica\u021bia<\/span>\n\n                                            <span class=\"eael-creative-button-icon-right\"><i aria-hidden=\"true\" class=\"fas fa-long-arrow-alt-right\"><\/i><\/span>                                    <\/div>\n\t                        <\/a>\n        <\/div>\n        \t\t\t\t<\/div>\n\t\t\t\t<\/div>\n\t\t\t\t\t<\/div>\n\t\t<\/div>\n\t\t\t\t\t<\/div>\n\t\t<\/section>\n\t\t\t\t\t<\/div>\n\t\t<\/div>\n\t\t\t\t\t<\/div>\n\t\t<\/section>\n\t\t\t\t<section class=\"elementor-section elementor-top-section elementor-element elementor-element-3914c5c elementor-section-full_width elementor-section-height-default elementor-section-height-default\" data-id=\"3914c5c\" data-element_type=\"section\" data-e-type=\"section\">\n\t\t\t\t\t\t<div class=\"elementor-container elementor-column-gap-no\">\n\t\t\t\t\t<div class=\"elementor-column elementor-col-100 elementor-top-column elementor-element elementor-element-d725f1a\" data-id=\"d725f1a\" data-element_type=\"column\" data-e-type=\"column\">\n\t\t\t<div class=\"elementor-widget-wrap elementor-element-populated\">\n\t\t\t\t\t\t<div class=\"elementor-element elementor-element-de48e66 elementor-widget elementor-widget-template\" data-id=\"de48e66\" data-element_type=\"widget\" data-e-type=\"widget\" data-widget_type=\"template.default\">\n\t\t\t\t<div class=\"elementor-widget-container\">\n\t\t\t\t\t\t\t<div class=\"elementor-template\">\n\t\t\t\t\t<div data-elementor-type=\"section\" data-elementor-id=\"1578\" class=\"elementor elementor-1578\" data-elementor-post-type=\"elementor_library\">\n\t\t\t\t\t<section class=\"elementor-section elementor-top-section elementor-element elementor-element-264a7b4 elementor-section-boxed elementor-section-height-default elementor-section-height-default\" data-id=\"264a7b4\" data-element_type=\"section\" data-e-type=\"section\" data-settings=\"{&quot;background_background&quot;:&quot;classic&quot;}\">\n\t\t\t\t\t\t<div class=\"elementor-container elementor-column-gap-default\">\n\t\t\t\t\t<div class=\"elementor-column elementor-col-100 elementor-top-column elementor-element elementor-element-518037d9\" data-id=\"518037d9\" data-element_type=\"column\" data-e-type=\"column\">\n\t\t\t<div class=\"elementor-widget-wrap elementor-element-populated\">\n\t\t\t\t\t\t<div class=\"elementor-element elementor-element-ab62584 elementor-invisible elementor-widget elementor-widget-image\" data-id=\"ab62584\" data-element_type=\"widget\" data-e-type=\"widget\" data-settings=\"{&quot;_animation&quot;:&quot;fadeInDown&quot;}\" data-widget_type=\"image.default\">\n\t\t\t\t<div class=\"elementor-widget-container\">\n\t\t\t\t\t\t\t\t\t\t\t\t\t\t\t<img decoding=\"async\" width=\"1067\" height=\"62\" src=\"https:\/\/www.ehrab.com\/wp-content\/uploads\/2022\/09\/ehrab-byline.png\" class=\"attachment-full size-full wp-image-2839\" alt=\"\" srcset=\"https:\/\/www.ehrab.com\/wp-content\/uploads\/2022\/09\/ehrab-byline.png 1067w, https:\/\/www.ehrab.com\/wp-content\/uploads\/2022\/09\/ehrab-byline-300x17.png 300w, https:\/\/www.ehrab.com\/wp-content\/uploads\/2022\/09\/ehrab-byline-1024x60.png 1024w, https:\/\/www.ehrab.com\/wp-content\/uploads\/2022\/09\/ehrab-byline-768x45.png 768w\" sizes=\"(max-width: 1067px) 100vw, 1067px\" \/>\t\t\t\t\t\t\t\t\t\t\t\t\t\t\t<\/div>\n\t\t\t\t<\/div>\n\t\t\t\t\t<\/div>\n\t\t<\/div>\n\t\t\t\t\t<\/div>\n\t\t<\/section>\n\t\t\t\t<\/div>\n\t\t\t\t<\/div>\n\t\t\t\t\t\t<\/div>\n\t\t\t\t<\/div>\n\t\t\t\t\t<\/div>\n\t\t<\/div>\n\t\t\t\t\t<\/div>\n\t\t<\/section>\n\t\t\t\t<\/div>\n\t\t","protected":false},"excerpt":{"rendered":"<p>Ce aplica\u021bii are legea \u00een vigoare Legea privind responsabilitatea contractantului prevede c\u0103 un muncitor \u00een construc\u021bii care nu prime\u0219te remunera\u021bia, poate primi salariul de la compania care l-a \u00eenchiriat pe angajatorul acestuia. Dac\u0103 angajatorul nu pl\u0103te\u0219te salariul, angajatul are op\u021biunea de a se adresa antreprenorului de grad superior. \u00cen cazul \u00een care \u0219i acest antreprenor [&hellip;]<\/p>\n","protected":false},"author":6,"featured_media":0,"parent":0,"menu_order":0,"comment_status":"closed","ping_status":"closed","template":"","meta":{"_themeisle_gutenberg_block_has_review":false,"footnotes":""},"class_list":["post-5574","page","type-page","status-publish","hentry"],"_links":{"self":[{"href":"https:\/\/www.ehrab.com\/ro\/wp-json\/wp\/v2\/pages\/5574","targetHints":{"allow":["GET"]}}],"collection":[{"href":"https:\/\/www.ehrab.com\/ro\/wp-json\/wp\/v2\/pages"}],"about":[{"href":"https:\/\/www.ehrab.com\/ro\/wp-json\/wp\/v2\/types\/page"}],"author":[{"embeddable":true,"href":"https:\/\/www.ehrab.com\/ro\/wp-json\/wp\/v2\/users\/6"}],"replies":[{"embeddable":true,"href":"https:\/\/www.ehrab.com\/ro\/wp-json\/wp\/v2\/comments?post=5574"}],"version-history":[{"count":4,"href":"https:\/\/www.ehrab.com\/ro\/wp-json\/wp\/v2\/pages\/5574\/revisions"}],"predecessor-version":[{"id":5868,"href":"https:\/\/www.ehrab.com\/ro\/wp-json\/wp\/v2\/pages\/5574\/revisions\/5868"}],"wp:attachment":[{"href":"https:\/\/www.ehrab.com\/ro\/wp-json\/wp\/v2\/media?parent=5574"}],"curies":[{"name":"wp","href":"https:\/\/api.w.org\/{rel}","templated":true}]}}