{"id":5564,"date":"2022-12-05T09:30:04","date_gmt":"2022-12-05T09:30:04","guid":{"rendered":"https:\/\/ehrab.stg.geckodoit.com\/id06\/"},"modified":"2022-12-20T22:14:44","modified_gmt":"2022-12-20T22:14:44","slug":"id06","status":"publish","type":"page","link":"https:\/\/www.ehrab.com\/ro\/id06\/","title":{"rendered":"ID06"},"content":{"rendered":"\t\t<div data-elementor-type=\"wp-page\" data-elementor-id=\"5564\" class=\"elementor elementor-5564 elementor-1185\" data-elementor-post-type=\"page\">\n\t\t\t\t\t\t<section class=\"elementor-section elementor-top-section elementor-element elementor-element-de4d7b1 elementor-section-height-min-height elementor-section-boxed elementor-section-height-default elementor-section-items-middle\" data-id=\"de4d7b1\" data-element_type=\"section\" data-e-type=\"section\" data-settings=\"{&quot;background_background&quot;:&quot;video&quot;,&quot;background_video_link&quot;:&quot;https:\\\/\\\/www.ehrab.com\\\/\\\/wp-content\\\/uploads\\\/2022\\\/08\\\/ehrab_video_bg_1080p__4300kbps_bitrate.mp4&quot;,&quot;shape_divider_bottom&quot;:&quot;tilt&quot;,&quot;background_play_on_mobile&quot;:&quot;yes&quot;}\">\n\t\t\t\t\t\t\t\t<div class=\"elementor-background-video-container\">\n\t\t\t\t\t\t\t\t\t\t\t\t\t<video class=\"elementor-background-video-hosted\" role=\"presentation\" autoplay muted playsinline loop><\/video>\n\t\t\t\t\t\t\t\t\t\t\t<\/div>\n\t\t\t\t\t\t\t\t\t<div class=\"elementor-background-overlay\"><\/div>\n\t\t\t\t\t\t<div class=\"elementor-shape elementor-shape-bottom\" aria-hidden=\"true\" data-negative=\"false\">\n\t\t\t<svg xmlns=\"http:\/\/www.w3.org\/2000\/svg\" viewBox=\"0 0 1000 100\" preserveAspectRatio=\"none\">\n\t<path class=\"elementor-shape-fill\" d=\"M0,6V0h1000v100L0,6z\"\/>\n<\/svg>\t\t<\/div>\n\t\t\t\t\t<div class=\"elementor-container elementor-column-gap-default\">\n\t\t\t\t\t<div class=\"elementor-column elementor-col-100 elementor-top-column elementor-element elementor-element-19f4579\" data-id=\"19f4579\" data-element_type=\"column\" data-e-type=\"column\">\n\t\t\t<div class=\"elementor-widget-wrap elementor-element-populated\">\n\t\t\t\t\t\t<section class=\"elementor-section elementor-inner-section elementor-element elementor-element-54181c4 elementor-section-boxed elementor-section-height-default elementor-section-height-default\" data-id=\"54181c4\" data-element_type=\"section\" data-e-type=\"section\">\n\t\t\t\t\t\t<div class=\"elementor-container elementor-column-gap-default\">\n\t\t\t\t\t<div class=\"elementor-column elementor-col-16 elementor-inner-column elementor-element elementor-element-f2deb7c\" data-id=\"f2deb7c\" data-element_type=\"column\" data-e-type=\"column\">\n\t\t\t<div class=\"elementor-widget-wrap elementor-element-populated\">\n\t\t\t\t\t\t<div class=\"elementor-element elementor-element-456d34a elementor-widget elementor-widget-image\" data-id=\"456d34a\" data-element_type=\"widget\" data-e-type=\"widget\" data-widget_type=\"image.default\">\n\t\t\t\t<div class=\"elementor-widget-container\">\n\t\t\t\t\t\t\t\t\t\t\t\t\t\t\t<img fetchpriority=\"high\" decoding=\"async\" width=\"200\" height=\"262\" src=\"https:\/\/www.ehrab.com\/wp-content\/uploads\/2022\/08\/ehrab-symbol.png\" class=\"attachment-large size-large wp-image-5331\" alt=\"\" \/>\t\t\t\t\t\t\t\t\t\t\t\t\t\t\t<\/div>\n\t\t\t\t<\/div>\n\t\t\t\t\t<\/div>\n\t\t<\/div>\n\t\t\t\t<div class=\"elementor-column elementor-col-66 elementor-inner-column elementor-element elementor-element-0496d8d\" data-id=\"0496d8d\" data-element_type=\"column\" data-e-type=\"column\">\n\t\t\t<div class=\"elementor-widget-wrap elementor-element-populated\">\n\t\t\t\t\t\t<div class=\"elementor-element elementor-element-aabe90f elementor-widget elementor-widget-heading\" data-id=\"aabe90f\" data-element_type=\"widget\" data-e-type=\"widget\" data-widget_type=\"heading.default\">\n\t\t\t\t<div class=\"elementor-widget-container\">\n\t\t\t\t\t<h1 class=\"elementor-heading-title elementor-size-default\">Mai mult\u0103 siguran\u021b\u0103 datorit\u0103 cardului ID06<\/h1>\t\t\t\t<\/div>\n\t\t\t\t<\/div>\n\t\t\t\t\t<\/div>\n\t\t<\/div>\n\t\t\t\t<div class=\"elementor-column elementor-col-16 elementor-inner-column elementor-element elementor-element-ec6cb5e\" data-id=\"ec6cb5e\" data-element_type=\"column\" data-e-type=\"column\">\n\t\t\t<div class=\"elementor-widget-wrap\">\n\t\t\t\t\t\t\t<\/div>\n\t\t<\/div>\n\t\t\t\t\t<\/div>\n\t\t<\/section>\n\t\t\t\t\t<\/div>\n\t\t<\/div>\n\t\t\t\t\t<\/div>\n\t\t<\/section>\n\t\t\t\t<section class=\"elementor-section elementor-top-section elementor-element elementor-element-85a9f65 elementor-section-boxed elementor-section-height-default elementor-section-height-default\" data-id=\"85a9f65\" data-element_type=\"section\" data-e-type=\"section\" data-settings=\"{&quot;background_background&quot;:&quot;classic&quot;}\">\n\t\t\t\t\t\t<div class=\"elementor-container elementor-column-gap-default\">\n\t\t\t\t\t<div class=\"elementor-column elementor-col-100 elementor-top-column elementor-element elementor-element-458e3ef\" data-id=\"458e3ef\" data-element_type=\"column\" data-e-type=\"column\">\n\t\t\t<div class=\"elementor-widget-wrap elementor-element-populated\">\n\t\t\t\t\t\t<section class=\"elementor-section elementor-inner-section elementor-element elementor-element-411a968 elementor-section-boxed elementor-section-height-default elementor-section-height-default\" data-id=\"411a968\" data-element_type=\"section\" data-e-type=\"section\">\n\t\t\t\t\t\t<div class=\"elementor-container elementor-column-gap-default\">\n\t\t\t\t\t<div class=\"elementor-column elementor-col-100 elementor-inner-column elementor-element elementor-element-cb3ad0d\" data-id=\"cb3ad0d\" data-element_type=\"column\" data-e-type=\"column\">\n\t\t\t<div class=\"elementor-widget-wrap elementor-element-populated\">\n\t\t\t\t\t\t<div class=\"elementor-element elementor-element-eab46d5 elementor-widget elementor-widget-text-editor\" data-id=\"eab46d5\" data-element_type=\"widget\" data-e-type=\"widget\" data-widget_type=\"text-editor.default\">\n\t\t\t\t<div class=\"elementor-widget-container\">\n\t\t\t\t\t\t\t\t\t<p>Scopul cardului ID06 \u0219i al Legii privind protec\u021bia datelor cu caracter personal este combaterea fenomenului muncii nedeclarate \u0219i a concuren\u021bei neloiale \u00een sectorul construc\u021biilor. Datorit\u0103 cardului ID06, pute\u021bi identifica cu u\u0219urin\u021b\u0103 oamenii prezen\u021bi pe \u0219antier, asigur\u00e2ndu-v\u0103 c\u0103 fiecare dintre muncitori este legat de angajator, ceea ce spore\u0219te securitatea pe \u0219antier, deoarece fiec\u0103rui card \u0219i companiei poate fi atribuit\u0103 doar o singur\u0103 identitate sigur\u0103. Cardul ID06 este alc\u0103tuit din dou\u0103 p\u0103r\u021bi: un element de verificare a companiilor care se al\u0103tur\u0103 ID06 \u0219i un element care asigur\u0103 identificarea persoanelor care vor de\u021bine cardul ID06.<\/p>\n<p>Cardul ID06 are mai multe aplica\u021bii; ca \u00eenregistrator de prezen\u021b\u0103 \u00een dosarele electronice ale personalului (obligatoriu pe toate \u0219antierele din 2016), posibilitatea de digitalizare a certificatelor de preg\u0103tire efectuat\u0103 \u0219i func\u021biile de intrare \u0219i \u00eencuiere.<\/p>\n<p><strong>Sistemul ID06 include:<\/strong><\/p>\n<ul>\n<li>Cardul personal ID06 obligatoriu pentru toate persoanele aflate la locul de munc\u0103 care este conectat la ID06.<\/li>\n<li>Jurnalele de intrare \u0219i ie\u0219ire identificate \u00een Registrul digital al personalului la locul de munc\u0103.<\/li>\n<li>Registrul digital al angaja\u021bilor care \u00eendepline\u0219te cerin\u021bele legale \u00een vigoare de la 1 ianuarie 2016.<\/li>\n<li>Blocare centralizat\u0103 \u00een scopul de a asigura securitatea \u0219i accesibilitatea.<\/li>\n<li>Baza de date a diplomelor digitale.<\/li>\n<\/ul>\n<p>Desigur, angaja\u021bii EHRAB vor avea la ei cardurile ID06 \u0219i identificatoarele \u00een timp ce se afl\u0103 afar\u0103 pe \u0219antier.<\/p>\n<p><strong>Cum primi\u021bi num\u0103rul de identificare ID06?<\/strong><\/p>\n<p>Reprezentantul companiei sau o persoan\u0103 desemnat\u0103 de acesta \u00een compania dumneavoastr\u0103 contacteaz\u0103 una dintre companiile autorizate pentru gestionarea cardurilor ID06.&nbsp;&nbsp;Pute\u021bi s\u0103 g\u0103si\u021bi at\u00e2t aceste firme, c\u00e2t \u0219i datele lor de contact pe site-ul ID06 aici: <a href=\"https:\/\/www.id06.se\/partners\/\" target=\"_blank\" rel=\"noopener\">id06.se<\/a>. Prin intermediul partenerului de afaceri local polonez, ID06 este prezent \u0219i \u00een trei loca\u021bii din Polonia.<\/p>\n<p>ID06 accept\u0103 un pa\u0219aport valabil, carte de identitate (care este valabil\u0103 \u0219i \u00een Uniunea European\u0103) \u0219i un identificator digital BankID ca identificator.&nbsp;<\/p>\n<p><strong>Cardul mobil ID06<\/strong><\/p>\n<p>Compania ID06 a elaborat, de asemenea, un card mobil ID06 securizat. Cardul mobil poate fi comparat cu identificatorul mobil BankID \u0219i are acelea\u0219i func\u021bii ca \u0219i cardul fizic ID06, de aceea poate fi folosit pentru \u00eenregistrarea la casa de marcat electronic\u0103 \u0219i pentru intrarea \u0219i ie\u0219irea de la locul de munc\u0103.&nbsp;&nbsp;<\/p>\n<p><em>ID06 este o companie non-profit independent\u0103 fiind coproprietatea a Byggf\u00f6retagen, Byggherrarna, Fastighets\u00e4garna, Sveriges Allm\u00e4nnytta, Installat\u00f6rsf\u00f6retagen Maskinentrepren\u00f6rerna, Pl\u00e5t- och Ventf\u00f6retagen, Glasbranschf\u00f6reningen, Transportf\u00f6retagen \u0219i M\u00e5lerif\u00f6retagen.<\/em><\/p>\t\t\t\t\t\t\t\t<\/div>\n\t\t\t\t<\/div>\n\t\t\t\t\t<\/div>\n\t\t<\/div>\n\t\t\t\t\t<\/div>\n\t\t<\/section>\n\t\t\t\t\t<\/div>\n\t\t<\/div>\n\t\t\t\t\t<\/div>\n\t\t<\/section>\n\t\t\t\t<section class=\"elementor-section elementor-top-section elementor-element elementor-element-3914c5c elementor-section-full_width elementor-section-height-default elementor-section-height-default\" data-id=\"3914c5c\" data-element_type=\"section\" data-e-type=\"section\">\n\t\t\t\t\t\t<div class=\"elementor-container elementor-column-gap-no\">\n\t\t\t\t\t<div class=\"elementor-column elementor-col-100 elementor-top-column elementor-element elementor-element-d725f1a\" data-id=\"d725f1a\" data-element_type=\"column\" data-e-type=\"column\">\n\t\t\t<div class=\"elementor-widget-wrap elementor-element-populated\">\n\t\t\t\t\t\t<div class=\"elementor-element elementor-element-de48e66 elementor-widget elementor-widget-template\" data-id=\"de48e66\" data-element_type=\"widget\" data-e-type=\"widget\" data-widget_type=\"template.default\">\n\t\t\t\t<div class=\"elementor-widget-container\">\n\t\t\t\t\t\t\t<div class=\"elementor-template\">\n\t\t\t\t\t<div data-elementor-type=\"section\" data-elementor-id=\"1578\" class=\"elementor elementor-1578\" data-elementor-post-type=\"elementor_library\">\n\t\t\t\t\t<section class=\"elementor-section elementor-top-section elementor-element elementor-element-264a7b4 elementor-section-boxed elementor-section-height-default elementor-section-height-default\" data-id=\"264a7b4\" data-element_type=\"section\" data-e-type=\"section\" data-settings=\"{&quot;background_background&quot;:&quot;classic&quot;}\">\n\t\t\t\t\t\t<div class=\"elementor-container elementor-column-gap-default\">\n\t\t\t\t\t<div class=\"elementor-column elementor-col-100 elementor-top-column elementor-element elementor-element-518037d9\" data-id=\"518037d9\" data-element_type=\"column\" data-e-type=\"column\">\n\t\t\t<div class=\"elementor-widget-wrap elementor-element-populated\">\n\t\t\t\t\t\t<div class=\"elementor-element elementor-element-ab62584 elementor-invisible elementor-widget elementor-widget-image\" data-id=\"ab62584\" data-element_type=\"widget\" data-e-type=\"widget\" data-settings=\"{&quot;_animation&quot;:&quot;fadeInDown&quot;}\" data-widget_type=\"image.default\">\n\t\t\t\t<div class=\"elementor-widget-container\">\n\t\t\t\t\t\t\t\t\t\t\t\t\t\t\t<img decoding=\"async\" width=\"1067\" height=\"62\" src=\"https:\/\/www.ehrab.com\/wp-content\/uploads\/2022\/09\/ehrab-byline.png\" class=\"attachment-full size-full wp-image-2839\" alt=\"\" srcset=\"https:\/\/www.ehrab.com\/wp-content\/uploads\/2022\/09\/ehrab-byline.png 1067w, https:\/\/www.ehrab.com\/wp-content\/uploads\/2022\/09\/ehrab-byline-300x17.png 300w, https:\/\/www.ehrab.com\/wp-content\/uploads\/2022\/09\/ehrab-byline-1024x60.png 1024w, https:\/\/www.ehrab.com\/wp-content\/uploads\/2022\/09\/ehrab-byline-768x45.png 768w\" sizes=\"(max-width: 1067px) 100vw, 1067px\" \/>\t\t\t\t\t\t\t\t\t\t\t\t\t\t\t<\/div>\n\t\t\t\t<\/div>\n\t\t\t\t\t<\/div>\n\t\t<\/div>\n\t\t\t\t\t<\/div>\n\t\t<\/section>\n\t\t\t\t<\/div>\n\t\t\t\t<\/div>\n\t\t\t\t\t\t<\/div>\n\t\t\t\t<\/div>\n\t\t\t\t\t<\/div>\n\t\t<\/div>\n\t\t\t\t\t<\/div>\n\t\t<\/section>\n\t\t\t\t<\/div>\n\t\t","protected":false},"excerpt":{"rendered":"<p>Mai mult\u0103 siguran\u021b\u0103 datorit\u0103 cardului ID06 Scopul cardului ID06 \u0219i al Legii privind protec\u021bia datelor cu caracter personal este combaterea fenomenului muncii nedeclarate \u0219i a concuren\u021bei neloiale \u00een sectorul construc\u021biilor. Datorit\u0103 cardului ID06, pute\u021bi identifica cu u\u0219urin\u021b\u0103 oamenii prezen\u021bi pe \u0219antier, asigur\u00e2ndu-v\u0103 c\u0103 fiecare dintre muncitori este legat de angajator, ceea ce spore\u0219te securitatea pe [&hellip;]<\/p>\n","protected":false},"author":6,"featured_media":0,"parent":0,"menu_order":0,"comment_status":"closed","ping_status":"closed","template":"","meta":{"_themeisle_gutenberg_block_has_review":false,"footnotes":""},"class_list":["post-5564","page","type-page","status-publish","hentry"],"_links":{"self":[{"href":"https:\/\/www.ehrab.com\/ro\/wp-json\/wp\/v2\/pages\/5564","targetHints":{"allow":["GET"]}}],"collection":[{"href":"https:\/\/www.ehrab.com\/ro\/wp-json\/wp\/v2\/pages"}],"about":[{"href":"https:\/\/www.ehrab.com\/ro\/wp-json\/wp\/v2\/types\/page"}],"author":[{"embeddable":true,"href":"https:\/\/www.ehrab.com\/ro\/wp-json\/wp\/v2\/users\/6"}],"replies":[{"embeddable":true,"href":"https:\/\/www.ehrab.com\/ro\/wp-json\/wp\/v2\/comments?post=5564"}],"version-history":[{"count":2,"href":"https:\/\/www.ehrab.com\/ro\/wp-json\/wp\/v2\/pages\/5564\/revisions"}],"predecessor-version":[{"id":6638,"href":"https:\/\/www.ehrab.com\/ro\/wp-json\/wp\/v2\/pages\/5564\/revisions\/6638"}],"wp:attachment":[{"href":"https:\/\/www.ehrab.com\/ro\/wp-json\/wp\/v2\/media?parent=5564"}],"curies":[{"name":"wp","href":"https:\/\/api.w.org\/{rel}","templated":true}]}}