{"id":4648,"date":"2022-11-11T10:38:32","date_gmt":"2022-11-11T10:38:32","guid":{"rendered":"https:\/\/ehrab.stg.geckodoit.com\/aktualnosci\/"},"modified":"2022-11-24T04:05:02","modified_gmt":"2022-11-24T04:05:02","slug":"aktualnosci","status":"publish","type":"page","link":"https:\/\/www.ehrab.com\/pl\/aktualnosci\/","title":{"rendered":"Aktualno\u015bci"},"content":{"rendered":"\t\t<div data-elementor-type=\"wp-page\" data-elementor-id=\"4648\" class=\"elementor elementor-4648 elementor-1195\" data-elementor-post-type=\"page\">\n\t\t\t\t\t\t<section class=\"elementor-section elementor-top-section elementor-element elementor-element-de4d7b1 elementor-section-height-min-height elementor-section-boxed elementor-section-height-default elementor-section-items-middle\" data-id=\"de4d7b1\" data-element_type=\"section\" data-e-type=\"section\" data-settings=\"{&quot;background_background&quot;:&quot;video&quot;,&quot;background_video_link&quot;:&quot;https:\\\/\\\/www.ehrab.com\\\/\\\/wp-content\\\/uploads\\\/2022\\\/08\\\/ehrab_video_bg_1080p__4300kbps_bitrate.mp4&quot;,&quot;shape_divider_bottom&quot;:&quot;tilt&quot;,&quot;background_play_on_mobile&quot;:&quot;yes&quot;}\">\n\t\t\t\t\t\t\t\t<div class=\"elementor-background-video-container\">\n\t\t\t\t\t\t\t\t\t\t\t\t\t<video class=\"elementor-background-video-hosted\" role=\"presentation\" autoplay muted playsinline loop><\/video>\n\t\t\t\t\t\t\t\t\t\t\t<\/div>\n\t\t\t\t\t\t\t\t\t<div class=\"elementor-background-overlay\"><\/div>\n\t\t\t\t\t\t<div class=\"elementor-shape elementor-shape-bottom\" aria-hidden=\"true\" data-negative=\"false\">\n\t\t\t<svg xmlns=\"http:\/\/www.w3.org\/2000\/svg\" viewBox=\"0 0 1000 100\" preserveAspectRatio=\"none\">\n\t<path class=\"elementor-shape-fill\" d=\"M0,6V0h1000v100L0,6z\"\/>\n<\/svg>\t\t<\/div>\n\t\t\t\t\t<div class=\"elementor-container elementor-column-gap-default\">\n\t\t\t\t\t<div class=\"elementor-column elementor-col-100 elementor-top-column elementor-element elementor-element-19f4579\" data-id=\"19f4579\" data-element_type=\"column\" data-e-type=\"column\">\n\t\t\t<div class=\"elementor-widget-wrap elementor-element-populated\">\n\t\t\t\t\t\t<section class=\"elementor-section elementor-inner-section elementor-element elementor-element-54181c4 elementor-section-boxed elementor-section-height-default elementor-section-height-default\" data-id=\"54181c4\" data-element_type=\"section\" data-e-type=\"section\">\n\t\t\t\t\t\t<div class=\"elementor-container elementor-column-gap-default\">\n\t\t\t\t\t<div class=\"elementor-column elementor-col-16 elementor-inner-column elementor-element elementor-element-f2deb7c\" data-id=\"f2deb7c\" data-element_type=\"column\" data-e-type=\"column\">\n\t\t\t<div class=\"elementor-widget-wrap elementor-element-populated\">\n\t\t\t\t\t\t<div class=\"elementor-element elementor-element-456d34a elementor-widget elementor-widget-image\" data-id=\"456d34a\" data-element_type=\"widget\" data-e-type=\"widget\" data-widget_type=\"image.default\">\n\t\t\t\t<div class=\"elementor-widget-container\">\n\t\t\t\t\t\t\t\t\t\t\t\t\t\t\t<img fetchpriority=\"high\" decoding=\"async\" width=\"200\" height=\"262\" src=\"https:\/\/www.ehrab.com\/wp-content\/uploads\/2022\/08\/ehrab-symbol.png\" class=\"attachment-large size-large wp-image-56\" alt=\"\" \/>\t\t\t\t\t\t\t\t\t\t\t\t\t\t\t<\/div>\n\t\t\t\t<\/div>\n\t\t\t\t\t<\/div>\n\t\t<\/div>\n\t\t\t\t<div class=\"elementor-column elementor-col-66 elementor-inner-column elementor-element elementor-element-0496d8d\" data-id=\"0496d8d\" data-element_type=\"column\" data-e-type=\"column\">\n\t\t\t<div class=\"elementor-widget-wrap elementor-element-populated\">\n\t\t\t\t\t\t<div class=\"elementor-element elementor-element-aabe90f elementor-widget elementor-widget-heading\" data-id=\"aabe90f\" data-element_type=\"widget\" data-e-type=\"widget\" data-widget_type=\"heading.default\">\n\t\t\t\t<div class=\"elementor-widget-container\">\n\t\t\t\t\t<h1 class=\"elementor-heading-title elementor-size-default\">Najnowsze wiadomo\u015bci o EHRAB<\/h1>\t\t\t\t<\/div>\n\t\t\t\t<\/div>\n\t\t\t\t\t<\/div>\n\t\t<\/div>\n\t\t\t\t<div class=\"elementor-column elementor-col-16 elementor-inner-column elementor-element elementor-element-ec6cb5e\" data-id=\"ec6cb5e\" data-element_type=\"column\" data-e-type=\"column\">\n\t\t\t<div class=\"elementor-widget-wrap\">\n\t\t\t\t\t\t\t<\/div>\n\t\t<\/div>\n\t\t\t\t\t<\/div>\n\t\t<\/section>\n\t\t\t\t\t<\/div>\n\t\t<\/div>\n\t\t\t\t\t<\/div>\n\t\t<\/section>\n\t\t\t\t<section class=\"elementor-section elementor-top-section elementor-element elementor-element-1ae5d38 elementor-section-boxed elementor-section-height-default elementor-section-height-default\" data-id=\"1ae5d38\" data-element_type=\"section\" data-e-type=\"section\" data-settings=\"{&quot;background_background&quot;:&quot;classic&quot;}\">\n\t\t\t\t\t\t\t<div class=\"elementor-background-overlay\"><\/div>\n\t\t\t\t\t\t\t<div class=\"elementor-container elementor-column-gap-default\">\n\t\t\t\t\t<div class=\"elementor-column elementor-col-100 elementor-top-column elementor-element elementor-element-533daf4\" data-id=\"533daf4\" data-element_type=\"column\" data-e-type=\"column\" data-settings=\"{&quot;background_background&quot;:&quot;classic&quot;}\">\n\t\t\t<div class=\"elementor-widget-wrap elementor-element-populated\">\n\t\t\t\t\t\t<div class=\"elementor-element elementor-element-75a885c elementor-widget elementor-widget-text-editor\" data-id=\"75a885c\" data-element_type=\"widget\" data-e-type=\"widget\" data-widget_type=\"text-editor.default\">\n\t\t\t\t<div class=\"elementor-widget-container\">\n\t\t\t\t\t\t\t\t\t<p><script type=\"text\/javascript\">\n  jQuery( document ).ready( function( $ ) {\n\n          const URL = \"https:\/\/publish.ne.cision.com\/papi\/NewsFeed\/F99219B6071A4C91BAD608A6671C8748?format=json\"; \/\/ EN\n    \n    const truncate = (str, max, suffix) => str.length < max ? str : `${str.substr(0, str.substr(0, max - suffix.length).lastIndexOf(' '))}${suffix}`;\n\n    $.ajax({\n       url: URL,\n       type: 'GET',\n       success: function(response){\n         console.log(response);\n\n          let containerNews = $('.news-list');\n          const newsReport = response.Releases.filter(function (el)\n              {\n                return el.InformationType == 'NBR' || el.InformationType == 'PRM';\n              }\n              );\n            \/\/ item => item['InformationType'].indexOf('NBR') !== -1 && item => item['InformationType'].indexOf('PRM') !== -1);\n          console.log(newsReport);\n          if(newsReport.length === 0){\n            let empty = \"Data is empty\";\n            containerNews.append(empty);\n          }else {\n\n            newsReport.forEach(function(item, index, array) {\n\n              let listID = $('<span>Id: ' +item.Id+ '<\/span><\/br>');\n              let encryptedId = $('<span>EncryptedId: ' +item.EncryptedId+ '<\/span><\/br>');\n              let reUrl = $('<span>RawHtmlUrl: ' +item.RawHtmlUrl+ '<\/span>');\n              let createDate = $('<p class=\"create-date\">'+ moment(item.PublishDate, 'YYYY\/MM\/DD h:mm:ss').format(\"DD MMM . YYYY\") +'<\/p>');\n              let upDate = $('<p class=\"update-date\">LastChangeDate: '+ moment(item.LastChangeDate, 'YYYY\/MM\/DD h:mm:ss').format(\"YYYY\/MM\/DD\") +'<\/p>');\n              let title = $('<h3 class=\"title\"><a href=\"https:\/\/www.ehrab.com\/pl\/\/release\/?id='+item.EncryptedId+'\">'+ item.Title +'<\/a><\/h3>');\n              var shotIntro = truncate(item.Intro,170, '...');\n\n              let inTro = $('<p class=\"dec\">'+ shotIntro +'<\/p>');\n\n              let listImg = item.Images;\n              \/\/ console.log(listImg);\n              if(listImg.length === 0){\n                listImg = $('<div class=\"list-image elementor-column elementor-col-33 elementor-top-column elementor-element\" data-element_type=\"column\"><\/div>');\n                \/\/ let imgEmpty = 'https:\/\/ehrab.stg.geckodoit.com\/wp-content\/plugins\/elementor\/assets\/images\/placeholder.png';\n                \/\/ listImg.append('<img decoding=\"async\" src=\"'+imgEmpty+'\" \/>')\n              }else {\n                let imgs = item.Images[0].DownloadUrl;\n                \/\/ console.log(imgs);\n                listImg = $('<div class=\"list-image elementor-column elementor-col-33 elementor-top-column elementor-element\" data-element_type=\"column\"><\/div>');\n                listImg.append('<div class=\"api-image elementor-widget-container\"><img decoding=\"async\" src=\"'+imgs+'\"\/><\/div>');\n              }\n\n              let listCol = $('<div class=\"list-content elementor-column elementor-col-66 elementor-top-column elementor-element\" data-element_type=\"column\"><\/div>');\n              let listBody = $('<div class=\"api-body\"><\/div>');\n              let linkTopage = $('<a href=\"https:\/\/www.ehrab.com\/pl\/\/release\/?id='+item.EncryptedId+'\">Read more<\/a>');\n\n              listBody.append(listImg);\n              listCol.append(title);\n              listCol.append(inTro);\n              listCol.append(createDate);\n              listCol.appendTo(listBody);\n              listBody.appendTo(containerNews);\n              \/\/ console.log(\"has\");\n\n            });\n          };\n\n\n       },\n       error: function(error){\n           console.log(error);\n       }\n   });\n\n  });\n<\/script>\n<div class=\"content api-container\">\n\n  <div class=\"row padding financial featured-posts elementor-section elementor-container\">\n\n  <\/div>\n\n  <div class=\"row no-padding financial news-list-wrapper\">\n\n    <div class=\"news-list financial-list\"><\/div>\n\n\n    <\/div>\n\n\n  <\/div>\n\n\n\n<\/p>\n\t\t\t\t\t\t\t\t<\/div>\n\t\t\t\t<\/div>\n\t\t\t\t\t<\/div>\n\t\t<\/div>\n\t\t\t\t\t<\/div>\n\t\t<\/section>\n\t\t\t\t<section class=\"elementor-section elementor-top-section elementor-element elementor-element-003900e elementor-section-full_width elementor-section-height-default elementor-section-height-default\" data-id=\"003900e\" data-element_type=\"section\" data-e-type=\"section\">\n\t\t\t\t\t\t<div class=\"elementor-container elementor-column-gap-no\">\n\t\t\t\t\t<div class=\"elementor-column elementor-col-100 elementor-top-column elementor-element elementor-element-0549da4\" data-id=\"0549da4\" data-element_type=\"column\" data-e-type=\"column\">\n\t\t\t<div class=\"elementor-widget-wrap elementor-element-populated\">\n\t\t\t\t\t\t<div class=\"elementor-element elementor-element-576200a elementor-widget elementor-widget-template\" data-id=\"576200a\" data-element_type=\"widget\" data-e-type=\"widget\" data-widget_type=\"template.default\">\n\t\t\t\t<div class=\"elementor-widget-container\">\n\t\t\t\t\t\t\t<div class=\"elementor-template\">\n\t\t\t\t\t<div data-elementor-type=\"section\" data-elementor-id=\"1578\" class=\"elementor elementor-1578\" data-elementor-post-type=\"elementor_library\">\n\t\t\t\t\t<section class=\"elementor-section elementor-top-section elementor-element elementor-element-264a7b4 elementor-section-boxed elementor-section-height-default elementor-section-height-default\" data-id=\"264a7b4\" data-element_type=\"section\" data-e-type=\"section\" data-settings=\"{&quot;background_background&quot;:&quot;classic&quot;}\">\n\t\t\t\t\t\t<div class=\"elementor-container elementor-column-gap-default\">\n\t\t\t\t\t<div class=\"elementor-column elementor-col-100 elementor-top-column elementor-element elementor-element-518037d9\" data-id=\"518037d9\" data-element_type=\"column\" data-e-type=\"column\">\n\t\t\t<div class=\"elementor-widget-wrap elementor-element-populated\">\n\t\t\t\t\t\t<div class=\"elementor-element elementor-element-ab62584 elementor-invisible elementor-widget elementor-widget-image\" data-id=\"ab62584\" data-element_type=\"widget\" data-e-type=\"widget\" data-settings=\"{&quot;_animation&quot;:&quot;fadeInDown&quot;}\" data-widget_type=\"image.default\">\n\t\t\t\t<div class=\"elementor-widget-container\">\n\t\t\t\t\t\t\t\t\t\t\t\t\t\t\t<img decoding=\"async\" width=\"1067\" height=\"62\" src=\"https:\/\/www.ehrab.com\/wp-content\/uploads\/2022\/09\/ehrab-byline.png\" class=\"attachment-full size-full wp-image-2839\" alt=\"\" srcset=\"https:\/\/www.ehrab.com\/wp-content\/uploads\/2022\/09\/ehrab-byline.png 1067w, https:\/\/www.ehrab.com\/wp-content\/uploads\/2022\/09\/ehrab-byline-300x17.png 300w, https:\/\/www.ehrab.com\/wp-content\/uploads\/2022\/09\/ehrab-byline-1024x60.png 1024w, https:\/\/www.ehrab.com\/wp-content\/uploads\/2022\/09\/ehrab-byline-768x45.png 768w\" sizes=\"(max-width: 1067px) 100vw, 1067px\" \/>\t\t\t\t\t\t\t\t\t\t\t\t\t\t\t<\/div>\n\t\t\t\t<\/div>\n\t\t\t\t\t<\/div>\n\t\t<\/div>\n\t\t\t\t\t<\/div>\n\t\t<\/section>\n\t\t\t\t<\/div>\n\t\t\t\t<\/div>\n\t\t\t\t\t\t<\/div>\n\t\t\t\t<\/div>\n\t\t\t\t\t<\/div>\n\t\t<\/div>\n\t\t\t\t\t<\/div>\n\t\t<\/section>\n\t\t\t\t<section class=\"elementor-section elementor-top-section elementor-element elementor-element-1b0dfa5 elementor-section-boxed elementor-section-height-default elementor-section-height-default\" data-id=\"1b0dfa5\" data-element_type=\"section\" data-e-type=\"section\" data-settings=\"{&quot;background_background&quot;:&quot;gradient&quot;}\">\n\t\t\t\t\t\t<div class=\"elementor-container elementor-column-gap-default\">\n\t\t\t\t\t<div class=\"elementor-column elementor-col-100 elementor-top-column elementor-element elementor-element-4baeeec\" data-id=\"4baeeec\" data-element_type=\"column\" data-e-type=\"column\">\n\t\t\t<div class=\"elementor-widget-wrap elementor-element-populated\">\n\t\t\t\t\t\t<div class=\"elementor-element elementor-element-221a32e elementor-widget elementor-widget-heading\" data-id=\"221a32e\" data-element_type=\"widget\" data-e-type=\"widget\" data-widget_type=\"heading.default\">\n\t\t\t\t<div class=\"elementor-widget-container\">\n\t\t\t\t\t<h2 class=\"elementor-heading-title elementor-size-default\">Nasza oferta<\/h2>\t\t\t\t<\/div>\n\t\t\t\t<\/div>\n\t\t\t\t<section class=\"elementor-section elementor-inner-section elementor-element elementor-element-6673e61 elementor-section-boxed elementor-section-height-default elementor-section-height-default\" data-id=\"6673e61\" data-element_type=\"section\" data-e-type=\"section\">\n\t\t\t\t\t\t<div class=\"elementor-container elementor-column-gap-default\">\n\t\t\t\t\t<div class=\"elementor-column elementor-col-50 elementor-inner-column elementor-element elementor-element-d0cd7f2\" data-id=\"d0cd7f2\" data-element_type=\"column\" data-e-type=\"column\" data-settings=\"{&quot;background_background&quot;:&quot;classic&quot;}\">\n\t\t\t<div class=\"elementor-widget-wrap elementor-element-populated\">\n\t\t\t\t\t\t<div class=\"elementor-element elementor-element-53dd7dc eael-infobox-shape-square eael-infobox-hover-img-shape-square elementor-widget elementor-widget-eael-info-box\" data-id=\"53dd7dc\" data-element_type=\"widget\" data-e-type=\"widget\" data-widget_type=\"eael-info-box.default\">\n\t\t\t\t<div class=\"elementor-widget-container\">\n\t\t\t\t\t        <div class=\"eael-infobox icon-on-left\">\n\t            <div class=\"infobox-icon elementor-animation-grow\">\n\n                            <img decoding=\"async\" src=\"https:\/\/www.ehrab.com\/wp-content\/uploads\/2022\/08\/illu-A.png\" alt=\"\">\n            \n            \n            \n        <\/div>\n            <div class=\"infobox-content\">\n                    <div class=\"infobox-title-section\">\n                <h2 class=\"title\">ZGODNO\u015a\u0106 Z PRZEPISAMI<\/h2>            <\/div>\n            <div><p>Wszyscy nasi pracownicy s\u0105 zatrudnieni w Szwecji, a to oznacza, \u017ce przestrzegamy szwedzkiego prawa oraz obowi\u0105zuj\u0105cych uk\u0142ad\u00f3w zbiorowych.<\/p><\/div>        <\/div>\n            <\/div>\n\n\t\t\t\t\t\t<\/div>\n\t\t\t\t<\/div>\n\t\t\t\t\t<\/div>\n\t\t<\/div>\n\t\t\t\t<div class=\"elementor-column elementor-col-50 elementor-inner-column elementor-element elementor-element-3fc1857\" data-id=\"3fc1857\" data-element_type=\"column\" data-e-type=\"column\" data-settings=\"{&quot;background_background&quot;:&quot;classic&quot;}\">\n\t\t\t<div class=\"elementor-widget-wrap elementor-element-populated\">\n\t\t\t\t\t\t<div class=\"elementor-element elementor-element-f452eb3 eael-infobox-shape-square eael-infobox-hover-img-shape-square elementor-widget elementor-widget-eael-info-box\" data-id=\"f452eb3\" data-element_type=\"widget\" data-e-type=\"widget\" data-widget_type=\"eael-info-box.default\">\n\t\t\t\t<div class=\"elementor-widget-container\">\n\t\t\t\t\t        <div class=\"eael-infobox icon-on-left\">\n\t            <div class=\"infobox-icon elementor-animation-grow\">\n\n                            <img decoding=\"async\" src=\"https:\/\/www.ehrab.com\/wp-content\/uploads\/2022\/08\/illu-B.png\" alt=\"\">\n            \n            \n            \n        <\/div>\n            <div class=\"infobox-content\">\n                    <div class=\"infobox-title-section\">\n                <h2 class=\"title\">JAKO\u015a\u0106<\/h2>            <\/div>\n            <div><p>Nasza gwarancja jako\u015bci daje pewno\u015b\u0107, \u017ce zawsze do projektu dobrani zostan\u0105 pracownicy posiadaj\u0105cy odpowiednie umiej\u0119tno\u015bci zawodowe zwi\u0105zane z projektem. Dzia\u0142amy szybko, dostosowuj\u0105c kadr\u0119 do potrzeb klienta.<\/p><\/div>        <\/div>\n            <\/div>\n\n\t\t\t\t\t\t<\/div>\n\t\t\t\t<\/div>\n\t\t\t\t\t<\/div>\n\t\t<\/div>\n\t\t\t\t\t<\/div>\n\t\t<\/section>\n\t\t\t\t<section class=\"elementor-section elementor-inner-section elementor-element elementor-element-d1d39a3 elementor-section-boxed elementor-section-height-default elementor-section-height-default\" data-id=\"d1d39a3\" data-element_type=\"section\" data-e-type=\"section\">\n\t\t\t\t\t\t<div class=\"elementor-container elementor-column-gap-default\">\n\t\t\t\t\t<div class=\"elementor-column elementor-col-50 elementor-inner-column elementor-element elementor-element-600b988\" data-id=\"600b988\" data-element_type=\"column\" data-e-type=\"column\" data-settings=\"{&quot;background_background&quot;:&quot;classic&quot;}\">\n\t\t\t<div class=\"elementor-widget-wrap elementor-element-populated\">\n\t\t\t\t\t\t<div class=\"elementor-element elementor-element-12a7514 eael-infobox-shape-square eael-infobox-hover-img-shape-square elementor-widget elementor-widget-eael-info-box\" data-id=\"12a7514\" data-element_type=\"widget\" data-e-type=\"widget\" data-widget_type=\"eael-info-box.default\">\n\t\t\t\t<div class=\"elementor-widget-container\">\n\t\t\t\t\t        <div class=\"eael-infobox icon-on-left\">\n\t            <div class=\"infobox-icon elementor-animation-grow\">\n\n                            <img decoding=\"async\" src=\"https:\/\/www.ehrab.com\/wp-content\/uploads\/2022\/08\/illu-C.png\" alt=\"\">\n            \n            \n            \n        <\/div>\n            <div class=\"infobox-content\">\n                    <div class=\"infobox-title-section\">\n                <h2 class=\"title\">SERWIS I POMOC TECHNICZNA<\/h2>            <\/div>\n            <div><p>Naszym us\u0142ugom towarzyszy wyj\u0105tkowa, ca\u0142odobowa i ca\u0142oroczna pomoc techniczna z mo\u017cliwo\u015bci\u0105 zarz\u0105dzania na miejscu lub poza miejscem pracy.<\/p><\/div>        <\/div>\n            <\/div>\n\n\t\t\t\t\t\t<\/div>\n\t\t\t\t<\/div>\n\t\t\t\t\t<\/div>\n\t\t<\/div>\n\t\t\t\t<div class=\"elementor-column elementor-col-50 elementor-inner-column elementor-element elementor-element-f5550d0\" data-id=\"f5550d0\" data-element_type=\"column\" data-e-type=\"column\" data-settings=\"{&quot;background_background&quot;:&quot;classic&quot;}\">\n\t\t\t<div class=\"elementor-widget-wrap elementor-element-populated\">\n\t\t\t\t\t\t<div class=\"elementor-element elementor-element-1681dbe eael-infobox-shape-square eael-infobox-hover-img-shape-square elementor-widget elementor-widget-eael-info-box\" data-id=\"1681dbe\" data-element_type=\"widget\" data-e-type=\"widget\" data-widget_type=\"eael-info-box.default\">\n\t\t\t\t<div class=\"elementor-widget-container\">\n\t\t\t\t\t        <div class=\"eael-infobox icon-on-left\">\n\t            <div class=\"infobox-icon elementor-animation-grow\">\n\n                            <img decoding=\"async\" src=\"https:\/\/www.ehrab.com\/wp-content\/uploads\/2022\/08\/illu-D.png\" alt=\"\">\n            \n            \n            \n        <\/div>\n            <div class=\"infobox-content\">\n                    <div class=\"infobox-title-section\">\n                <h2 class=\"title\">KOMUNIKACJA<\/h2>            <\/div>\n            <div><p>Dzi\u0119ki angloj\u0119zycznemu zarz\u0105dowi wzmacniamy komunikacj\u0119, kt\u00f3ra jest kluczowym elementem udanego projektu budowlanego.<\/p><\/div>        <\/div>\n            <\/div>\n\n\t\t\t\t\t\t<\/div>\n\t\t\t\t<\/div>\n\t\t\t\t\t<\/div>\n\t\t<\/div>\n\t\t\t\t\t<\/div>\n\t\t<\/section>\n\t\t\t\t<section class=\"elementor-section elementor-inner-section elementor-element elementor-element-7fc5153 elementor-section-boxed elementor-section-height-default elementor-section-height-default\" data-id=\"7fc5153\" data-element_type=\"section\" data-e-type=\"section\">\n\t\t\t\t\t\t<div class=\"elementor-container elementor-column-gap-default\">\n\t\t\t\t\t<div class=\"elementor-column elementor-col-100 elementor-inner-column elementor-element elementor-element-cacbc74\" data-id=\"cacbc74\" data-element_type=\"column\" data-e-type=\"column\">\n\t\t\t<div class=\"elementor-widget-wrap elementor-element-populated\">\n\t\t\t\t\t\t<div class=\"elementor-element elementor-element-7022cd8 elementor-widget elementor-widget-eael-creative-button\" data-id=\"7022cd8\" data-element_type=\"widget\" data-e-type=\"widget\" data-widget_type=\"eael-creative-button.default\">\n\t\t\t\t<div class=\"elementor-widget-container\">\n\t\t\t\t\t        <div class=\"eael-creative-button-wrapper\">\n\n            <a class=\"eael-creative-button eael-creative-button--shikoba eael-cb-icon-position-right\" href=\"https:\/\/www.ehrab.com\/\/om-ehrab\/\" data-text=\"\">\n            \t    \n                <div class=\"creative-button-inner\">\n\n                    \n                    <span class=\"cretive-button-text\">Przeczytaj wi\u0119cej o naszej ofercie.<\/span>\n\n                                            <span class=\"eael-creative-button-icon-right\"><i aria-hidden=\"true\" class=\"fas fa-long-arrow-alt-right\"><\/i><\/span>                                    <\/div>\n\t                        <\/a>\n        <\/div>\n        \t\t\t\t<\/div>\n\t\t\t\t<\/div>\n\t\t\t\t\t<\/div>\n\t\t<\/div>\n\t\t\t\t\t<\/div>\n\t\t<\/section>\n\t\t\t\t\t<\/div>\n\t\t<\/div>\n\t\t\t\t\t<\/div>\n\t\t<\/section>\n\t\t\t\t<\/div>\n\t\t","protected":false},"excerpt":{"rendered":"<p>Najnowsze wiadomo\u015bci o EHRAB Nasza oferta ZGODNO\u015a\u0106 Z PRZEPISAMI Wszyscy nasi pracownicy s\u0105 zatrudnieni w Szwecji, a to oznacza, \u017ce przestrzegamy szwedzkiego prawa oraz obowi\u0105zuj\u0105cych uk\u0142ad\u00f3w zbiorowych. JAKO\u015a\u0106 Nasza gwarancja jako\u015bci daje pewno\u015b\u0107, \u017ce zawsze do projektu dobrani zostan\u0105 pracownicy posiadaj\u0105cy odpowiednie umiej\u0119tno\u015bci zawodowe zwi\u0105zane z projektem. Dzia\u0142amy szybko, dostosowuj\u0105c kadr\u0119 do potrzeb klienta. SERWIS [&hellip;]<\/p>\n","protected":false},"author":6,"featured_media":0,"parent":0,"menu_order":0,"comment_status":"closed","ping_status":"closed","template":"","meta":{"_themeisle_gutenberg_block_has_review":false,"footnotes":""},"class_list":["post-4648","page","type-page","status-publish","hentry"],"_links":{"self":[{"href":"https:\/\/www.ehrab.com\/pl\/wp-json\/wp\/v2\/pages\/4648","targetHints":{"allow":["GET"]}}],"collection":[{"href":"https:\/\/www.ehrab.com\/pl\/wp-json\/wp\/v2\/pages"}],"about":[{"href":"https:\/\/www.ehrab.com\/pl\/wp-json\/wp\/v2\/types\/page"}],"author":[{"embeddable":true,"href":"https:\/\/www.ehrab.com\/pl\/wp-json\/wp\/v2\/users\/6"}],"replies":[{"embeddable":true,"href":"https:\/\/www.ehrab.com\/pl\/wp-json\/wp\/v2\/comments?post=4648"}],"version-history":[{"count":5,"href":"https:\/\/www.ehrab.com\/pl\/wp-json\/wp\/v2\/pages\/4648\/revisions"}],"predecessor-version":[{"id":5009,"href":"https:\/\/www.ehrab.com\/pl\/wp-json\/wp\/v2\/pages\/4648\/revisions\/5009"}],"wp:attachment":[{"href":"https:\/\/www.ehrab.com\/pl\/wp-json\/wp\/v2\/media?parent=4648"}],"curies":[{"name":"wp","href":"https:\/\/api.w.org\/{rel}","templated":true}]}}