{"id":4615,"date":"2022-11-11T08:57:30","date_gmt":"2022-11-11T08:57:30","guid":{"rendered":"https:\/\/ehrab.stg.geckodoit.com\/dyrektywa-o-delegowaniu-pracownikow\/"},"modified":"2023-04-24T14:58:38","modified_gmt":"2023-04-24T14:58:38","slug":"dyrektywa-o-delegowaniu-pracownikow","status":"publish","type":"page","link":"https:\/\/www.ehrab.com\/pl\/dyrektywa-o-delegowaniu-pracownikow\/","title":{"rendered":"Ustawa o delegowaniu pracownik\u00f3w"},"content":{"rendered":"\t\t<div data-elementor-type=\"wp-page\" data-elementor-id=\"4615\" class=\"elementor elementor-4615 elementor-1842\" data-elementor-post-type=\"page\">\n\t\t\t\t\t\t<section class=\"elementor-section elementor-top-section elementor-element elementor-element-de4d7b1 elementor-section-height-min-height elementor-section-boxed elementor-section-height-default elementor-section-items-middle\" data-id=\"de4d7b1\" data-element_type=\"section\" data-e-type=\"section\" data-settings=\"{&quot;background_background&quot;:&quot;video&quot;,&quot;background_video_link&quot;:&quot;https:\\\/\\\/www.ehrab.com\\\/\\\/wp-content\\\/uploads\\\/2022\\\/08\\\/ehrab_video_bg_1080p__4300kbps_bitrate.mp4&quot;,&quot;shape_divider_bottom&quot;:&quot;tilt&quot;,&quot;background_play_on_mobile&quot;:&quot;yes&quot;}\">\n\t\t\t\t\t\t\t\t<div class=\"elementor-background-video-container\">\n\t\t\t\t\t\t\t\t\t\t\t\t\t<video class=\"elementor-background-video-hosted\" role=\"presentation\" autoplay muted playsinline loop><\/video>\n\t\t\t\t\t\t\t\t\t\t\t<\/div>\n\t\t\t\t\t\t\t\t\t<div class=\"elementor-background-overlay\"><\/div>\n\t\t\t\t\t\t<div class=\"elementor-shape elementor-shape-bottom\" aria-hidden=\"true\" data-negative=\"false\">\n\t\t\t<svg xmlns=\"http:\/\/www.w3.org\/2000\/svg\" viewBox=\"0 0 1000 100\" preserveAspectRatio=\"none\">\n\t<path class=\"elementor-shape-fill\" d=\"M0,6V0h1000v100L0,6z\"\/>\n<\/svg>\t\t<\/div>\n\t\t\t\t\t<div class=\"elementor-container elementor-column-gap-default\">\n\t\t\t\t\t<div class=\"elementor-column elementor-col-100 elementor-top-column elementor-element elementor-element-19f4579\" data-id=\"19f4579\" data-element_type=\"column\" data-e-type=\"column\">\n\t\t\t<div class=\"elementor-widget-wrap elementor-element-populated\">\n\t\t\t\t\t\t<section class=\"elementor-section elementor-inner-section elementor-element elementor-element-54181c4 elementor-section-boxed elementor-section-height-default elementor-section-height-default\" data-id=\"54181c4\" data-element_type=\"section\" data-e-type=\"section\">\n\t\t\t\t\t\t<div class=\"elementor-container elementor-column-gap-default\">\n\t\t\t\t\t<div class=\"elementor-column elementor-col-16 elementor-inner-column elementor-element elementor-element-f2deb7c\" data-id=\"f2deb7c\" data-element_type=\"column\" data-e-type=\"column\">\n\t\t\t<div class=\"elementor-widget-wrap elementor-element-populated\">\n\t\t\t\t\t\t<div class=\"elementor-element elementor-element-456d34a elementor-widget elementor-widget-image\" data-id=\"456d34a\" data-element_type=\"widget\" data-e-type=\"widget\" data-widget_type=\"image.default\">\n\t\t\t\t<div class=\"elementor-widget-container\">\n\t\t\t\t\t\t\t\t\t\t\t\t\t\t\t<img fetchpriority=\"high\" decoding=\"async\" width=\"200\" height=\"262\" src=\"https:\/\/www.ehrab.com\/wp-content\/uploads\/2022\/08\/ehrab-symbol.png\" class=\"attachment-large size-large wp-image-56\" alt=\"\" \/>\t\t\t\t\t\t\t\t\t\t\t\t\t\t\t<\/div>\n\t\t\t\t<\/div>\n\t\t\t\t\t<\/div>\n\t\t<\/div>\n\t\t\t\t<div class=\"elementor-column elementor-col-66 elementor-inner-column elementor-element elementor-element-0496d8d\" data-id=\"0496d8d\" data-element_type=\"column\" data-e-type=\"column\">\n\t\t\t<div class=\"elementor-widget-wrap elementor-element-populated\">\n\t\t\t\t\t\t<div class=\"elementor-element elementor-element-aabe90f elementor-widget elementor-widget-heading\" data-id=\"aabe90f\" data-element_type=\"widget\" data-e-type=\"widget\" data-widget_type=\"heading.default\">\n\t\t\t\t<div class=\"elementor-widget-container\">\n\t\t\t\t\t<h1 class=\"elementor-heading-title elementor-size-default\">Dzi\u0119ki rozwi\u0105zaniom oferowanym przez firm\u0119 EHRAB nie b\u0119dziesz podlega\u0107 ustawie o delegowaniu pracownik\u00f3w. <\/h1>\t\t\t\t<\/div>\n\t\t\t\t<\/div>\n\t\t\t\t\t<\/div>\n\t\t<\/div>\n\t\t\t\t<div class=\"elementor-column elementor-col-16 elementor-inner-column elementor-element elementor-element-ec6cb5e\" data-id=\"ec6cb5e\" data-element_type=\"column\" data-e-type=\"column\">\n\t\t\t<div class=\"elementor-widget-wrap\">\n\t\t\t\t\t\t\t<\/div>\n\t\t<\/div>\n\t\t\t\t\t<\/div>\n\t\t<\/section>\n\t\t\t\t\t<\/div>\n\t\t<\/div>\n\t\t\t\t\t<\/div>\n\t\t<\/section>\n\t\t\t\t<section class=\"elementor-section elementor-top-section elementor-element elementor-element-85a9f65 elementor-section-boxed elementor-section-height-default elementor-section-height-default\" data-id=\"85a9f65\" data-element_type=\"section\" data-e-type=\"section\" data-settings=\"{&quot;background_background&quot;:&quot;classic&quot;}\">\n\t\t\t\t\t\t<div class=\"elementor-container elementor-column-gap-default\">\n\t\t\t\t\t<div class=\"elementor-column elementor-col-100 elementor-top-column elementor-element elementor-element-458e3ef\" data-id=\"458e3ef\" data-element_type=\"column\" data-e-type=\"column\">\n\t\t\t<div class=\"elementor-widget-wrap elementor-element-populated\">\n\t\t\t\t\t\t<section class=\"elementor-section elementor-inner-section elementor-element elementor-element-411a968 elementor-section-boxed elementor-section-height-default elementor-section-height-default\" data-id=\"411a968\" data-element_type=\"section\" data-e-type=\"section\">\n\t\t\t\t\t\t<div class=\"elementor-container elementor-column-gap-default\">\n\t\t\t\t\t<div class=\"elementor-column elementor-col-50 elementor-inner-column elementor-element elementor-element-cb3ad0d\" data-id=\"cb3ad0d\" data-element_type=\"column\" data-e-type=\"column\">\n\t\t\t<div class=\"elementor-widget-wrap elementor-element-populated\">\n\t\t\t\t\t\t<div class=\"elementor-element elementor-element-eab46d5 elementor-widget elementor-widget-text-editor\" data-id=\"eab46d5\" data-element_type=\"widget\" data-e-type=\"widget\" data-widget_type=\"text-editor.default\">\n\t\t\t\t<div class=\"elementor-widget-container\">\n\t\t\t\t\t\t\t\t\t<p><b>Je\u017celi wybierasz zagraniczne rozwi\u0105zanie kadrowe, w ramach kt\u00f3rego \u017cadni pracownicy nie s\u0105 zatrudniani lokalnie w Szwecji, musisz wiedzie\u0107, co oznacza dla Ciebie Dyrektywa o delegowaniu pracownik\u00f3w.&nbsp;<\/b><\/p>\n<p>Dyrektywa unijna precyzyjnie okre\u015bla mi\u0119dzy innymi zakres praw w\u0142asnych pracownik\u00f3w oraz prawo w\u0142a\u015bciwe dla zatrudnienia. Pracownik delegowany do Szwecji (niezatrudniony w Szwecji) mo\u017ce jednorazowo pracowa\u0107 w tym kraju maksymalnie przez 6 miesi\u0119cy.<\/p>\n<p>Dostawcy deleguj\u0105cy pracownik\u00f3w do Szwecji s\u0105 zobowi\u0105zani do wyznaczenia przedstawiciela uprawnionego do negocjowania i zawierania uk\u0142ad\u00f3w zbiorowych. Pracodawca musi r\u00f3wnie\u017c powiadomi\u0107 szwedzki urz\u0105d ds. \u015brodowiska pracy o osobie wyznaczonej do kontaktu. Je\u017celi nie posiadasz pe\u0142nej kontroli nad przestrzeganiem ustalonych wytycznych i zasad, mo\u017cesz narazi\u0107 t\u0119 firm\u0119 na strajk pracownik\u00f3w.&nbsp;<\/p>\n<p>Jako klienta firmy EHRAB nie dotyczy Ci\u0119 dyrektywa o delegowaniu pracownik\u00f3w ani \u017cadne zwi\u0105zane z ni\u0105 zasady i przepisy takie jak wyznaczenie lokalnego przedstawiciela zwi\u0105zk\u00f3w zawodowych i os\u00f3b do kontaktu ze szwedzkim urz\u0119dem ds. \u015brodowiska pracy albo poda\u0107 jak d\u0142ugo pracownicy delegowani mog\u0105 przebywa\u0107 na terytorium Unii Europejskiej.<\/p>\n<p>Wszyscy pracownicy zatrudnieni przez EHRAB w Szwecji s\u0105 wynagradzani lokalnie, a my przestrzegamy uk\u0142ad\u00f3w zbiorowych, wraz z wynikaj\u0105cym z nich bezpiecze\u0144stwem. To powoduje, \u017ce nasi pracownicy s\u0105 lojalni i pracuj\u0105 dla nas nieprzerwanie rok po roku. To z kolei w d\u0142u\u017cszej perspektywie daje Ci profesjonalnie wykwalifikowanych pracownik\u00f3w.<\/p>\n<p>Firma EHRAB zawsze dostarcza kompletne ekipy z mechanizmem zarz\u0105dzaniem prac\u0105. Poniewa\u017c realizujemy wiele projekt\u00f3w budowlanych na terytorium Szwecji, bez problemu mo\u017cemy przenie\u015b\u0107 sprawdzone profesjonalne ekipy na potrzeby Twojego projektu.&nbsp;<\/p>\n<p>EHRAB jest cz\u0142onkiem Szwedzkiego Przemys\u0142u Budowlanego oraz Stowarzyszenia Instalator\u00f3w.<\/p>\t\t\t\t\t\t\t\t<\/div>\n\t\t\t\t<\/div>\n\t\t\t\t\t<\/div>\n\t\t<\/div>\n\t\t\t\t<div class=\"elementor-column elementor-col-50 elementor-inner-column elementor-element elementor-element-a0571d2\" data-id=\"a0571d2\" data-element_type=\"column\" data-e-type=\"column\">\n\t\t\t<div class=\"elementor-widget-wrap elementor-element-populated\">\n\t\t\t\t\t\t<div class=\"elementor-element elementor-element-1aa7d0d elementor-widget elementor-widget-image\" data-id=\"1aa7d0d\" data-element_type=\"widget\" data-e-type=\"widget\" data-widget_type=\"image.default\">\n\t\t\t\t<div class=\"elementor-widget-container\">\n\t\t\t\t\t\t\t\t\t\t\t\t\t\t\t<img decoding=\"async\" width=\"800\" height=\"572\" src=\"https:\/\/www.ehrab.com\/wp-content\/uploads\/2022\/10\/Screenshot-2022-10-10-at-12.28.36-1024x732.jpg\" class=\"attachment-large size-large wp-image-2982\" alt=\"\" srcset=\"https:\/\/www.ehrab.com\/wp-content\/uploads\/2022\/10\/Screenshot-2022-10-10-at-12.28.36-1024x732.jpg 1024w, https:\/\/www.ehrab.com\/wp-content\/uploads\/2022\/10\/Screenshot-2022-10-10-at-12.28.36-300x214.jpg 300w, https:\/\/www.ehrab.com\/wp-content\/uploads\/2022\/10\/Screenshot-2022-10-10-at-12.28.36-768x549.jpg 768w, https:\/\/www.ehrab.com\/wp-content\/uploads\/2022\/10\/Screenshot-2022-10-10-at-12.28.36.jpg 1065w\" sizes=\"(max-width: 800px) 100vw, 800px\" \/>\t\t\t\t\t\t\t\t\t\t\t\t\t\t\t<\/div>\n\t\t\t\t<\/div>\n\t\t\t\t<div class=\"elementor-element elementor-element-1ccd589 elementor-widget elementor-widget-eael-creative-button\" data-id=\"1ccd589\" data-element_type=\"widget\" data-e-type=\"widget\" data-widget_type=\"eael-creative-button.default\">\n\t\t\t\t<div class=\"elementor-widget-container\">\n\t\t\t\t\t        <div class=\"eael-creative-button-wrapper\">\n\n            <a class=\"eael-creative-button eael-creative-button--shikoba eael-cb-icon-position-right\" href=\"#elementor-action%3Aaction%3Dpopup%3Aopen%26settings%3DeyJpZCI6IjM1MTYiLCJ0b2dnbGUiOmZhbHNlfQ%3D%3D\" data-text=\"\">\n            \t    \n                <div class=\"creative-button-inner\">\n\n                    \n                    <span class=\"cretive-button-text\">Pobierz plik PDF<\/span>\n\n                                            <span class=\"eael-creative-button-icon-right\"><i aria-hidden=\"true\" class=\"fas fa-file-pdf\"><\/i><\/span>                                    <\/div>\n\t                        <\/a>\n        <\/div>\n        \t\t\t\t<\/div>\n\t\t\t\t<\/div>\n\t\t\t\t<div class=\"elementor-element elementor-element-0bf4a47 elementor-widget elementor-widget-eael-creative-button\" data-id=\"0bf4a47\" data-element_type=\"widget\" data-e-type=\"widget\" data-widget_type=\"eael-creative-button.default\">\n\t\t\t\t<div class=\"elementor-widget-container\">\n\t\t\t\t\t        <div class=\"eael-creative-button-wrapper\">\n\n            <a class=\"eael-creative-button eael-creative-button--shikoba eael-cb-icon-position-right\" href=\"https:\/\/www.ehrab.com\/\/kontakt\/\" data-text=\"\">\n            \t    \n                <div class=\"creative-button-inner\">\n\n                    \n                    <span class=\"cretive-button-text\">Skontaktuj si\u0119 z nami, aby dowiedzie\u0107 si\u0119 wi\u0119cej.<\/span>\n\n                                            <span class=\"eael-creative-button-icon-right\"><i aria-hidden=\"true\" class=\"fas fa-long-arrow-alt-right\"><\/i><\/span>                                    <\/div>\n\t                        <\/a>\n        <\/div>\n        \t\t\t\t<\/div>\n\t\t\t\t<\/div>\n\t\t\t\t\t<\/div>\n\t\t<\/div>\n\t\t\t\t\t<\/div>\n\t\t<\/section>\n\t\t\t\t\t<\/div>\n\t\t<\/div>\n\t\t\t\t\t<\/div>\n\t\t<\/section>\n\t\t\t\t<section class=\"elementor-section elementor-top-section elementor-element elementor-element-3914c5c elementor-section-full_width elementor-section-height-default elementor-section-height-default\" data-id=\"3914c5c\" data-element_type=\"section\" data-e-type=\"section\">\n\t\t\t\t\t\t<div class=\"elementor-container elementor-column-gap-no\">\n\t\t\t\t\t<div class=\"elementor-column elementor-col-100 elementor-top-column elementor-element elementor-element-d725f1a\" data-id=\"d725f1a\" data-element_type=\"column\" data-e-type=\"column\">\n\t\t\t<div class=\"elementor-widget-wrap elementor-element-populated\">\n\t\t\t\t\t\t<div class=\"elementor-element elementor-element-de48e66 elementor-widget elementor-widget-template\" data-id=\"de48e66\" data-element_type=\"widget\" data-e-type=\"widget\" data-widget_type=\"template.default\">\n\t\t\t\t<div class=\"elementor-widget-container\">\n\t\t\t\t\t\t\t<div class=\"elementor-template\">\n\t\t\t\t\t<div data-elementor-type=\"section\" data-elementor-id=\"1578\" class=\"elementor elementor-1578\" data-elementor-post-type=\"elementor_library\">\n\t\t\t\t\t<section class=\"elementor-section elementor-top-section elementor-element elementor-element-264a7b4 elementor-section-boxed elementor-section-height-default elementor-section-height-default\" data-id=\"264a7b4\" data-element_type=\"section\" data-e-type=\"section\" data-settings=\"{&quot;background_background&quot;:&quot;classic&quot;}\">\n\t\t\t\t\t\t<div class=\"elementor-container elementor-column-gap-default\">\n\t\t\t\t\t<div class=\"elementor-column elementor-col-100 elementor-top-column elementor-element elementor-element-518037d9\" data-id=\"518037d9\" data-element_type=\"column\" data-e-type=\"column\">\n\t\t\t<div class=\"elementor-widget-wrap elementor-element-populated\">\n\t\t\t\t\t\t<div class=\"elementor-element elementor-element-ab62584 elementor-invisible elementor-widget elementor-widget-image\" data-id=\"ab62584\" data-element_type=\"widget\" data-e-type=\"widget\" data-settings=\"{&quot;_animation&quot;:&quot;fadeInDown&quot;}\" data-widget_type=\"image.default\">\n\t\t\t\t<div class=\"elementor-widget-container\">\n\t\t\t\t\t\t\t\t\t\t\t\t\t\t\t<img decoding=\"async\" width=\"1067\" height=\"62\" src=\"https:\/\/www.ehrab.com\/wp-content\/uploads\/2022\/09\/ehrab-byline.png\" class=\"attachment-full size-full wp-image-2839\" alt=\"\" srcset=\"https:\/\/www.ehrab.com\/wp-content\/uploads\/2022\/09\/ehrab-byline.png 1067w, https:\/\/www.ehrab.com\/wp-content\/uploads\/2022\/09\/ehrab-byline-300x17.png 300w, https:\/\/www.ehrab.com\/wp-content\/uploads\/2022\/09\/ehrab-byline-1024x60.png 1024w, https:\/\/www.ehrab.com\/wp-content\/uploads\/2022\/09\/ehrab-byline-768x45.png 768w\" sizes=\"(max-width: 1067px) 100vw, 1067px\" \/>\t\t\t\t\t\t\t\t\t\t\t\t\t\t\t<\/div>\n\t\t\t\t<\/div>\n\t\t\t\t\t<\/div>\n\t\t<\/div>\n\t\t\t\t\t<\/div>\n\t\t<\/section>\n\t\t\t\t<\/div>\n\t\t\t\t<\/div>\n\t\t\t\t\t\t<\/div>\n\t\t\t\t<\/div>\n\t\t\t\t\t<\/div>\n\t\t<\/div>\n\t\t\t\t\t<\/div>\n\t\t<\/section>\n\t\t\t\t<\/div>\n\t\t","protected":false},"excerpt":{"rendered":"<p>Dzi\u0119ki rozwi\u0105zaniom oferowanym przez firm\u0119 EHRAB nie b\u0119dziesz podlega\u0107 ustawie o delegowaniu pracownik\u00f3w. Je\u017celi wybierasz zagraniczne rozwi\u0105zanie kadrowe, w ramach kt\u00f3rego \u017cadni pracownicy nie s\u0105 zatrudniani lokalnie w Szwecji, musisz wiedzie\u0107, co oznacza dla Ciebie Dyrektywa o delegowaniu pracownik\u00f3w.&nbsp; Dyrektywa unijna precyzyjnie okre\u015bla mi\u0119dzy innymi zakres praw w\u0142asnych pracownik\u00f3w oraz prawo w\u0142a\u015bciwe dla zatrudnienia. Pracownik [&hellip;]<\/p>\n","protected":false},"author":6,"featured_media":0,"parent":0,"menu_order":0,"comment_status":"closed","ping_status":"closed","template":"","meta":{"_themeisle_gutenberg_block_has_review":false,"footnotes":""},"class_list":["post-4615","page","type-page","status-publish","hentry"],"_links":{"self":[{"href":"https:\/\/www.ehrab.com\/pl\/wp-json\/wp\/v2\/pages\/4615","targetHints":{"allow":["GET"]}}],"collection":[{"href":"https:\/\/www.ehrab.com\/pl\/wp-json\/wp\/v2\/pages"}],"about":[{"href":"https:\/\/www.ehrab.com\/pl\/wp-json\/wp\/v2\/types\/page"}],"author":[{"embeddable":true,"href":"https:\/\/www.ehrab.com\/pl\/wp-json\/wp\/v2\/users\/6"}],"replies":[{"embeddable":true,"href":"https:\/\/www.ehrab.com\/pl\/wp-json\/wp\/v2\/comments?post=4615"}],"version-history":[{"count":14,"href":"https:\/\/www.ehrab.com\/pl\/wp-json\/wp\/v2\/pages\/4615\/revisions"}],"predecessor-version":[{"id":7275,"href":"https:\/\/www.ehrab.com\/pl\/wp-json\/wp\/v2\/pages\/4615\/revisions\/7275"}],"wp:attachment":[{"href":"https:\/\/www.ehrab.com\/pl\/wp-json\/wp\/v2\/media?parent=4615"}],"curies":[{"name":"wp","href":"https:\/\/api.w.org\/{rel}","templated":true}]}}