{"id":4529,"date":"2022-11-11T08:26:12","date_gmt":"2022-11-11T08:26:12","guid":{"rendered":"https:\/\/ehrab.stg.geckodoit.com\/zdrowie-srodowisko-i-bezpieczenstwo\/"},"modified":"2022-12-09T15:16:26","modified_gmt":"2022-12-09T15:16:26","slug":"zdrowie-srodowisko-i-bezpieczenstwo","status":"publish","type":"page","link":"https:\/\/www.ehrab.com\/pl\/zdrowie-srodowisko-i-bezpieczenstwo\/","title":{"rendered":"Bezpiecze\u0144stwo i higiena pracy"},"content":{"rendered":"\t\t<div data-elementor-type=\"wp-page\" data-elementor-id=\"4529\" class=\"elementor elementor-4529 elementor-3894\" data-elementor-post-type=\"page\">\n\t\t\t\t\t\t<section class=\"elementor-section elementor-top-section elementor-element elementor-element-de4d7b1 elementor-section-height-min-height elementor-section-boxed elementor-section-height-default elementor-section-items-middle\" data-id=\"de4d7b1\" data-element_type=\"section\" data-e-type=\"section\" data-settings=\"{&quot;background_background&quot;:&quot;video&quot;,&quot;background_video_link&quot;:&quot;https:\\\/\\\/www.ehrab.com\\\/\\\/wp-content\\\/uploads\\\/2022\\\/08\\\/ehrab_video_bg_1080p__4300kbps_bitrate.mp4&quot;,&quot;shape_divider_bottom&quot;:&quot;tilt&quot;,&quot;background_play_on_mobile&quot;:&quot;yes&quot;}\">\n\t\t\t\t\t\t\t\t<div class=\"elementor-background-video-container\">\n\t\t\t\t\t\t\t\t\t\t\t\t\t<video class=\"elementor-background-video-hosted\" role=\"presentation\" autoplay muted playsinline loop><\/video>\n\t\t\t\t\t\t\t\t\t\t\t<\/div>\n\t\t\t\t\t\t\t\t\t<div class=\"elementor-background-overlay\"><\/div>\n\t\t\t\t\t\t<div class=\"elementor-shape elementor-shape-bottom\" aria-hidden=\"true\" data-negative=\"false\">\n\t\t\t<svg xmlns=\"http:\/\/www.w3.org\/2000\/svg\" viewBox=\"0 0 1000 100\" preserveAspectRatio=\"none\">\n\t<path class=\"elementor-shape-fill\" d=\"M0,6V0h1000v100L0,6z\"\/>\n<\/svg>\t\t<\/div>\n\t\t\t\t\t<div class=\"elementor-container elementor-column-gap-default\">\n\t\t\t\t\t<div class=\"elementor-column elementor-col-100 elementor-top-column elementor-element elementor-element-19f4579\" data-id=\"19f4579\" data-element_type=\"column\" data-e-type=\"column\">\n\t\t\t<div class=\"elementor-widget-wrap elementor-element-populated\">\n\t\t\t\t\t\t<section class=\"elementor-section elementor-inner-section elementor-element elementor-element-54181c4 elementor-section-boxed elementor-section-height-default elementor-section-height-default\" data-id=\"54181c4\" data-element_type=\"section\" data-e-type=\"section\">\n\t\t\t\t\t\t<div class=\"elementor-container elementor-column-gap-default\">\n\t\t\t\t\t<div class=\"elementor-column elementor-col-50 elementor-inner-column elementor-element elementor-element-f2deb7c\" data-id=\"f2deb7c\" data-element_type=\"column\" data-e-type=\"column\">\n\t\t\t<div class=\"elementor-widget-wrap elementor-element-populated\">\n\t\t\t\t\t\t<div class=\"elementor-element elementor-element-456d34a elementor-widget elementor-widget-image\" data-id=\"456d34a\" data-element_type=\"widget\" data-e-type=\"widget\" data-widget_type=\"image.default\">\n\t\t\t\t<div class=\"elementor-widget-container\">\n\t\t\t\t\t\t\t\t\t\t\t\t\t\t\t<img fetchpriority=\"high\" decoding=\"async\" width=\"200\" height=\"262\" src=\"https:\/\/www.ehrab.com\/wp-content\/uploads\/2022\/08\/ehrab-symbol.png\" class=\"attachment-large size-large wp-image-56\" alt=\"\" \/>\t\t\t\t\t\t\t\t\t\t\t\t\t\t\t<\/div>\n\t\t\t\t<\/div>\n\t\t\t\t\t<\/div>\n\t\t<\/div>\n\t\t\t\t<div class=\"elementor-column elementor-col-50 elementor-inner-column elementor-element elementor-element-0496d8d\" data-id=\"0496d8d\" data-element_type=\"column\" data-e-type=\"column\">\n\t\t\t<div class=\"elementor-widget-wrap elementor-element-populated\">\n\t\t\t\t\t\t<div class=\"elementor-element elementor-element-aabe90f elementor-widget elementor-widget-heading\" data-id=\"aabe90f\" data-element_type=\"widget\" data-e-type=\"widget\" data-widget_type=\"heading.default\">\n\t\t\t\t<div class=\"elementor-widget-container\">\n\t\t\t\t\t<h1 class=\"elementor-heading-title elementor-size-default\">Bezpiecze\u0144stwo i higiena pracy\n<\/h1>\t\t\t\t<\/div>\n\t\t\t\t<\/div>\n\t\t\t\t\t<\/div>\n\t\t<\/div>\n\t\t\t\t\t<\/div>\n\t\t<\/section>\n\t\t\t\t\t<\/div>\n\t\t<\/div>\n\t\t\t\t\t<\/div>\n\t\t<\/section>\n\t\t\t\t<section class=\"elementor-section elementor-top-section elementor-element elementor-element-85a9f65 elementor-section-boxed elementor-section-height-default elementor-section-height-default\" data-id=\"85a9f65\" data-element_type=\"section\" data-e-type=\"section\" data-settings=\"{&quot;background_background&quot;:&quot;classic&quot;}\">\n\t\t\t\t\t\t\t<div class=\"elementor-background-overlay\"><\/div>\n\t\t\t\t\t\t\t<div class=\"elementor-container elementor-column-gap-no\">\n\t\t\t\t\t<div class=\"elementor-column elementor-col-100 elementor-top-column elementor-element elementor-element-458e3ef\" data-id=\"458e3ef\" data-element_type=\"column\" data-e-type=\"column\">\n\t\t\t<div class=\"elementor-widget-wrap elementor-element-populated\">\n\t\t\t\t\t\t<section class=\"elementor-section elementor-inner-section elementor-element elementor-element-dacddd0 elementor-section-boxed elementor-section-height-default elementor-section-height-default\" data-id=\"dacddd0\" data-element_type=\"section\" data-e-type=\"section\">\n\t\t\t\t\t\t<div class=\"elementor-container elementor-column-gap-default\">\n\t\t\t\t\t<div class=\"elementor-column elementor-col-100 elementor-inner-column elementor-element elementor-element-4cf9c3d\" data-id=\"4cf9c3d\" data-element_type=\"column\" data-e-type=\"column\">\n\t\t\t<div class=\"elementor-widget-wrap elementor-element-populated\">\n\t\t\t\t\t\t<div class=\"elementor-element elementor-element-b0b9762 elementor-widget elementor-widget-text-editor\" data-id=\"b0b9762\" data-element_type=\"widget\" data-e-type=\"widget\" data-widget_type=\"text-editor.default\">\n\t\t\t\t<div class=\"elementor-widget-container\">\n\t\t\t\t\t\t\t\t\t<p>Dla firmy EHRAB kwestie zwi\u0105zane z bezpiecze\u0144stwem i higien\u0105 pracy oraz ochron\u0105 \u015brodowiska maj\u0105 najwy\u017csze znaczenie. Jeste\u015bmy powa\u017cnym partnerem i dlatego oczywiste jest, \u017ce nasi pracownicy przechodz\u0105 szkolenia niezb\u0119dne do wykonywanej pracy. Jest to podstawowa zasada w procesie dostarczania pracownik\u00f3w zgodnie z zasadami zr\u00f3wnowa\u017conego rozwoju. <\/p>\n\t\t\t\t\t\t\t\t<\/div>\n\t\t\t\t<\/div>\n\t\t\t\t<div class=\"elementor-element elementor-element-6d6a2f9 elementor-widget elementor-widget-text-editor\" data-id=\"6d6a2f9\" data-element_type=\"widget\" data-e-type=\"widget\" data-widget_type=\"text-editor.default\">\n\t\t\t\t<div class=\"elementor-widget-container\">\n\t\t\t\t\t\t\t\t\t<p>Wszyscy nasi pracownicy przechodz\u0105 szkolenia BHP dla utrzymania wysokiego poziomu bezpiecze\u0144stwa personelu. Po prostu dopasowujemy wymagania szkoleniowe naszych klient\u00f3w do poszczeg\u00f3lnych projekt\u00f3w i sprawdzamy, czy nasi pracownicy posiadaj\u0105 odpowiednie certyfikaty. W ten spos\u00f3b przy zleceniu naszej firmie znalezienia pracownik\u00f3w na plac budowy zawsze mo\u017cemy przedstawi\u0107 wykaz szkole\u0144, w jakich uczestniczy\u0142 dany pracownik. W ten spos\u00f3b nasz klient mo\u017ce spa\u0107 spokojnie, maj\u0105c pewno\u015b\u0107, \u017ce personel na budowie przeszed\u0142 odpowiednie przeszkolenie w zakresie bezpiecze\u0144stwa pracy i zna szwedzkie przepisy dotycz\u0105ce \u015brodowiska pracy.&nbsp;<\/p>\n<p>Zdecydowan\u0105 wi\u0119kszo\u015b\u0107 szkole\u0144 prowadzi nasza w\u0142asna szko\u0142a, to znaczy szko\u0142a EHRAB. Przyk\u0142adowe szkolenia, jakie oferujemy, to: bezpieczne podnoszenie, stawianie rusztowa\u0144, prace na gor\u0105co i bezpieczne prace budowlane. Je\u017celi nasi pracownicy musz\u0105 przej\u015b\u0107 szkolenia, kt\u00f3rych nie mo\u017cemy zapewni\u0107 w naszej firmie, anga\u017cujemy szkoleniowc\u00f3w z zewn\u0105trz. Przyk\u0142adowe szkolenia zewn\u0119trzne obejmuj\u0105 takie zagadnienia, jak: roboty drogowe, windy czy bezpiecze\u0144stwo elektryczne.<\/p>\n<p>Powo\u0142ali\u015bmy do \u017cycia szko\u0142\u0119 EHRAB, aby mie\u0107 pewno\u015b\u0107, \u017ce nasi pracownicy przechodz\u0105 potrzebne im szkolenia BHP i tym samym, stali\u015bmy si\u0119 przeciwwag\u0105 dla wszystkich agencji pracy w bran\u017cy budowlanej, kt\u00f3re nie traktuj\u0105 szkole\u0144 BHP powa\u017cnie, oszukuj\u0105 przy wystawianiu certyfikat\u00f3w i przy prowadzeniu szkole\u0144 dla pracownik\u00f3w.<\/p>\n<p>Wiemy, \u017ce nasi wyszkoleni pracownicy budowlani oraz powa\u017cna polityka, jak\u0105 prowadzimy w zakresie bezpiecze\u0144stwa, nie tylko stanowi\u0105 wielk\u0105 warto\u015b\u0107 dla naszych pracownik\u00f3w i dla naszych klient\u00f3w, lecz tak\u017ce \u017ce w sensie og\u00f3lnym stanowi to wielk\u0105 warto\u015b\u0107 dla ca\u0142ej bran\u017cy budowlanej.<\/p>\n<p>Wyznaczyli\u015bmy w naszej firmie osob\u0119 odpowiedzialn\u0105 za kwestie zwi\u0105zane z bezpiecze\u0144stwem i higien\u0105 pracy, aby mie\u0107 pewno\u015b\u0107, \u017ce nasi klienci r\u00f3wnie\u017c spe\u0142niaj\u0105 wymagania dotycz\u0105ce bezpiecznego \u015brodowiska pracy. Do obowi\u0105zk\u00f3w tej osoby nale\u017cy mi\u0119dzy innymi ci\u0105g\u0142e przeprowadzanie test\u00f3w i inspekcji na placach budowy, na kt\u00f3rych pracuj\u0105 nasi pracownicy.<\/p>\t\t\t\t\t\t\t\t<\/div>\n\t\t\t\t<\/div>\n\t\t\t\t\t<\/div>\n\t\t<\/div>\n\t\t\t\t\t<\/div>\n\t\t<\/section>\n\t\t\t\t<div class=\"elementor-element elementor-element-f7ee84c elementor-widget elementor-widget-eael-creative-button\" data-id=\"f7ee84c\" data-element_type=\"widget\" data-e-type=\"widget\" data-widget_type=\"eael-creative-button.default\">\n\t\t\t\t<div class=\"elementor-widget-container\">\n\t\t\t\t\t        <div class=\"eael-creative-button-wrapper\">\n\n            <a class=\"eael-creative-button eael-creative-button--shikoba eael-cb-icon-position-right\" href=\"https:\/\/www.ehrab.com\/\/pl\/kontakt\/\" data-text=\"\">\n            \t    \n                <div class=\"creative-button-inner\">\n\n                    \n                    <span class=\"cretive-button-text\">Skontaktuj si\u0119 z nami, aby dowiedzie\u0107 si\u0119 wi\u0119cej.<\/span>\n\n                                            <span class=\"eael-creative-button-icon-right\"><i aria-hidden=\"true\" class=\"fas fa-long-arrow-alt-right\"><\/i><\/span>                                    <\/div>\n\t                        <\/a>\n        <\/div>\n        \t\t\t\t<\/div>\n\t\t\t\t<\/div>\n\t\t\t\t\t<\/div>\n\t\t<\/div>\n\t\t\t\t\t<\/div>\n\t\t<\/section>\n\t\t\t\t<section class=\"elementor-section elementor-top-section elementor-element elementor-element-8a679a3 elementor-section-full_width elementor-section-height-default elementor-section-height-default\" data-id=\"8a679a3\" data-element_type=\"section\" data-e-type=\"section\">\n\t\t\t\t\t\t<div class=\"elementor-container elementor-column-gap-no\">\n\t\t\t\t\t<div class=\"elementor-column elementor-col-100 elementor-top-column elementor-element elementor-element-682db41\" data-id=\"682db41\" data-element_type=\"column\" data-e-type=\"column\">\n\t\t\t<div class=\"elementor-widget-wrap elementor-element-populated\">\n\t\t\t\t\t\t<div class=\"elementor-element elementor-element-9f820f0 elementor-widget elementor-widget-template\" data-id=\"9f820f0\" data-element_type=\"widget\" data-e-type=\"widget\" data-widget_type=\"template.default\">\n\t\t\t\t<div class=\"elementor-widget-container\">\n\t\t\t\t\t\t\t<div class=\"elementor-template\">\n\t\t\t\t\t<div data-elementor-type=\"section\" data-elementor-id=\"1578\" class=\"elementor elementor-1578\" data-elementor-post-type=\"elementor_library\">\n\t\t\t\t\t<section class=\"elementor-section elementor-top-section elementor-element elementor-element-264a7b4 elementor-section-boxed elementor-section-height-default elementor-section-height-default\" data-id=\"264a7b4\" data-element_type=\"section\" data-e-type=\"section\" data-settings=\"{&quot;background_background&quot;:&quot;classic&quot;}\">\n\t\t\t\t\t\t<div class=\"elementor-container elementor-column-gap-default\">\n\t\t\t\t\t<div class=\"elementor-column elementor-col-100 elementor-top-column elementor-element elementor-element-518037d9\" data-id=\"518037d9\" data-element_type=\"column\" data-e-type=\"column\">\n\t\t\t<div class=\"elementor-widget-wrap elementor-element-populated\">\n\t\t\t\t\t\t<div class=\"elementor-element elementor-element-ab62584 elementor-invisible elementor-widget elementor-widget-image\" data-id=\"ab62584\" data-element_type=\"widget\" data-e-type=\"widget\" data-settings=\"{&quot;_animation&quot;:&quot;fadeInDown&quot;}\" data-widget_type=\"image.default\">\n\t\t\t\t<div class=\"elementor-widget-container\">\n\t\t\t\t\t\t\t\t\t\t\t\t\t\t\t<img decoding=\"async\" width=\"1067\" height=\"62\" src=\"https:\/\/www.ehrab.com\/wp-content\/uploads\/2022\/09\/ehrab-byline.png\" class=\"attachment-full size-full wp-image-2839\" alt=\"\" srcset=\"https:\/\/www.ehrab.com\/wp-content\/uploads\/2022\/09\/ehrab-byline.png 1067w, https:\/\/www.ehrab.com\/wp-content\/uploads\/2022\/09\/ehrab-byline-300x17.png 300w, https:\/\/www.ehrab.com\/wp-content\/uploads\/2022\/09\/ehrab-byline-1024x60.png 1024w, https:\/\/www.ehrab.com\/wp-content\/uploads\/2022\/09\/ehrab-byline-768x45.png 768w\" sizes=\"(max-width: 1067px) 100vw, 1067px\" \/>\t\t\t\t\t\t\t\t\t\t\t\t\t\t\t<\/div>\n\t\t\t\t<\/div>\n\t\t\t\t\t<\/div>\n\t\t<\/div>\n\t\t\t\t\t<\/div>\n\t\t<\/section>\n\t\t\t\t<\/div>\n\t\t\t\t<\/div>\n\t\t\t\t\t\t<\/div>\n\t\t\t\t<\/div>\n\t\t\t\t\t<\/div>\n\t\t<\/div>\n\t\t\t\t\t<\/div>\n\t\t<\/section>\n\t\t\t\t<\/div>\n\t\t","protected":false},"excerpt":{"rendered":"<p>Bezpiecze\u0144stwo i higiena pracy Dla firmy EHRAB kwestie zwi\u0105zane z bezpiecze\u0144stwem i higien\u0105 pracy oraz ochron\u0105 \u015brodowiska maj\u0105 najwy\u017csze znaczenie. Jeste\u015bmy powa\u017cnym partnerem i dlatego oczywiste jest, \u017ce nasi pracownicy przechodz\u0105 szkolenia niezb\u0119dne do wykonywanej pracy. Jest to podstawowa zasada w procesie dostarczania pracownik\u00f3w zgodnie z zasadami zr\u00f3wnowa\u017conego rozwoju. Wszyscy nasi pracownicy przechodz\u0105 szkolenia BHP [&hellip;]<\/p>\n","protected":false},"author":6,"featured_media":0,"parent":0,"menu_order":0,"comment_status":"closed","ping_status":"closed","template":"","meta":{"_themeisle_gutenberg_block_has_review":false,"footnotes":""},"class_list":["post-4529","page","type-page","status-publish","hentry"],"_links":{"self":[{"href":"https:\/\/www.ehrab.com\/pl\/wp-json\/wp\/v2\/pages\/4529","targetHints":{"allow":["GET"]}}],"collection":[{"href":"https:\/\/www.ehrab.com\/pl\/wp-json\/wp\/v2\/pages"}],"about":[{"href":"https:\/\/www.ehrab.com\/pl\/wp-json\/wp\/v2\/types\/page"}],"author":[{"embeddable":true,"href":"https:\/\/www.ehrab.com\/pl\/wp-json\/wp\/v2\/users\/6"}],"replies":[{"embeddable":true,"href":"https:\/\/www.ehrab.com\/pl\/wp-json\/wp\/v2\/comments?post=4529"}],"version-history":[{"count":8,"href":"https:\/\/www.ehrab.com\/pl\/wp-json\/wp\/v2\/pages\/4529\/revisions"}],"predecessor-version":[{"id":6228,"href":"https:\/\/www.ehrab.com\/pl\/wp-json\/wp\/v2\/pages\/4529\/revisions\/6228"}],"wp:attachment":[{"href":"https:\/\/www.ehrab.com\/pl\/wp-json\/wp\/v2\/media?parent=4529"}],"curies":[{"name":"wp","href":"https:\/\/api.w.org\/{rel}","templated":true}]}}