{"id":4483,"date":"2022-11-03T09:30:49","date_gmt":"2022-11-03T09:30:49","guid":{"rendered":"https:\/\/ehrab.stg.geckodoit.com\/nieuws\/"},"modified":"2022-12-02T13:00:30","modified_gmt":"2022-12-02T13:00:30","slug":"nieuws","status":"publish","type":"page","link":"https:\/\/www.ehrab.com\/nl\/nieuws\/","title":{"rendered":"Nieuws"},"content":{"rendered":"\t\t<div data-elementor-type=\"wp-page\" data-elementor-id=\"4483\" class=\"elementor elementor-4483 elementor-1195\" data-elementor-post-type=\"page\">\n\t\t\t\t\t\t<section class=\"elementor-section elementor-top-section elementor-element elementor-element-de4d7b1 elementor-section-height-min-height elementor-section-boxed elementor-section-height-default elementor-section-items-middle\" data-id=\"de4d7b1\" data-element_type=\"section\" data-e-type=\"section\" data-settings=\"{&quot;background_background&quot;:&quot;video&quot;,&quot;background_video_link&quot;:&quot;https:\\\/\\\/www.ehrab.com\\\/\\\/wp-content\\\/uploads\\\/2022\\\/08\\\/ehrab_video_bg_1080p__4300kbps_bitrate.mp4&quot;,&quot;shape_divider_bottom&quot;:&quot;tilt&quot;,&quot;background_play_on_mobile&quot;:&quot;yes&quot;}\">\n\t\t\t\t\t\t\t\t<div class=\"elementor-background-video-container\">\n\t\t\t\t\t\t\t\t\t\t\t\t\t<video class=\"elementor-background-video-hosted\" role=\"presentation\" autoplay muted playsinline loop><\/video>\n\t\t\t\t\t\t\t\t\t\t\t<\/div>\n\t\t\t\t\t\t\t\t\t<div class=\"elementor-background-overlay\"><\/div>\n\t\t\t\t\t\t<div class=\"elementor-shape elementor-shape-bottom\" aria-hidden=\"true\" data-negative=\"false\">\n\t\t\t<svg xmlns=\"http:\/\/www.w3.org\/2000\/svg\" viewBox=\"0 0 1000 100\" preserveAspectRatio=\"none\">\n\t<path class=\"elementor-shape-fill\" d=\"M0,6V0h1000v100L0,6z\"\/>\n<\/svg>\t\t<\/div>\n\t\t\t\t\t<div class=\"elementor-container elementor-column-gap-default\">\n\t\t\t\t\t<div class=\"elementor-column elementor-col-100 elementor-top-column elementor-element elementor-element-19f4579\" data-id=\"19f4579\" data-element_type=\"column\" data-e-type=\"column\">\n\t\t\t<div class=\"elementor-widget-wrap elementor-element-populated\">\n\t\t\t\t\t\t<section class=\"elementor-section elementor-inner-section elementor-element elementor-element-54181c4 elementor-section-boxed elementor-section-height-default elementor-section-height-default\" data-id=\"54181c4\" data-element_type=\"section\" data-e-type=\"section\">\n\t\t\t\t\t\t<div class=\"elementor-container elementor-column-gap-default\">\n\t\t\t\t\t<div class=\"elementor-column elementor-col-16 elementor-inner-column elementor-element elementor-element-f2deb7c\" data-id=\"f2deb7c\" data-element_type=\"column\" data-e-type=\"column\">\n\t\t\t<div class=\"elementor-widget-wrap elementor-element-populated\">\n\t\t\t\t\t\t<div class=\"elementor-element elementor-element-456d34a elementor-widget elementor-widget-image\" data-id=\"456d34a\" data-element_type=\"widget\" data-e-type=\"widget\" data-widget_type=\"image.default\">\n\t\t\t\t<div class=\"elementor-widget-container\">\n\t\t\t\t\t\t\t\t\t\t\t\t\t\t\t<img fetchpriority=\"high\" decoding=\"async\" width=\"200\" height=\"262\" src=\"https:\/\/www.ehrab.com\/wp-content\/uploads\/2022\/08\/ehrab-symbol.png\" class=\"attachment-large size-large wp-image-52\" alt=\"\" \/>\t\t\t\t\t\t\t\t\t\t\t\t\t\t\t<\/div>\n\t\t\t\t<\/div>\n\t\t\t\t\t<\/div>\n\t\t<\/div>\n\t\t\t\t<div class=\"elementor-column elementor-col-66 elementor-inner-column elementor-element elementor-element-0496d8d\" data-id=\"0496d8d\" data-element_type=\"column\" data-e-type=\"column\">\n\t\t\t<div class=\"elementor-widget-wrap elementor-element-populated\">\n\t\t\t\t\t\t<div class=\"elementor-element elementor-element-aabe90f elementor-widget elementor-widget-heading\" data-id=\"aabe90f\" data-element_type=\"widget\" data-e-type=\"widget\" data-widget_type=\"heading.default\">\n\t\t\t\t<div class=\"elementor-widget-container\">\n\t\t\t\t\t<h1 class=\"elementor-heading-title elementor-size-default\">Laatste nieuws over EHRAB<\/h1>\t\t\t\t<\/div>\n\t\t\t\t<\/div>\n\t\t\t\t\t<\/div>\n\t\t<\/div>\n\t\t\t\t<div class=\"elementor-column elementor-col-16 elementor-inner-column elementor-element elementor-element-ec6cb5e\" data-id=\"ec6cb5e\" data-element_type=\"column\" data-e-type=\"column\">\n\t\t\t<div class=\"elementor-widget-wrap\">\n\t\t\t\t\t\t\t<\/div>\n\t\t<\/div>\n\t\t\t\t\t<\/div>\n\t\t<\/section>\n\t\t\t\t\t<\/div>\n\t\t<\/div>\n\t\t\t\t\t<\/div>\n\t\t<\/section>\n\t\t\t\t<section class=\"elementor-section elementor-top-section elementor-element elementor-element-1ae5d38 elementor-section-boxed elementor-section-height-default elementor-section-height-default\" data-id=\"1ae5d38\" data-element_type=\"section\" data-e-type=\"section\" data-settings=\"{&quot;background_background&quot;:&quot;classic&quot;}\">\n\t\t\t\t\t\t\t<div class=\"elementor-background-overlay\"><\/div>\n\t\t\t\t\t\t\t<div class=\"elementor-container elementor-column-gap-default\">\n\t\t\t\t\t<div class=\"elementor-column elementor-col-100 elementor-top-column elementor-element elementor-element-533daf4\" data-id=\"533daf4\" data-element_type=\"column\" data-e-type=\"column\" data-settings=\"{&quot;background_background&quot;:&quot;classic&quot;}\">\n\t\t\t<div class=\"elementor-widget-wrap elementor-element-populated\">\n\t\t\t\t\t\t<div class=\"elementor-element elementor-element-75a885c elementor-widget elementor-widget-text-editor\" data-id=\"75a885c\" data-element_type=\"widget\" data-e-type=\"widget\" data-widget_type=\"text-editor.default\">\n\t\t\t\t<div class=\"elementor-widget-container\">\n\t\t\t\t\t\t\t\t\t<p><script type=\"text\/javascript\">\n  jQuery( document ).ready( function( $ ) {\n\n          const URL = \"https:\/\/publish.ne.cision.com\/papi\/NewsFeed\/F99219B6071A4C91BAD608A6671C8748?format=json\"; \/\/ EN\n    \n    const truncate = (str, max, suffix) => str.length < max ? str : `${str.substr(0, str.substr(0, max - suffix.length).lastIndexOf(' '))}${suffix}`;\n\n    $.ajax({\n       url: URL,\n       type: 'GET',\n       success: function(response){\n         console.log(response);\n\n          let containerNews = $('.news-list');\n          const newsReport = response.Releases.filter(function (el)\n              {\n                return el.InformationType == 'NBR' || el.InformationType == 'PRM';\n              }\n              );\n            \/\/ item => item['InformationType'].indexOf('NBR') !== -1 && item => item['InformationType'].indexOf('PRM') !== -1);\n          console.log(newsReport);\n          if(newsReport.length === 0){\n            let empty = \"Data is empty\";\n            containerNews.append(empty);\n          }else {\n\n            newsReport.forEach(function(item, index, array) {\n\n              let listID = $('<span>Id: ' +item.Id+ '<\/span><\/br>');\n              let encryptedId = $('<span>EncryptedId: ' +item.EncryptedId+ '<\/span><\/br>');\n              let reUrl = $('<span>RawHtmlUrl: ' +item.RawHtmlUrl+ '<\/span>');\n              let createDate = $('<p class=\"create-date\">'+ moment(item.PublishDate, 'YYYY\/MM\/DD h:mm:ss').format(\"DD MMM . YYYY\") +'<\/p>');\n              let upDate = $('<p class=\"update-date\">LastChangeDate: '+ moment(item.LastChangeDate, 'YYYY\/MM\/DD h:mm:ss').format(\"YYYY\/MM\/DD\") +'<\/p>');\n              let title = $('<h3 class=\"title\"><a href=\"https:\/\/www.ehrab.com\/nl\/\/release\/?id='+item.EncryptedId+'\">'+ item.Title +'<\/a><\/h3>');\n              var shotIntro = truncate(item.Intro,170, '...');\n\n              let inTro = $('<p class=\"dec\">'+ shotIntro +'<\/p>');\n\n              let listImg = item.Images;\n              \/\/ console.log(listImg);\n              if(listImg.length === 0){\n                listImg = $('<div class=\"list-image elementor-column elementor-col-33 elementor-top-column elementor-element\" data-element_type=\"column\"><\/div>');\n                \/\/ let imgEmpty = 'https:\/\/ehrab.stg.geckodoit.com\/wp-content\/plugins\/elementor\/assets\/images\/placeholder.png';\n                \/\/ listImg.append('<img decoding=\"async\" src=\"'+imgEmpty+'\" \/>')\n              }else {\n                let imgs = item.Images[0].DownloadUrl;\n                \/\/ console.log(imgs);\n                listImg = $('<div class=\"list-image elementor-column elementor-col-33 elementor-top-column elementor-element\" data-element_type=\"column\"><\/div>');\n                listImg.append('<div class=\"api-image elementor-widget-container\"><img decoding=\"async\" src=\"'+imgs+'\"\/><\/div>');\n              }\n\n              let listCol = $('<div class=\"list-content elementor-column elementor-col-66 elementor-top-column elementor-element\" data-element_type=\"column\"><\/div>');\n              let listBody = $('<div class=\"api-body\"><\/div>');\n              let linkTopage = $('<a href=\"https:\/\/www.ehrab.com\/nl\/\/release\/?id='+item.EncryptedId+'\">Read more<\/a>');\n\n              listBody.append(listImg);\n              listCol.append(title);\n              listCol.append(inTro);\n              listCol.append(createDate);\n              listCol.appendTo(listBody);\n              listBody.appendTo(containerNews);\n              \/\/ console.log(\"has\");\n\n            });\n          };\n\n\n       },\n       error: function(error){\n           console.log(error);\n       }\n   });\n\n  });\n<\/script>\n<div class=\"content api-container\">\n\n  <div class=\"row padding financial featured-posts elementor-section elementor-container\">\n\n  <\/div>\n\n  <div class=\"row no-padding financial news-list-wrapper\">\n\n    <div class=\"news-list financial-list\"><\/div>\n\n\n    <\/div>\n\n\n  <\/div>\n\n\n\n<\/p>\n\t\t\t\t\t\t\t\t<\/div>\n\t\t\t\t<\/div>\n\t\t\t\t\t<\/div>\n\t\t<\/div>\n\t\t\t\t\t<\/div>\n\t\t<\/section>\n\t\t\t\t<section class=\"elementor-section elementor-top-section elementor-element elementor-element-003900e elementor-section-full_width elementor-section-height-default elementor-section-height-default\" data-id=\"003900e\" data-element_type=\"section\" data-e-type=\"section\">\n\t\t\t\t\t\t<div class=\"elementor-container elementor-column-gap-no\">\n\t\t\t\t\t<div class=\"elementor-column elementor-col-100 elementor-top-column elementor-element elementor-element-0549da4\" data-id=\"0549da4\" data-element_type=\"column\" data-e-type=\"column\">\n\t\t\t<div class=\"elementor-widget-wrap elementor-element-populated\">\n\t\t\t\t\t\t<div class=\"elementor-element elementor-element-576200a elementor-widget elementor-widget-template\" data-id=\"576200a\" data-element_type=\"widget\" data-e-type=\"widget\" data-widget_type=\"template.default\">\n\t\t\t\t<div class=\"elementor-widget-container\">\n\t\t\t\t\t\t\t<div class=\"elementor-template\">\n\t\t\t\t\t<div data-elementor-type=\"section\" data-elementor-id=\"1578\" class=\"elementor elementor-1578\" data-elementor-post-type=\"elementor_library\">\n\t\t\t\t\t<section class=\"elementor-section elementor-top-section elementor-element elementor-element-264a7b4 elementor-section-boxed elementor-section-height-default elementor-section-height-default\" data-id=\"264a7b4\" data-element_type=\"section\" data-e-type=\"section\" data-settings=\"{&quot;background_background&quot;:&quot;classic&quot;}\">\n\t\t\t\t\t\t<div class=\"elementor-container elementor-column-gap-default\">\n\t\t\t\t\t<div class=\"elementor-column elementor-col-100 elementor-top-column elementor-element elementor-element-518037d9\" data-id=\"518037d9\" data-element_type=\"column\" data-e-type=\"column\">\n\t\t\t<div class=\"elementor-widget-wrap elementor-element-populated\">\n\t\t\t\t\t\t<div class=\"elementor-element elementor-element-ab62584 elementor-invisible elementor-widget elementor-widget-image\" data-id=\"ab62584\" data-element_type=\"widget\" data-e-type=\"widget\" data-settings=\"{&quot;_animation&quot;:&quot;fadeInDown&quot;}\" data-widget_type=\"image.default\">\n\t\t\t\t<div class=\"elementor-widget-container\">\n\t\t\t\t\t\t\t\t\t\t\t\t\t\t\t<img decoding=\"async\" width=\"1067\" height=\"62\" src=\"https:\/\/www.ehrab.com\/wp-content\/uploads\/2022\/09\/ehrab-byline.png\" class=\"attachment-full size-full wp-image-2839\" alt=\"\" srcset=\"https:\/\/www.ehrab.com\/wp-content\/uploads\/2022\/09\/ehrab-byline.png 1067w, https:\/\/www.ehrab.com\/wp-content\/uploads\/2022\/09\/ehrab-byline-300x17.png 300w, https:\/\/www.ehrab.com\/wp-content\/uploads\/2022\/09\/ehrab-byline-1024x60.png 1024w, https:\/\/www.ehrab.com\/wp-content\/uploads\/2022\/09\/ehrab-byline-768x45.png 768w\" sizes=\"(max-width: 1067px) 100vw, 1067px\" \/>\t\t\t\t\t\t\t\t\t\t\t\t\t\t\t<\/div>\n\t\t\t\t<\/div>\n\t\t\t\t\t<\/div>\n\t\t<\/div>\n\t\t\t\t\t<\/div>\n\t\t<\/section>\n\t\t\t\t<\/div>\n\t\t\t\t<\/div>\n\t\t\t\t\t\t<\/div>\n\t\t\t\t<\/div>\n\t\t\t\t\t<\/div>\n\t\t<\/div>\n\t\t\t\t\t<\/div>\n\t\t<\/section>\n\t\t\t\t<section class=\"elementor-section elementor-top-section elementor-element elementor-element-3f44609 elementor-section-boxed elementor-section-height-default elementor-section-height-default\" data-id=\"3f44609\" data-element_type=\"section\" data-e-type=\"section\" data-settings=\"{&quot;background_background&quot;:&quot;gradient&quot;}\">\n\t\t\t\t\t\t<div class=\"elementor-container elementor-column-gap-default\">\n\t\t\t\t\t<div class=\"elementor-column elementor-col-100 elementor-top-column elementor-element elementor-element-9cee592\" data-id=\"9cee592\" data-element_type=\"column\" data-e-type=\"column\">\n\t\t\t<div class=\"elementor-widget-wrap elementor-element-populated\">\n\t\t\t\t\t\t<div class=\"elementor-element elementor-element-8bafdc5 elementor-widget elementor-widget-heading\" data-id=\"8bafdc5\" data-element_type=\"widget\" data-e-type=\"widget\" data-widget_type=\"heading.default\">\n\t\t\t\t<div class=\"elementor-widget-container\">\n\t\t\t\t\t<h2 class=\"elementor-heading-title elementor-size-default\">V\u00e5rt erbjudande<\/h2>\t\t\t\t<\/div>\n\t\t\t\t<\/div>\n\t\t\t\t<section class=\"elementor-section elementor-inner-section elementor-element elementor-element-1a687a1 elementor-section-boxed elementor-section-height-default elementor-section-height-default\" data-id=\"1a687a1\" data-element_type=\"section\" data-e-type=\"section\">\n\t\t\t\t\t\t<div class=\"elementor-container elementor-column-gap-default\">\n\t\t\t\t\t<div class=\"elementor-column elementor-col-50 elementor-inner-column elementor-element elementor-element-fc794ad\" data-id=\"fc794ad\" data-element_type=\"column\" data-e-type=\"column\" data-settings=\"{&quot;background_background&quot;:&quot;classic&quot;}\">\n\t\t\t<div class=\"elementor-widget-wrap elementor-element-populated\">\n\t\t\t\t\t\t<div class=\"elementor-element elementor-element-28c2079 eael-infobox-shape-square eael-infobox-hover-img-shape-square elementor-widget elementor-widget-eael-info-box\" data-id=\"28c2079\" data-element_type=\"widget\" data-e-type=\"widget\" data-widget_type=\"eael-info-box.default\">\n\t\t\t\t<div class=\"elementor-widget-container\">\n\t\t\t\t\t        <div class=\"eael-infobox icon-on-left\">\n\t            <div class=\"infobox-icon elementor-animation-grow\">\n\n                            <img decoding=\"async\" src=\"https:\/\/www.ehrab.com\/wp-content\/uploads\/2022\/08\/illu-A.png\" alt=\"\">\n            \n            \n            \n        <\/div>\n            <div class=\"infobox-content\">\n                    <div class=\"infobox-title-section\">\n                <h2 class=\"title\">Efterlevnad<\/h2>            <\/div>\n            <div><p>All v\u00e5r personal \u00e4r anst\u00e4llda i Sverige och vi f\u00f6ljer svensk lagstiftning och g\u00e4llande kollektivavtal.<\/p>\n<\/div>        <\/div>\n            <\/div>\n\n\t\t\t\t\t\t<\/div>\n\t\t\t\t<\/div>\n\t\t\t\t\t<\/div>\n\t\t<\/div>\n\t\t\t\t<div class=\"elementor-column elementor-col-50 elementor-inner-column elementor-element elementor-element-057b83a\" data-id=\"057b83a\" data-element_type=\"column\" data-e-type=\"column\" data-settings=\"{&quot;background_background&quot;:&quot;classic&quot;}\">\n\t\t\t<div class=\"elementor-widget-wrap elementor-element-populated\">\n\t\t\t\t\t\t<div class=\"elementor-element elementor-element-7cb4baa eael-infobox-shape-square eael-infobox-hover-img-shape-square elementor-widget elementor-widget-eael-info-box\" data-id=\"7cb4baa\" data-element_type=\"widget\" data-e-type=\"widget\" data-widget_type=\"eael-info-box.default\">\n\t\t\t\t<div class=\"elementor-widget-container\">\n\t\t\t\t\t        <div class=\"eael-infobox icon-on-left\">\n\t            <div class=\"infobox-icon elementor-animation-grow\">\n\n                            <img decoding=\"async\" src=\"https:\/\/www.ehrab.com\/wp-content\/uploads\/2022\/08\/illu-B.png\" alt=\"\">\n            \n            \n            \n        <\/div>\n            <div class=\"infobox-content\">\n                    <div class=\"infobox-title-section\">\n                <h2 class=\"title\">KVALITET<\/h2>            <\/div>\n            <div><p>V\u00e5r kvalitetsgaranti s\u00e4kerst\u00e4ller att ni alltid har r\u00e4tt yrkeskunnig kompetens p\u00e5 projektet. Vi agerar snabbt och anpassar personalstyrkan utifr\u00e5n behov.<\/p>\n<\/div>        <\/div>\n            <\/div>\n\n\t\t\t\t\t\t<\/div>\n\t\t\t\t<\/div>\n\t\t\t\t\t<\/div>\n\t\t<\/div>\n\t\t\t\t\t<\/div>\n\t\t<\/section>\n\t\t\t\t<section class=\"elementor-section elementor-inner-section elementor-element elementor-element-7044601 elementor-section-boxed elementor-section-height-default elementor-section-height-default\" data-id=\"7044601\" data-element_type=\"section\" data-e-type=\"section\">\n\t\t\t\t\t\t<div class=\"elementor-container elementor-column-gap-default\">\n\t\t\t\t\t<div class=\"elementor-column elementor-col-50 elementor-inner-column elementor-element elementor-element-1cc1682\" data-id=\"1cc1682\" data-element_type=\"column\" data-e-type=\"column\" data-settings=\"{&quot;background_background&quot;:&quot;classic&quot;}\">\n\t\t\t<div class=\"elementor-widget-wrap elementor-element-populated\">\n\t\t\t\t\t\t<div class=\"elementor-element elementor-element-812f5fd eael-infobox-shape-square eael-infobox-hover-img-shape-square elementor-widget elementor-widget-eael-info-box\" data-id=\"812f5fd\" data-element_type=\"widget\" data-e-type=\"widget\" data-widget_type=\"eael-info-box.default\">\n\t\t\t\t<div class=\"elementor-widget-container\">\n\t\t\t\t\t        <div class=\"eael-infobox icon-on-left\">\n\t            <div class=\"infobox-icon elementor-animation-grow\">\n\n                            <img decoding=\"async\" src=\"https:\/\/www.ehrab.com\/wp-content\/uploads\/2022\/08\/illu-C.png\" alt=\"\">\n            \n            \n            \n        <\/div>\n            <div class=\"infobox-content\">\n                    <div class=\"infobox-title-section\">\n                <h2 class=\"title\">SERVICE &amp; SUPPORT<\/h2>            <\/div>\n            <div><p>V\u00e5ra tj\u00e4nster st\u00f6ds av en unik \u2013 24 timmar\/365 dagar service, med onsite- och offsite management.<\/p>\n<\/div>        <\/div>\n            <\/div>\n\n\t\t\t\t\t\t<\/div>\n\t\t\t\t<\/div>\n\t\t\t\t\t<\/div>\n\t\t<\/div>\n\t\t\t\t<div class=\"elementor-column elementor-col-50 elementor-inner-column elementor-element elementor-element-d2294c9\" data-id=\"d2294c9\" data-element_type=\"column\" data-e-type=\"column\" data-settings=\"{&quot;background_background&quot;:&quot;classic&quot;}\">\n\t\t\t<div class=\"elementor-widget-wrap elementor-element-populated\">\n\t\t\t\t\t\t<div class=\"elementor-element elementor-element-85c83ba eael-infobox-shape-square eael-infobox-hover-img-shape-square elementor-widget elementor-widget-eael-info-box\" data-id=\"85c83ba\" data-element_type=\"widget\" data-e-type=\"widget\" data-widget_type=\"eael-info-box.default\">\n\t\t\t\t<div class=\"elementor-widget-container\">\n\t\t\t\t\t        <div class=\"eael-infobox icon-on-left\">\n\t            <div class=\"infobox-icon elementor-animation-grow\">\n\n                            <img decoding=\"async\" src=\"https:\/\/www.ehrab.com\/wp-content\/uploads\/2022\/08\/illu-D.png\" alt=\"\">\n            \n            \n            \n        <\/div>\n            <div class=\"infobox-content\">\n                    <div class=\"infobox-title-section\">\n                <h2 class=\"title\">KOMMUNIKATION<\/h2>            <\/div>\n            <div><p>Med engelsktalande arbetsledning st\u00e4rker vi kommunikationen vilket \u00e4r en central del f\u00f6r ett lyckat byggprojekt<\/p>\n<\/div>        <\/div>\n            <\/div>\n\n\t\t\t\t\t\t<\/div>\n\t\t\t\t<\/div>\n\t\t\t\t\t<\/div>\n\t\t<\/div>\n\t\t\t\t\t<\/div>\n\t\t<\/section>\n\t\t\t\t<section class=\"elementor-section elementor-inner-section elementor-element elementor-element-9392d78 elementor-section-boxed elementor-section-height-default elementor-section-height-default\" data-id=\"9392d78\" data-element_type=\"section\" data-e-type=\"section\">\n\t\t\t\t\t\t<div class=\"elementor-container elementor-column-gap-default\">\n\t\t\t\t\t<div class=\"elementor-column elementor-col-100 elementor-inner-column elementor-element elementor-element-7fd83cd\" data-id=\"7fd83cd\" data-element_type=\"column\" data-e-type=\"column\">\n\t\t\t<div class=\"elementor-widget-wrap elementor-element-populated\">\n\t\t\t\t\t\t<div class=\"elementor-element elementor-element-f0f4523 elementor-widget elementor-widget-eael-creative-button\" data-id=\"f0f4523\" data-element_type=\"widget\" data-e-type=\"widget\" data-widget_type=\"eael-creative-button.default\">\n\t\t\t\t<div class=\"elementor-widget-container\">\n\t\t\t\t\t        <div class=\"eael-creative-button-wrapper\">\n\n            <a class=\"eael-creative-button eael-creative-button--shikoba eael-cb-icon-position-right\" href=\"https:\/\/www.ehrab.com\/\/nl\/over-ons\/\" data-text=\"\">\n            \t    \n                <div class=\"creative-button-inner\">\n\n                    \n                    <span class=\"cretive-button-text\">L\u00e4s mer om v\u00e5rt erbjudande<\/span>\n\n                                            <span class=\"eael-creative-button-icon-right\"><i aria-hidden=\"true\" class=\"fas fa-long-arrow-alt-right\"><\/i><\/span>                                    <\/div>\n\t                        <\/a>\n        <\/div>\n        \t\t\t\t<\/div>\n\t\t\t\t<\/div>\n\t\t\t\t\t<\/div>\n\t\t<\/div>\n\t\t\t\t\t<\/div>\n\t\t<\/section>\n\t\t\t\t\t<\/div>\n\t\t<\/div>\n\t\t\t\t\t<\/div>\n\t\t<\/section>\n\t\t\t\t<\/div>\n\t\t","protected":false},"excerpt":{"rendered":"<p>Laatste nieuws over EHRAB V\u00e5rt erbjudande Efterlevnad All v\u00e5r personal \u00e4r anst\u00e4llda i Sverige och vi f\u00f6ljer svensk lagstiftning och g\u00e4llande kollektivavtal. KVALITET V\u00e5r kvalitetsgaranti s\u00e4kerst\u00e4ller att ni alltid har r\u00e4tt yrkeskunnig kompetens p\u00e5 projektet. Vi agerar snabbt och anpassar personalstyrkan utifr\u00e5n behov. SERVICE &amp; SUPPORT V\u00e5ra tj\u00e4nster st\u00f6ds av en unik \u2013 24 timmar\/365 [&hellip;]<\/p>\n","protected":false},"author":6,"featured_media":0,"parent":0,"menu_order":0,"comment_status":"closed","ping_status":"closed","template":"","meta":{"_themeisle_gutenberg_block_has_review":false,"footnotes":""},"class_list":["post-4483","page","type-page","status-publish","hentry"],"_links":{"self":[{"href":"https:\/\/www.ehrab.com\/nl\/wp-json\/wp\/v2\/pages\/4483","targetHints":{"allow":["GET"]}}],"collection":[{"href":"https:\/\/www.ehrab.com\/nl\/wp-json\/wp\/v2\/pages"}],"about":[{"href":"https:\/\/www.ehrab.com\/nl\/wp-json\/wp\/v2\/types\/page"}],"author":[{"embeddable":true,"href":"https:\/\/www.ehrab.com\/nl\/wp-json\/wp\/v2\/users\/6"}],"replies":[{"embeddable":true,"href":"https:\/\/www.ehrab.com\/nl\/wp-json\/wp\/v2\/comments?post=4483"}],"version-history":[{"count":9,"href":"https:\/\/www.ehrab.com\/nl\/wp-json\/wp\/v2\/pages\/4483\/revisions"}],"predecessor-version":[{"id":5307,"href":"https:\/\/www.ehrab.com\/nl\/wp-json\/wp\/v2\/pages\/4483\/revisions\/5307"}],"wp:attachment":[{"href":"https:\/\/www.ehrab.com\/nl\/wp-json\/wp\/v2\/media?parent=4483"}],"curies":[{"name":"wp","href":"https:\/\/api.w.org\/{rel}","templated":true}]}}