{"id":2971,"date":"2022-10-10T07:13:18","date_gmt":"2022-10-10T07:13:18","guid":{"rendered":"https:\/\/ehrab.stg.geckodoit.com\/id06-en\/"},"modified":"2022-12-20T22:14:44","modified_gmt":"2022-12-20T22:14:44","slug":"id06-en","status":"publish","type":"page","link":"https:\/\/www.ehrab.com\/en\/id06-en\/","title":{"rendered":"ID06"},"content":{"rendered":"\t\t<div data-elementor-type=\"wp-page\" data-elementor-id=\"2971\" class=\"elementor elementor-2971 elementor-1185\" data-elementor-post-type=\"page\">\n\t\t\t\t\t\t<section class=\"elementor-section elementor-top-section elementor-element elementor-element-de4d7b1 elementor-section-height-min-height elementor-section-boxed elementor-section-height-default elementor-section-items-middle\" data-id=\"de4d7b1\" data-element_type=\"section\" data-e-type=\"section\" data-settings=\"{&quot;background_background&quot;:&quot;video&quot;,&quot;background_video_link&quot;:&quot;https:\\\/\\\/www.ehrab.com\\\/\\\/wp-content\\\/uploads\\\/2022\\\/08\\\/ehrab_video_bg_1080p__4300kbps_bitrate.mp4&quot;,&quot;shape_divider_bottom&quot;:&quot;tilt&quot;,&quot;background_play_on_mobile&quot;:&quot;yes&quot;}\">\n\t\t\t\t\t\t\t\t<div class=\"elementor-background-video-container\">\n\t\t\t\t\t\t\t\t\t\t\t\t\t<video class=\"elementor-background-video-hosted\" role=\"presentation\" autoplay muted playsinline loop><\/video>\n\t\t\t\t\t\t\t\t\t\t\t<\/div>\n\t\t\t\t\t\t\t\t\t<div class=\"elementor-background-overlay\"><\/div>\n\t\t\t\t\t\t<div class=\"elementor-shape elementor-shape-bottom\" aria-hidden=\"true\" data-negative=\"false\">\n\t\t\t<svg xmlns=\"http:\/\/www.w3.org\/2000\/svg\" viewBox=\"0 0 1000 100\" preserveAspectRatio=\"none\">\n\t<path class=\"elementor-shape-fill\" d=\"M0,6V0h1000v100L0,6z\"\/>\n<\/svg>\t\t<\/div>\n\t\t\t\t\t<div class=\"elementor-container elementor-column-gap-default\">\n\t\t\t\t\t<div class=\"elementor-column elementor-col-100 elementor-top-column elementor-element elementor-element-19f4579\" data-id=\"19f4579\" data-element_type=\"column\" data-e-type=\"column\">\n\t\t\t<div class=\"elementor-widget-wrap elementor-element-populated\">\n\t\t\t\t\t\t<section class=\"elementor-section elementor-inner-section elementor-element elementor-element-54181c4 elementor-section-boxed elementor-section-height-default elementor-section-height-default\" data-id=\"54181c4\" data-element_type=\"section\" data-e-type=\"section\">\n\t\t\t\t\t\t<div class=\"elementor-container elementor-column-gap-default\">\n\t\t\t\t\t<div class=\"elementor-column elementor-col-16 elementor-inner-column elementor-element elementor-element-f2deb7c\" data-id=\"f2deb7c\" data-element_type=\"column\" data-e-type=\"column\">\n\t\t\t<div class=\"elementor-widget-wrap elementor-element-populated\">\n\t\t\t\t\t\t<div class=\"elementor-element elementor-element-456d34a elementor-widget elementor-widget-image\" data-id=\"456d34a\" data-element_type=\"widget\" data-e-type=\"widget\" data-widget_type=\"image.default\">\n\t\t\t\t<div class=\"elementor-widget-container\">\n\t\t\t\t\t\t\t\t\t\t\t\t\t\t\t<img fetchpriority=\"high\" decoding=\"async\" width=\"200\" height=\"262\" src=\"https:\/\/www.ehrab.com\/wp-content\/uploads\/2022\/08\/ehrab-symbol.png\" class=\"attachment-large size-large wp-image-53\" alt=\"\" \/>\t\t\t\t\t\t\t\t\t\t\t\t\t\t\t<\/div>\n\t\t\t\t<\/div>\n\t\t\t\t\t<\/div>\n\t\t<\/div>\n\t\t\t\t<div class=\"elementor-column elementor-col-66 elementor-inner-column elementor-element elementor-element-0496d8d\" data-id=\"0496d8d\" data-element_type=\"column\" data-e-type=\"column\">\n\t\t\t<div class=\"elementor-widget-wrap elementor-element-populated\">\n\t\t\t\t\t\t<div class=\"elementor-element elementor-element-aabe90f elementor-widget elementor-widget-heading\" data-id=\"aabe90f\" data-element_type=\"widget\" data-e-type=\"widget\" data-widget_type=\"heading.default\">\n\t\t\t\t<div class=\"elementor-widget-container\">\n\t\t\t\t\t<h1 class=\"elementor-heading-title elementor-size-default\">Increased security with ID06<\/h1>\t\t\t\t<\/div>\n\t\t\t\t<\/div>\n\t\t\t\t\t<\/div>\n\t\t<\/div>\n\t\t\t\t<div class=\"elementor-column elementor-col-16 elementor-inner-column elementor-element elementor-element-ec6cb5e\" data-id=\"ec6cb5e\" data-element_type=\"column\" data-e-type=\"column\">\n\t\t\t<div class=\"elementor-widget-wrap\">\n\t\t\t\t\t\t\t<\/div>\n\t\t<\/div>\n\t\t\t\t\t<\/div>\n\t\t<\/section>\n\t\t\t\t\t<\/div>\n\t\t<\/div>\n\t\t\t\t\t<\/div>\n\t\t<\/section>\n\t\t\t\t<section class=\"elementor-section elementor-top-section elementor-element elementor-element-85a9f65 elementor-section-boxed elementor-section-height-default elementor-section-height-default\" data-id=\"85a9f65\" data-element_type=\"section\" data-e-type=\"section\" data-settings=\"{&quot;background_background&quot;:&quot;classic&quot;}\">\n\t\t\t\t\t\t<div class=\"elementor-container elementor-column-gap-default\">\n\t\t\t\t\t<div class=\"elementor-column elementor-col-100 elementor-top-column elementor-element elementor-element-458e3ef\" data-id=\"458e3ef\" data-element_type=\"column\" data-e-type=\"column\">\n\t\t\t<div class=\"elementor-widget-wrap elementor-element-populated\">\n\t\t\t\t\t\t<section class=\"elementor-section elementor-inner-section elementor-element elementor-element-411a968 elementor-section-boxed elementor-section-height-default elementor-section-height-default\" data-id=\"411a968\" data-element_type=\"section\" data-e-type=\"section\">\n\t\t\t\t\t\t<div class=\"elementor-container elementor-column-gap-default\">\n\t\t\t\t\t<div class=\"elementor-column elementor-col-100 elementor-inner-column elementor-element elementor-element-cb3ad0d\" data-id=\"cb3ad0d\" data-element_type=\"column\" data-e-type=\"column\">\n\t\t\t<div class=\"elementor-widget-wrap elementor-element-populated\">\n\t\t\t\t\t\t<div class=\"elementor-element elementor-element-eab46d5 elementor-widget elementor-widget-text-editor\" data-id=\"eab46d5\" data-element_type=\"widget\" data-e-type=\"widget\" data-widget_type=\"text-editor.default\">\n\t\t\t\t<div class=\"elementor-widget-container\">\n\t\t\t\t\t\t\t\t\t<p>The purpose of ID06 and the Personal Data Act is to combat undeclared work and unfair competition in the construction sector. With ID06, people can be easily identified at the construction site and you can be sure that each worker is linked to an employer, which increases security on the work site because there can only be one secure identity per card and company. ID06 consists of two parts: verification of companies joining ID06 and ensuring the identity of individuals who will have an ID06 card.<\/p>\n<p>ID06 has several uses; attendance registration in electronic personnel registers (mandatory for all construction sites since 2016), the possibility to digitise training certificates, as well as entry and locking functions<\/p>\n<p><strong>The ID06 system consists of:<\/strong><\/p>\n<ul>\n<li>Mandatory personal ID06 card for everyone staying at an ID06-connected workplace.<\/li>\n<li>Traceable logs for entry and exit in the workplace personnel register.<\/li>\n<li>Digital personnel register that meets legal requirements from the 1st of January 2016.<\/li>\n<li>Centralized blocking to ensure security and availability.<\/li>\n<li>Database of digital diplomas.<\/li>\n<\/ul>\n<p>EHRAB staff are, of course, equipped with ID06 and identification when they are out on their construction sites.<\/p>\n<p><strong>How do I get ID06?<\/strong><\/p>\n<p>The company signatory\/person delegated by the company signatory in your company contacts one of the authorised ID06 card companies.&nbsp;&nbsp;You can find them and their contact details on the ID06 website here: <a href=\"https:\/\/www.id06.se\/partners\/\" target=\"_blank\" rel=\"noopener\">id06.se.<\/a> ID06 is also present in three locations in Poland through a local Polish partner.<\/p>\n<p>ID06 accepts a valid passport, national ID (which is also valid for travel within the EU) and digital BankID as identification.&nbsp;<\/p>\n<p><strong>Mobile ID06 card<\/strong><\/p>\n<p>ID06 has also developed a secure mobile ID06 card. The mobile card can be compared to a mobile BankID and has the same functions as the physical ID06 card and can thus be used for registration in an electronic personal cash register and for entry and exit at the workplace.&nbsp;&nbsp;<\/p>\n<p><em>ID06 is an independent, non-profit company jointly owned by Byggf\u00f6retagen, Byggherrarna, Fastighets\u00e4garna, Sveriges Allm\u00e4nnytta, Installat\u00f6rsf\u00f6retagen Maskinentrepren\u00f6rerna, Pl\u00e5t- och Ventf\u00f6retagen, Glasbranschf\u00f6reningen, Transportf\u00f6retagen and M\u00e5lerif\u00f6retagen.<\/em><\/p>\t\t\t\t\t\t\t\t<\/div>\n\t\t\t\t<\/div>\n\t\t\t\t\t<\/div>\n\t\t<\/div>\n\t\t\t\t\t<\/div>\n\t\t<\/section>\n\t\t\t\t\t<\/div>\n\t\t<\/div>\n\t\t\t\t\t<\/div>\n\t\t<\/section>\n\t\t\t\t<section class=\"elementor-section elementor-top-section elementor-element elementor-element-3914c5c elementor-section-full_width elementor-section-height-default elementor-section-height-default\" data-id=\"3914c5c\" data-element_type=\"section\" data-e-type=\"section\">\n\t\t\t\t\t\t<div class=\"elementor-container elementor-column-gap-no\">\n\t\t\t\t\t<div class=\"elementor-column elementor-col-100 elementor-top-column elementor-element elementor-element-d725f1a\" data-id=\"d725f1a\" data-element_type=\"column\" data-e-type=\"column\">\n\t\t\t<div class=\"elementor-widget-wrap elementor-element-populated\">\n\t\t\t\t\t\t<div class=\"elementor-element elementor-element-de48e66 elementor-widget elementor-widget-template\" data-id=\"de48e66\" data-element_type=\"widget\" data-e-type=\"widget\" data-widget_type=\"template.default\">\n\t\t\t\t<div class=\"elementor-widget-container\">\n\t\t\t\t\t\t\t<div class=\"elementor-template\">\n\t\t\t\t\t<div data-elementor-type=\"section\" data-elementor-id=\"3496\" class=\"elementor elementor-3496 elementor-1578\" data-elementor-post-type=\"elementor_library\">\n\t\t\t\t\t<section class=\"elementor-section elementor-top-section elementor-element elementor-element-264a7b4 elementor-section-boxed elementor-section-height-default elementor-section-height-default\" data-id=\"264a7b4\" data-element_type=\"section\" data-e-type=\"section\" data-settings=\"{&quot;background_background&quot;:&quot;classic&quot;}\">\n\t\t\t\t\t\t<div class=\"elementor-container elementor-column-gap-default\">\n\t\t\t\t\t<div class=\"elementor-column elementor-col-100 elementor-top-column elementor-element elementor-element-518037d9\" data-id=\"518037d9\" data-element_type=\"column\" data-e-type=\"column\">\n\t\t\t<div class=\"elementor-widget-wrap elementor-element-populated\">\n\t\t\t\t\t\t<div class=\"elementor-element elementor-element-ab62584 elementor-invisible elementor-widget elementor-widget-image\" data-id=\"ab62584\" data-element_type=\"widget\" data-e-type=\"widget\" data-settings=\"{&quot;_animation&quot;:&quot;fadeInDown&quot;}\" data-widget_type=\"image.default\">\n\t\t\t\t<div class=\"elementor-widget-container\">\n\t\t\t\t\t\t\t\t\t\t\t\t\t\t\t<img decoding=\"async\" width=\"1067\" height=\"62\" src=\"https:\/\/www.ehrab.com\/wp-content\/uploads\/2022\/09\/ehrab-byline.png\" class=\"attachment-full size-full wp-image-2842\" alt=\"\" srcset=\"https:\/\/www.ehrab.com\/wp-content\/uploads\/2022\/09\/ehrab-byline.png 1067w, https:\/\/www.ehrab.com\/wp-content\/uploads\/2022\/09\/ehrab-byline-300x17.png 300w, https:\/\/www.ehrab.com\/wp-content\/uploads\/2022\/09\/ehrab-byline-1024x60.png 1024w, https:\/\/www.ehrab.com\/wp-content\/uploads\/2022\/09\/ehrab-byline-768x45.png 768w\" sizes=\"(max-width: 1067px) 100vw, 1067px\" \/>\t\t\t\t\t\t\t\t\t\t\t\t\t\t\t<\/div>\n\t\t\t\t<\/div>\n\t\t\t\t\t<\/div>\n\t\t<\/div>\n\t\t\t\t\t<\/div>\n\t\t<\/section>\n\t\t\t\t<\/div>\n\t\t\t\t<\/div>\n\t\t\t\t\t\t<\/div>\n\t\t\t\t<\/div>\n\t\t\t\t\t<\/div>\n\t\t<\/div>\n\t\t\t\t\t<\/div>\n\t\t<\/section>\n\t\t\t\t<\/div>\n\t\t","protected":false},"excerpt":{"rendered":"<p>Increased security with ID06 The purpose of ID06 and the Personal Data Act is to combat undeclared work and unfair competition in the construction sector. With ID06, people can be easily identified at the construction site and you can be sure that each worker is linked to an employer, which increases security on the work [&hellip;]<\/p>\n","protected":false},"author":6,"featured_media":0,"parent":0,"menu_order":0,"comment_status":"closed","ping_status":"closed","template":"","meta":{"_themeisle_gutenberg_block_has_review":false,"footnotes":""},"class_list":["post-2971","page","type-page","status-publish","hentry"],"_links":{"self":[{"href":"https:\/\/www.ehrab.com\/en\/wp-json\/wp\/v2\/pages\/2971","targetHints":{"allow":["GET"]}}],"collection":[{"href":"https:\/\/www.ehrab.com\/en\/wp-json\/wp\/v2\/pages"}],"about":[{"href":"https:\/\/www.ehrab.com\/en\/wp-json\/wp\/v2\/types\/page"}],"author":[{"embeddable":true,"href":"https:\/\/www.ehrab.com\/en\/wp-json\/wp\/v2\/users\/6"}],"replies":[{"embeddable":true,"href":"https:\/\/www.ehrab.com\/en\/wp-json\/wp\/v2\/comments?post=2971"}],"version-history":[{"count":12,"href":"https:\/\/www.ehrab.com\/en\/wp-json\/wp\/v2\/pages\/2971\/revisions"}],"predecessor-version":[{"id":6636,"href":"https:\/\/www.ehrab.com\/en\/wp-json\/wp\/v2\/pages\/2971\/revisions\/6636"}],"wp:attachment":[{"href":"https:\/\/www.ehrab.com\/en\/wp-json\/wp\/v2\/media?parent=2971"}],"curies":[{"name":"wp","href":"https:\/\/api.w.org\/{rel}","templated":true}]}}