{"id":7595,"date":"2023-09-26T07:33:37","date_gmt":"2023-09-26T07:33:37","guid":{"rendered":"https:\/\/www.ehrab.com\/ehrab-skolen\/"},"modified":"2023-09-26T07:33:40","modified_gmt":"2023-09-26T07:33:40","slug":"ehrab-skolen","status":"publish","type":"page","link":"https:\/\/www.ehrab.com\/da\/ehrab-skolen\/","title":{"rendered":"EHRAB-skolen"},"content":{"rendered":"\t\t<div data-elementor-type=\"wp-page\" data-elementor-id=\"7595\" class=\"elementor elementor-7595 elementor-1673\" data-elementor-post-type=\"page\">\n\t\t\t\t\t\t<section class=\"elementor-section elementor-top-section elementor-element elementor-element-de4d7b1 elementor-section-height-min-height elementor-section-boxed elementor-section-height-default elementor-section-items-middle\" data-id=\"de4d7b1\" data-element_type=\"section\" data-e-type=\"section\" data-settings=\"{&quot;background_background&quot;:&quot;video&quot;,&quot;background_video_link&quot;:&quot;https:\\\/\\\/www.ehrab.com\\\/\\\/wp-content\\\/uploads\\\/2022\\\/08\\\/ehrab_video_bg_1080p__4300kbps_bitrate.mp4&quot;,&quot;shape_divider_bottom&quot;:&quot;tilt&quot;,&quot;background_play_on_mobile&quot;:&quot;yes&quot;}\">\n\t\t\t\t\t\t\t\t<div class=\"elementor-background-video-container\">\n\t\t\t\t\t\t\t\t\t\t\t\t\t<video class=\"elementor-background-video-hosted\" role=\"presentation\" autoplay muted playsinline loop><\/video>\n\t\t\t\t\t\t\t\t\t\t\t<\/div>\n\t\t\t\t\t\t\t\t\t<div class=\"elementor-background-overlay\"><\/div>\n\t\t\t\t\t\t<div class=\"elementor-shape elementor-shape-bottom\" aria-hidden=\"true\" data-negative=\"false\">\n\t\t\t<svg xmlns=\"http:\/\/www.w3.org\/2000\/svg\" viewBox=\"0 0 1000 100\" preserveAspectRatio=\"none\">\n\t<path class=\"elementor-shape-fill\" d=\"M0,6V0h1000v100L0,6z\"\/>\n<\/svg>\t\t<\/div>\n\t\t\t\t\t<div class=\"elementor-container elementor-column-gap-default\">\n\t\t\t\t\t<div class=\"elementor-column elementor-col-100 elementor-top-column elementor-element elementor-element-19f4579\" data-id=\"19f4579\" data-element_type=\"column\" data-e-type=\"column\">\n\t\t\t<div class=\"elementor-widget-wrap elementor-element-populated\">\n\t\t\t\t\t\t<section class=\"elementor-section elementor-inner-section elementor-element elementor-element-54181c4 elementor-section-boxed elementor-section-height-default elementor-section-height-default\" data-id=\"54181c4\" data-element_type=\"section\" data-e-type=\"section\">\n\t\t\t\t\t\t<div class=\"elementor-container elementor-column-gap-default\">\n\t\t\t\t\t<div class=\"elementor-column elementor-col-16 elementor-inner-column elementor-element elementor-element-f2deb7c\" data-id=\"f2deb7c\" data-element_type=\"column\" data-e-type=\"column\">\n\t\t\t<div class=\"elementor-widget-wrap elementor-element-populated\">\n\t\t\t\t\t\t<div class=\"elementor-element elementor-element-456d34a elementor-widget elementor-widget-image\" data-id=\"456d34a\" data-element_type=\"widget\" data-e-type=\"widget\" data-widget_type=\"image.default\">\n\t\t\t\t<div class=\"elementor-widget-container\">\n\t\t\t\t\t\t\t\t\t\t\t\t\t\t\t<img fetchpriority=\"high\" decoding=\"async\" width=\"200\" height=\"262\" src=\"https:\/\/www.ehrab.com\/wp-content\/uploads\/2022\/08\/ehrab-symbol.png\" class=\"attachment-large size-large wp-image-51\" alt=\"\" \/>\t\t\t\t\t\t\t\t\t\t\t\t\t\t\t<\/div>\n\t\t\t\t<\/div>\n\t\t\t\t\t<\/div>\n\t\t<\/div>\n\t\t\t\t<div class=\"elementor-column elementor-col-66 elementor-inner-column elementor-element elementor-element-0496d8d\" data-id=\"0496d8d\" data-element_type=\"column\" data-e-type=\"column\">\n\t\t\t<div class=\"elementor-widget-wrap elementor-element-populated\">\n\t\t\t\t\t\t<div class=\"elementor-element elementor-element-aabe90f elementor-widget elementor-widget-heading\" data-id=\"aabe90f\" data-element_type=\"widget\" data-e-type=\"widget\" data-widget_type=\"heading.default\">\n\t\t\t\t<div class=\"elementor-widget-container\">\n\t\t\t\t\t<h1 class=\"elementor-heading-title elementor-size-default\">Vi uddanner vores medarbejdere<\/h1>\t\t\t\t<\/div>\n\t\t\t\t<\/div>\n\t\t\t\t\t<\/div>\n\t\t<\/div>\n\t\t\t\t<div class=\"elementor-column elementor-col-16 elementor-inner-column elementor-element elementor-element-ec6cb5e\" data-id=\"ec6cb5e\" data-element_type=\"column\" data-e-type=\"column\">\n\t\t\t<div class=\"elementor-widget-wrap\">\n\t\t\t\t\t\t\t<\/div>\n\t\t<\/div>\n\t\t\t\t\t<\/div>\n\t\t<\/section>\n\t\t\t\t\t<\/div>\n\t\t<\/div>\n\t\t\t\t\t<\/div>\n\t\t<\/section>\n\t\t\t\t<section class=\"elementor-section elementor-top-section elementor-element elementor-element-1ae5d38 elementor-section-boxed elementor-section-height-default elementor-section-height-default\" data-id=\"1ae5d38\" data-element_type=\"section\" data-e-type=\"section\" data-settings=\"{&quot;background_background&quot;:&quot;classic&quot;}\">\n\t\t\t\t\t\t\t<div class=\"elementor-background-overlay\"><\/div>\n\t\t\t\t\t\t\t<div class=\"elementor-container elementor-column-gap-default\">\n\t\t\t\t\t<div class=\"elementor-column elementor-col-100 elementor-top-column elementor-element elementor-element-533daf4\" data-id=\"533daf4\" data-element_type=\"column\" data-e-type=\"column\">\n\t\t\t<div class=\"elementor-widget-wrap elementor-element-populated\">\n\t\t\t\t\t\t<section class=\"elementor-section elementor-inner-section elementor-element elementor-element-d45f9af elementor-section-boxed elementor-section-height-default elementor-section-height-default\" data-id=\"d45f9af\" data-element_type=\"section\" data-e-type=\"section\">\n\t\t\t\t\t\t<div class=\"elementor-container elementor-column-gap-default\">\n\t\t\t\t\t<div class=\"elementor-column elementor-col-50 elementor-inner-column elementor-element elementor-element-cba6f30\" data-id=\"cba6f30\" data-element_type=\"column\" data-e-type=\"column\">\n\t\t\t<div class=\"elementor-widget-wrap elementor-element-populated\">\n\t\t\t\t\t\t<div class=\"elementor-element elementor-element-07360d0 elementor-widget elementor-widget-heading\" data-id=\"07360d0\" data-element_type=\"widget\" data-e-type=\"widget\" data-widget_type=\"heading.default\">\n\t\t\t\t<div class=\"elementor-widget-container\">\n\t\t\t\t\t<h2 class=\"elementor-heading-title elementor-size-default\"><h1 data-elementor-setting-key=\"title\" data-pen-placeholder=\"Skriv h\u00e4r...\"><span style=\"color: var( --e-global-color-primary );font-size: 3rem;background-color: var( --e-global-color-3a3f209 )\">For\u00f8get kompetence og f\u00e6rre arbejdsskader<\/span><\/h1><\/h2>\t\t\t\t<\/div>\n\t\t\t\t<\/div>\n\t\t\t\t<div class=\"elementor-element elementor-element-7f0e2bb elementor-widget elementor-widget-text-editor\" data-id=\"7f0e2bb\" data-element_type=\"widget\" data-e-type=\"widget\" data-widget_type=\"text-editor.default\">\n\t\t\t\t<div class=\"elementor-widget-container\">\n\t\t\t\t\t\t\t\t\t<p><span style=\"font-weight: 400;\">Et af byggebranchens st\u00f8rste problemer er de uprofessionelle bemandingsbureauer, som ikke prioriterer sikkerheden p\u00e5 byggepladserne. De fors\u00f8mmer uddannelse af personalet og snyder med certificering. <br>Da EHRABs m\u00e5l er altid at levere byggehold af h\u00f8jeste kvalitet, er sikkerhed en af vores topprioriteter. For at have kontrol over vores medarbejderes sikkerhed startede vi EHRAB-skolen, hvor vi tilbyder vores medarbejdere den uddannelse, de skal bruge for at arbejde sikkert \u2013 for dem selv og for vores kunder.&nbsp;<\/span><\/p>\n<p><span style=\"font-weight: 400;\">EHRAB er i \u00f8jeblikket det eneste vikarbureau, der har sin egen skole. Det betyder, at vi \u00f8ger kompetencerne, reducerer arbejdsskader og minimerer ventetiden p\u00e5 at f\u00e5 arbejdskraft ud til byggeprojekter, og at vores kunder kan f\u00f8le sig sikre ved det personale, de ans\u00e6tter. Kort sagt, vi ejer hele k\u00e6den og har kontrollen hele vejen igennem.&nbsp;<\/span><\/p>\n<p><span style=\"font-weight: 400;\">Vores medarbejdere skal f\u00f8le sig godt tilpas og have et sikkert arbejdsmilj\u00f8. Det siger sig selv, at de f\u00e5r den uddannelse, de har brug for. <br>Eksempler p\u00e5 kurser, der tilbydes, er <\/span><i><span style=\"font-weight: 400;\">sikker l\u00f8ftning<\/span><\/i><span style=\"font-weight: 400;\">,<\/span> <i><span style=\"font-weight: 400;\">faldsikring<\/span><\/i><span style=\"font-weight: 400;\">,<\/span> <i><span style=\"font-weight: 400;\">stilladser, varmt arbejde, sikkert byggeri, vejarbejde, elektrisk sikkerhed osv.<\/span><\/i><\/p>\n<p><span style=\"font-weight: 400;\">For vores polske og rum\u00e6nske kolleger, der flytter fra deres hjemlande til Danmark for at arbejde, tilbyder EHRAB-skolen introduktionsundervisning i, hvordan man arbejder og bygger i de nordiske lande, hvordan den svenske kultur fungerer, hvad de kan forvente af at bo og arbejde i Danmark osv.<\/span><span style=\"font-weight: 400;\"><br><\/span><\/p>\n<p><span style=\"font-weight: 400;\">Vi arbejder ogs\u00e5 p\u00e5 projektet &#8220;<strong><a href=\"#rusta-matcha\">Rusta og Matcha<\/a><\/strong>&#8220;, hvor vi i Sverige uddanner mennesker, der er faldet uden for arbejdslivet, s\u00e5 de f\u00e5r mulighed for at vende tilbage til arbejdsmarkedet igen. Dette hj\u00e6lper ogs\u00e5 med at reducere arbejdsl\u00f8sheden i Sverige.<\/span><\/p>\t\t\t\t\t\t\t\t<\/div>\n\t\t\t\t<\/div>\n\t\t\t\t\t<\/div>\n\t\t<\/div>\n\t\t\t\t<div class=\"elementor-column elementor-col-50 elementor-inner-column elementor-element elementor-element-79e0dd6\" data-id=\"79e0dd6\" data-element_type=\"column\" data-e-type=\"column\">\n\t\t\t<div class=\"elementor-widget-wrap elementor-element-populated\">\n\t\t\t\t\t\t<div class=\"elementor-element elementor-element-4411284 elementor-widget elementor-widget-image\" data-id=\"4411284\" data-element_type=\"widget\" data-e-type=\"widget\" data-widget_type=\"image.default\">\n\t\t\t\t<div class=\"elementor-widget-container\">\n\t\t\t\t\t\t\t\t\t\t\t\t\t\t\t<img decoding=\"async\" width=\"719\" height=\"524\" src=\"https:\/\/www.ehrab.com\/wp-content\/uploads\/2022\/09\/ill-ehrab-school.png\" class=\"attachment-large size-large wp-image-1681\" alt=\"\" srcset=\"https:\/\/www.ehrab.com\/wp-content\/uploads\/2022\/09\/ill-ehrab-school.png 719w, https:\/\/www.ehrab.com\/wp-content\/uploads\/2022\/09\/ill-ehrab-school-300x219.png 300w\" sizes=\"(max-width: 719px) 100vw, 719px\" \/>\t\t\t\t\t\t\t\t\t\t\t\t\t\t\t<\/div>\n\t\t\t\t<\/div>\n\t\t\t\t<div class=\"elementor-element elementor-element-3fd49b8 elementor-widget elementor-widget-text-editor\" data-id=\"3fd49b8\" data-element_type=\"widget\" data-e-type=\"widget\" data-widget_type=\"text-editor.default\">\n\t\t\t\t<div class=\"elementor-widget-container\">\n\t\t\t\t\t\t\t\t\t<p>EKSEMPLER P\u00c5 KURSER, DER TILBYDES:&nbsp;<\/p>\n<ul>\n<li style=\"font-weight: 400;\" aria-level=\"1\"><span style=\"font-weight: 400;\">Sikker l\u00f8ftning<\/span><\/li>\n<li aria-level=\"1\">Faldsikring<\/li>\n<li aria-level=\"1\">Opf\u00f8relse af stilladser<\/li>\n<li aria-level=\"1\">Varmt arbejde<\/li>\n<li aria-level=\"1\">Sikkert byggeri<\/li>\n<li aria-level=\"1\">Arbejde p\u00e5 vejen<\/li>\n<li aria-level=\"1\">Arbejde i Danmark<\/li>\n<\/ul>\t\t\t\t\t\t\t\t<\/div>\n\t\t\t\t<\/div>\n\t\t\t\t<div class=\"elementor-element elementor-element-dc51a38 elementor-invisible elementor-widget elementor-widget-eael-creative-button\" data-id=\"dc51a38\" data-element_type=\"widget\" data-e-type=\"widget\" data-settings=\"{&quot;_animation&quot;:&quot;fadeIn&quot;}\" data-widget_type=\"eael-creative-button.default\">\n\t\t\t\t<div class=\"elementor-widget-container\">\n\t\t\t\t\t        <div class=\"eael-creative-button-wrapper\">\n\n            <a class=\"eael-creative-button eael-creative-button--shikoba eael-cb-icon-position-right\" href=\"https:\/\/www.ehrab.com\/\/kontakt\/\" data-text=\"\">\n            \t    \n                <div class=\"creative-button-inner\">\n\n                    \n                    <span class=\"cretive-button-text\">Kontakt os, hvis du \u00f8nsker at vide mere<\/span>\n\n                                            <span class=\"eael-creative-button-icon-right\"><i aria-hidden=\"true\" class=\"fas fa-long-arrow-alt-right\"><\/i><\/span>                                    <\/div>\n\t                        <\/a>\n        <\/div>\n        \t\t\t\t<\/div>\n\t\t\t\t<\/div>\n\t\t\t\t\t<\/div>\n\t\t<\/div>\n\t\t\t\t\t<\/div>\n\t\t<\/section>\n\t\t\t\t\t<\/div>\n\t\t<\/div>\n\t\t\t\t\t<\/div>\n\t\t<\/section>\n\t\t\t\t<section class=\"elementor-section elementor-top-section elementor-element elementor-element-003900e elementor-section-full_width elementor-section-height-default elementor-section-height-default\" data-id=\"003900e\" data-element_type=\"section\" data-e-type=\"section\">\n\t\t\t\t\t\t<div class=\"elementor-container elementor-column-gap-no\">\n\t\t\t\t\t<div class=\"elementor-column elementor-col-100 elementor-top-column elementor-element elementor-element-0549da4\" data-id=\"0549da4\" data-element_type=\"column\" data-e-type=\"column\">\n\t\t\t<div class=\"elementor-widget-wrap elementor-element-populated\">\n\t\t\t\t\t\t<div class=\"elementor-element elementor-element-576200a elementor-widget elementor-widget-template\" data-id=\"576200a\" data-element_type=\"widget\" data-e-type=\"widget\" data-widget_type=\"template.default\">\n\t\t\t\t<div class=\"elementor-widget-container\">\n\t\t\t\t\t\t\t<div class=\"elementor-template\">\n\t\t\t\t\t<div data-elementor-type=\"section\" data-elementor-id=\"1578\" class=\"elementor elementor-1578\" data-elementor-post-type=\"elementor_library\">\n\t\t\t\t\t<section class=\"elementor-section elementor-top-section elementor-element elementor-element-264a7b4 elementor-section-boxed elementor-section-height-default elementor-section-height-default\" data-id=\"264a7b4\" data-element_type=\"section\" data-e-type=\"section\" data-settings=\"{&quot;background_background&quot;:&quot;classic&quot;}\">\n\t\t\t\t\t\t<div class=\"elementor-container elementor-column-gap-default\">\n\t\t\t\t\t<div class=\"elementor-column elementor-col-100 elementor-top-column elementor-element elementor-element-518037d9\" data-id=\"518037d9\" data-element_type=\"column\" data-e-type=\"column\">\n\t\t\t<div class=\"elementor-widget-wrap elementor-element-populated\">\n\t\t\t\t\t\t<div class=\"elementor-element elementor-element-ab62584 elementor-invisible elementor-widget elementor-widget-image\" data-id=\"ab62584\" data-element_type=\"widget\" data-e-type=\"widget\" data-settings=\"{&quot;_animation&quot;:&quot;fadeInDown&quot;}\" data-widget_type=\"image.default\">\n\t\t\t\t<div class=\"elementor-widget-container\">\n\t\t\t\t\t\t\t\t\t\t\t\t\t\t\t<img decoding=\"async\" width=\"1067\" height=\"62\" src=\"https:\/\/www.ehrab.com\/wp-content\/uploads\/2022\/09\/ehrab-byline.png\" class=\"attachment-full size-full wp-image-2839\" alt=\"\" srcset=\"https:\/\/www.ehrab.com\/wp-content\/uploads\/2022\/09\/ehrab-byline.png 1067w, https:\/\/www.ehrab.com\/wp-content\/uploads\/2022\/09\/ehrab-byline-300x17.png 300w, https:\/\/www.ehrab.com\/wp-content\/uploads\/2022\/09\/ehrab-byline-1024x60.png 1024w, https:\/\/www.ehrab.com\/wp-content\/uploads\/2022\/09\/ehrab-byline-768x45.png 768w\" sizes=\"(max-width: 1067px) 100vw, 1067px\" \/>\t\t\t\t\t\t\t\t\t\t\t\t\t\t\t<\/div>\n\t\t\t\t<\/div>\n\t\t\t\t\t<\/div>\n\t\t<\/div>\n\t\t\t\t\t<\/div>\n\t\t<\/section>\n\t\t\t\t<\/div>\n\t\t\t\t<\/div>\n\t\t\t\t\t\t<\/div>\n\t\t\t\t<\/div>\n\t\t\t\t\t<\/div>\n\t\t<\/div>\n\t\t\t\t\t<\/div>\n\t\t<\/section>\n\t\t\t\t<section class=\"elementor-section elementor-top-section elementor-element elementor-element-2cfdaf2 elementor-section-boxed elementor-section-height-default elementor-section-height-default\" data-id=\"2cfdaf2\" data-element_type=\"section\" data-e-type=\"section\" data-settings=\"{&quot;background_background&quot;:&quot;gradient&quot;}\">\n\t\t\t\t\t\t<div class=\"elementor-container elementor-column-gap-default\">\n\t\t\t\t\t<div class=\"elementor-column elementor-col-100 elementor-top-column elementor-element elementor-element-1d470bb\" data-id=\"1d470bb\" data-element_type=\"column\" data-e-type=\"column\">\n\t\t\t<div class=\"elementor-widget-wrap elementor-element-populated\">\n\t\t\t\t\t\t<div class=\"elementor-element elementor-element-06038a6 elementor-widget elementor-widget-heading\" data-id=\"06038a6\" data-element_type=\"widget\" data-e-type=\"widget\" data-widget_type=\"heading.default\">\n\t\t\t\t<div class=\"elementor-widget-container\">\n\t\t\t\t\t<h2 class=\"elementor-heading-title elementor-size-default\">Vores tilbud<\/h2>\t\t\t\t<\/div>\n\t\t\t\t<\/div>\n\t\t\t\t<section class=\"elementor-section elementor-inner-section elementor-element elementor-element-949e9d1 elementor-section-boxed elementor-section-height-default elementor-section-height-default\" data-id=\"949e9d1\" data-element_type=\"section\" data-e-type=\"section\">\n\t\t\t\t\t\t<div class=\"elementor-container elementor-column-gap-default\">\n\t\t\t\t\t<div class=\"elementor-column elementor-col-50 elementor-inner-column elementor-element elementor-element-8703ec2\" data-id=\"8703ec2\" data-element_type=\"column\" data-e-type=\"column\" data-settings=\"{&quot;background_background&quot;:&quot;classic&quot;}\">\n\t\t\t<div class=\"elementor-widget-wrap elementor-element-populated\">\n\t\t\t\t\t\t<div class=\"elementor-element elementor-element-6edfd0f eael-infobox-shape-square eael-infobox-hover-img-shape-square elementor-widget elementor-widget-eael-info-box\" data-id=\"6edfd0f\" data-element_type=\"widget\" data-e-type=\"widget\" data-widget_type=\"eael-info-box.default\">\n\t\t\t\t<div class=\"elementor-widget-container\">\n\t\t\t\t\t        <div class=\"eael-infobox icon-on-left\">\n\t            <div class=\"infobox-icon elementor-animation-grow\">\n\n                            <img decoding=\"async\" src=\"https:\/\/www.ehrab.com\/wp-content\/uploads\/2022\/08\/illu-A.png\" alt=\"\">\n            \n            \n            \n        <\/div>\n            <div class=\"infobox-content\">\n                    <div class=\"infobox-title-section\">\n                <h2 class=\"title\">OVERHOLDELSE AF STANDARDER<\/h2>            <\/div>\n            <div><p>Alle vores medarbejdere er ansat i Sverige, og vi overholder svensk lovgivning og g\u00e6ldende kollektive overenskomster.<\/p>\n<\/div>        <\/div>\n            <\/div>\n\n\t\t\t\t\t\t<\/div>\n\t\t\t\t<\/div>\n\t\t\t\t\t<\/div>\n\t\t<\/div>\n\t\t\t\t<div class=\"elementor-column elementor-col-50 elementor-inner-column elementor-element elementor-element-799a212\" data-id=\"799a212\" data-element_type=\"column\" data-e-type=\"column\" data-settings=\"{&quot;background_background&quot;:&quot;classic&quot;}\">\n\t\t\t<div class=\"elementor-widget-wrap elementor-element-populated\">\n\t\t\t\t\t\t<div class=\"elementor-element elementor-element-76a8e6c eael-infobox-shape-square eael-infobox-hover-img-shape-square elementor-widget elementor-widget-eael-info-box\" data-id=\"76a8e6c\" data-element_type=\"widget\" data-e-type=\"widget\" data-widget_type=\"eael-info-box.default\">\n\t\t\t\t<div class=\"elementor-widget-container\">\n\t\t\t\t\t        <div class=\"eael-infobox icon-on-left\">\n\t            <div class=\"infobox-icon elementor-animation-grow\">\n\n                            <img decoding=\"async\" src=\"https:\/\/www.ehrab.com\/wp-content\/uploads\/2022\/08\/illu-B.png\" alt=\"\">\n            \n            \n            \n        <\/div>\n            <div class=\"infobox-content\">\n                    <div class=\"infobox-title-section\">\n                <h2 class=\"title\">KVALITET<\/h2>            <\/div>\n            <div><p>Vores kvalitetsgaranti sikrer, at du altid har de rette faglige kompetencer til r\u00e5dighed p\u00e5 projektet. Vi handler hurtigt og tilpasser personalet efter dine behov.<\/p>\n<\/div>        <\/div>\n            <\/div>\n\n\t\t\t\t\t\t<\/div>\n\t\t\t\t<\/div>\n\t\t\t\t\t<\/div>\n\t\t<\/div>\n\t\t\t\t\t<\/div>\n\t\t<\/section>\n\t\t\t\t<section class=\"elementor-section elementor-inner-section elementor-element elementor-element-73aab0f elementor-section-boxed elementor-section-height-default elementor-section-height-default\" data-id=\"73aab0f\" data-element_type=\"section\" data-e-type=\"section\">\n\t\t\t\t\t\t<div class=\"elementor-container elementor-column-gap-default\">\n\t\t\t\t\t<div class=\"elementor-column elementor-col-50 elementor-inner-column elementor-element elementor-element-a1b2874\" data-id=\"a1b2874\" data-element_type=\"column\" data-e-type=\"column\" data-settings=\"{&quot;background_background&quot;:&quot;classic&quot;}\">\n\t\t\t<div class=\"elementor-widget-wrap elementor-element-populated\">\n\t\t\t\t\t\t<div class=\"elementor-element elementor-element-d6a1480 eael-infobox-shape-square eael-infobox-hover-img-shape-square elementor-widget elementor-widget-eael-info-box\" data-id=\"d6a1480\" data-element_type=\"widget\" data-e-type=\"widget\" data-widget_type=\"eael-info-box.default\">\n\t\t\t\t<div class=\"elementor-widget-container\">\n\t\t\t\t\t        <div class=\"eael-infobox icon-on-left\">\n\t            <div class=\"infobox-icon elementor-animation-grow\">\n\n                            <img decoding=\"async\" src=\"https:\/\/www.ehrab.com\/wp-content\/uploads\/2022\/08\/illu-C.png\" alt=\"\">\n            \n            \n            \n        <\/div>\n            <div class=\"infobox-content\">\n                    <div class=\"infobox-title-section\">\n                <h2 class=\"title\">TJENESTE OG SUPPORT<\/h2>            <\/div>\n            <div><p>Vores tjenester underst\u00f8ttes af en unik 24 timer\/365 dages tjeneste, med styring b\u00e5de onsite og offsite.<\/p>\n<\/div>        <\/div>\n            <\/div>\n\n\t\t\t\t\t\t<\/div>\n\t\t\t\t<\/div>\n\t\t\t\t\t<\/div>\n\t\t<\/div>\n\t\t\t\t<div class=\"elementor-column elementor-col-50 elementor-inner-column elementor-element elementor-element-b805679\" data-id=\"b805679\" data-element_type=\"column\" data-e-type=\"column\" data-settings=\"{&quot;background_background&quot;:&quot;classic&quot;}\">\n\t\t\t<div class=\"elementor-widget-wrap elementor-element-populated\">\n\t\t\t\t\t\t<div class=\"elementor-element elementor-element-f72d0b3 eael-infobox-shape-square eael-infobox-hover-img-shape-square elementor-widget elementor-widget-eael-info-box\" data-id=\"f72d0b3\" data-element_type=\"widget\" data-e-type=\"widget\" data-widget_type=\"eael-info-box.default\">\n\t\t\t\t<div class=\"elementor-widget-container\">\n\t\t\t\t\t        <div class=\"eael-infobox icon-on-left\">\n\t            <div class=\"infobox-icon elementor-animation-grow\">\n\n                            <img decoding=\"async\" src=\"https:\/\/www.ehrab.com\/wp-content\/uploads\/2022\/08\/illu-D.png\" alt=\"\">\n            \n            \n            \n        <\/div>\n            <div class=\"infobox-content\">\n                    <div class=\"infobox-title-section\">\n                <h2 class=\"title\">KOMMUNIKATION<\/h2>            <\/div>\n            <div><p>Med engelsktalende ledelse styrker vi kommunikationen, hvilket er et n\u00f8gleelement for et vellykket byggeprojekt<\/p>\n<\/div>        <\/div>\n            <\/div>\n\n\t\t\t\t\t\t<\/div>\n\t\t\t\t<\/div>\n\t\t\t\t\t<\/div>\n\t\t<\/div>\n\t\t\t\t\t<\/div>\n\t\t<\/section>\n\t\t\t\t<section class=\"elementor-section elementor-inner-section elementor-element elementor-element-b95febe elementor-section-boxed elementor-section-height-default elementor-section-height-default\" data-id=\"b95febe\" data-element_type=\"section\" data-e-type=\"section\">\n\t\t\t\t\t\t<div class=\"elementor-container elementor-column-gap-default\">\n\t\t\t\t\t<div class=\"elementor-column elementor-col-100 elementor-inner-column elementor-element elementor-element-95c8fbb\" data-id=\"95c8fbb\" data-element_type=\"column\" data-e-type=\"column\">\n\t\t\t<div class=\"elementor-widget-wrap elementor-element-populated\">\n\t\t\t\t\t\t<div class=\"elementor-element elementor-element-6bd7088 elementor-widget elementor-widget-eael-creative-button\" data-id=\"6bd7088\" data-element_type=\"widget\" data-e-type=\"widget\" data-widget_type=\"eael-creative-button.default\">\n\t\t\t\t<div class=\"elementor-widget-container\">\n\t\t\t\t\t        <div class=\"eael-creative-button-wrapper\">\n\n            <a class=\"eael-creative-button eael-creative-button--shikoba eael-cb-icon-position-right\" href=\"https:\/\/www.ehrab.com\/\/om-ehrab\/\" data-text=\"\">\n            \t    \n                <div class=\"creative-button-inner\">\n\n                    \n                    <span class=\"cretive-button-text\">L\u00e6s mere om vores tilbud<\/span>\n\n                                            <span class=\"eael-creative-button-icon-right\"><i aria-hidden=\"true\" class=\"fas fa-long-arrow-alt-right\"><\/i><\/span>                                    <\/div>\n\t                        <\/a>\n        <\/div>\n        \t\t\t\t<\/div>\n\t\t\t\t<\/div>\n\t\t\t\t\t<\/div>\n\t\t<\/div>\n\t\t\t\t\t<\/div>\n\t\t<\/section>\n\t\t\t\t\t<\/div>\n\t\t<\/div>\n\t\t\t\t\t<\/div>\n\t\t<\/section>\n\t\t\t\t<\/div>\n\t\t","protected":false},"excerpt":{"rendered":"<p>Vi uddanner vores medarbejdere For\u00f8get kompetence og f\u00e6rre arbejdsskader Et af byggebranchens st\u00f8rste problemer er de uprofessionelle bemandingsbureauer, som ikke prioriterer sikkerheden p\u00e5 byggepladserne. De fors\u00f8mmer uddannelse af personalet og snyder med certificering. Da EHRABs m\u00e5l er altid at levere byggehold af h\u00f8jeste kvalitet, er sikkerhed en af vores topprioriteter. For at have kontrol over [&hellip;]<\/p>\n","protected":false},"author":6,"featured_media":0,"parent":0,"menu_order":0,"comment_status":"closed","ping_status":"closed","template":"","meta":{"_themeisle_gutenberg_block_has_review":false,"footnotes":""},"class_list":["post-7595","page","type-page","status-publish","hentry"],"_links":{"self":[{"href":"https:\/\/www.ehrab.com\/da\/wp-json\/wp\/v2\/pages\/7595","targetHints":{"allow":["GET"]}}],"collection":[{"href":"https:\/\/www.ehrab.com\/da\/wp-json\/wp\/v2\/pages"}],"about":[{"href":"https:\/\/www.ehrab.com\/da\/wp-json\/wp\/v2\/types\/page"}],"author":[{"embeddable":true,"href":"https:\/\/www.ehrab.com\/da\/wp-json\/wp\/v2\/users\/6"}],"replies":[{"embeddable":true,"href":"https:\/\/www.ehrab.com\/da\/wp-json\/wp\/v2\/comments?post=7595"}],"version-history":[{"count":2,"href":"https:\/\/www.ehrab.com\/da\/wp-json\/wp\/v2\/pages\/7595\/revisions"}],"predecessor-version":[{"id":7599,"href":"https:\/\/www.ehrab.com\/da\/wp-json\/wp\/v2\/pages\/7595\/revisions\/7599"}],"wp:attachment":[{"href":"https:\/\/www.ehrab.com\/da\/wp-json\/wp\/v2\/media?parent=7595"}],"curies":[{"name":"wp","href":"https:\/\/api.w.org\/{rel}","templated":true}]}}