{"id":7128,"date":"2023-03-02T13:01:38","date_gmt":"2023-03-02T13:01:38","guid":{"rendered":"https:\/\/www.ehrab.com\/om-whistleblowing-funktionen\/"},"modified":"2023-03-02T13:01:39","modified_gmt":"2023-03-02T13:01:39","slug":"om-whistleblowing-funktionen","status":"publish","type":"page","link":"https:\/\/www.ehrab.com\/da\/om-whistleblowing-funktionen\/","title":{"rendered":"Om whistleblowing-funktionen"},"content":{"rendered":"\t\t<div data-elementor-type=\"wp-page\" data-elementor-id=\"7128\" class=\"elementor elementor-7128 elementor-6669\" data-elementor-post-type=\"page\">\n\t\t\t\t\t\t<section class=\"elementor-section elementor-top-section elementor-element elementor-element-5f8914eb elementor-section-height-min-height elementor-section-boxed elementor-section-height-default elementor-section-items-middle\" data-id=\"5f8914eb\" data-element_type=\"section\" data-e-type=\"section\" data-settings=\"{&quot;background_background&quot;:&quot;video&quot;,&quot;background_video_link&quot;:&quot;https:\\\/\\\/www.ehrab.com\\\/\\\/wp-content\\\/uploads\\\/2022\\\/08\\\/ehrab_video_bg_1080p__4300kbps_bitrate.mp4&quot;,&quot;shape_divider_bottom&quot;:&quot;tilt&quot;,&quot;background_play_on_mobile&quot;:&quot;yes&quot;}\">\n\t\t\t\t\t\t\t\t<div class=\"elementor-background-video-container\">\n\t\t\t\t\t\t\t\t\t\t\t\t\t<video class=\"elementor-background-video-hosted\" role=\"presentation\" autoplay muted playsinline loop><\/video>\n\t\t\t\t\t\t\t\t\t\t\t<\/div>\n\t\t\t\t\t\t\t\t\t<div class=\"elementor-background-overlay\"><\/div>\n\t\t\t\t\t\t<div class=\"elementor-shape elementor-shape-bottom\" aria-hidden=\"true\" data-negative=\"false\">\n\t\t\t<svg xmlns=\"http:\/\/www.w3.org\/2000\/svg\" viewBox=\"0 0 1000 100\" preserveAspectRatio=\"none\">\n\t<path class=\"elementor-shape-fill\" d=\"M0,6V0h1000v100L0,6z\"\/>\n<\/svg>\t\t<\/div>\n\t\t\t\t\t<div class=\"elementor-container elementor-column-gap-default\">\n\t\t\t\t\t<div class=\"elementor-column elementor-col-100 elementor-top-column elementor-element elementor-element-fd60588\" data-id=\"fd60588\" data-element_type=\"column\" data-e-type=\"column\">\n\t\t\t<div class=\"elementor-widget-wrap elementor-element-populated\">\n\t\t\t\t\t\t<section class=\"elementor-section elementor-inner-section elementor-element elementor-element-32fb728a elementor-section-boxed elementor-section-height-default elementor-section-height-default\" data-id=\"32fb728a\" data-element_type=\"section\" data-e-type=\"section\">\n\t\t\t\t\t\t<div class=\"elementor-container elementor-column-gap-default\">\n\t\t\t\t\t<div class=\"elementor-column elementor-col-16 elementor-inner-column elementor-element elementor-element-2781910e\" data-id=\"2781910e\" data-element_type=\"column\" data-e-type=\"column\">\n\t\t\t<div class=\"elementor-widget-wrap elementor-element-populated\">\n\t\t\t\t\t\t<div class=\"elementor-element elementor-element-695f82f0 elementor-widget elementor-widget-image\" data-id=\"695f82f0\" data-element_type=\"widget\" data-e-type=\"widget\" data-widget_type=\"image.default\">\n\t\t\t\t<div class=\"elementor-widget-container\">\n\t\t\t\t\t\t\t\t\t\t\t\t\t\t\t<img fetchpriority=\"high\" decoding=\"async\" width=\"200\" height=\"262\" src=\"https:\/\/www.ehrab.com\/wp-content\/uploads\/2022\/08\/ehrab-symbol.png\" class=\"attachment-large size-large wp-image-51\" alt=\"\" \/>\t\t\t\t\t\t\t\t\t\t\t\t\t\t\t<\/div>\n\t\t\t\t<\/div>\n\t\t\t\t\t<\/div>\n\t\t<\/div>\n\t\t\t\t<div class=\"elementor-column elementor-col-66 elementor-inner-column elementor-element elementor-element-31d98a1d\" data-id=\"31d98a1d\" data-element_type=\"column\" data-e-type=\"column\">\n\t\t\t<div class=\"elementor-widget-wrap elementor-element-populated\">\n\t\t\t\t\t\t\t<\/div>\n\t\t<\/div>\n\t\t\t\t<div class=\"elementor-column elementor-col-16 elementor-inner-column elementor-element elementor-element-dcdb2d\" data-id=\"dcdb2d\" data-element_type=\"column\" data-e-type=\"column\">\n\t\t\t<div class=\"elementor-widget-wrap\">\n\t\t\t\t\t\t\t<\/div>\n\t\t<\/div>\n\t\t\t\t\t<\/div>\n\t\t<\/section>\n\t\t\t\t\t<\/div>\n\t\t<\/div>\n\t\t\t\t\t<\/div>\n\t\t<\/section>\n\t\t\t\t<section class=\"elementor-section elementor-top-section elementor-element elementor-element-e584c8c elementor-section-boxed elementor-section-height-default elementor-section-height-default\" data-id=\"e584c8c\" data-element_type=\"section\" data-e-type=\"section\" data-settings=\"{&quot;background_background&quot;:&quot;classic&quot;}\">\n\t\t\t\t\t\t<div class=\"elementor-container elementor-column-gap-default\">\n\t\t\t\t\t<div class=\"elementor-column elementor-col-100 elementor-top-column elementor-element elementor-element-40fba1e\" data-id=\"40fba1e\" data-element_type=\"column\" data-e-type=\"column\">\n\t\t\t<div class=\"elementor-widget-wrap elementor-element-populated\">\n\t\t\t\t\t\t<section class=\"elementor-section elementor-inner-section elementor-element elementor-element-225a856 elementor-section-boxed elementor-section-height-default elementor-section-height-default\" data-id=\"225a856\" data-element_type=\"section\" data-e-type=\"section\">\n\t\t\t\t\t\t<div class=\"elementor-container elementor-column-gap-default\">\n\t\t\t\t\t<div class=\"elementor-column elementor-col-100 elementor-inner-column elementor-element elementor-element-f11fd1b\" data-id=\"f11fd1b\" data-element_type=\"column\" data-e-type=\"column\">\n\t\t\t<div class=\"elementor-widget-wrap elementor-element-populated\">\n\t\t\t\t\t\t<div class=\"elementor-element elementor-element-43ad546 elementor-widget elementor-widget-text-editor\" data-id=\"43ad546\" data-element_type=\"widget\" data-e-type=\"widget\" data-widget_type=\"text-editor.default\">\n\t\t\t\t<div class=\"elementor-widget-container\">\n\t\t\t\t\t\t\t\t\t<p>Indberetningen er fuldst\u00e6ndig anonym og skal v\u00e6re baseret p\u00e5 konkrete mistanker. Du beh\u00f8ver ikke at have beviser for dine mistanker, men du m\u00e5 ikke anklage ondsindet eller med viden om, at anklagen er falsk. Falske eller ondsindede beskyldninger er en alvorlig forbrydelse.<\/p>\n\t\t\t\t\t\t\t\t<\/div>\n\t\t\t\t<\/div>\n\t\t\t\t<div class=\"elementor-element elementor-element-d7c7aad elementor-widget elementor-widget-text-editor\" data-id=\"d7c7aad\" data-element_type=\"widget\" data-e-type=\"widget\" data-widget_type=\"text-editor.default\">\n\t\t\t\t<div class=\"elementor-widget-container\">\n\t\t\t\t\t\t\t\t\t<p>For at foretage en indberetning, skal der v\u00e6re en konkret mistanke om en h\u00e6ndelse, der opfylder begge f\u00f8lgende kriterier:<\/p>\n<ul>\n<li>Det drejer sig om en alvorlig uregelm\u00e6ssighed<\/li>\n<li>Og uregelm\u00e6ssigheden er beg\u00e5et af et medlem af EHRAB&#8217;s ledelse eller en anden n\u00f8gleperson i virksomheden.<\/li>\n<\/ul>\n\t\t\t\t\t\t\t\t<\/div>\n\t\t\t\t<\/div>\n\t\t\t\t<div class=\"elementor-element elementor-element-5c4134a elementor-widget elementor-widget-text-editor\" data-id=\"5c4134a\" data-element_type=\"widget\" data-e-type=\"widget\" data-widget_type=\"text-editor.default\">\n\t\t\t\t<div class=\"elementor-widget-container\">\n\t\t\t\t\t\t\t\t\t<p>En indberetning, der opfylder begge ovenn\u00e6vnte kriterier, betegnes i EHRAB&#8217;s interne regler som en kvalificeret indberetning og\/eller som en whistleblowing-indberetning.<\/p>\n<p>Alvorlige uregelm\u00e6ssigheder anses for at v\u00e6re:<\/p>\n<ul>\n<li>\u00f8konomiske forbrydelser s\u00e5som bestikkelse, tyveri, bedrageri og forfalskning, korruption, \u00f8konomisk forbrydelse og andre overtr\u00e6delser af regnskabs- og skatteregler<\/li>\n<li>andre alvorlige uregelm\u00e6ssigheder, der p\u00e5virker EHRAB&#8217;s vitale interesser eller enkeltpersoners liv og sundhed, som f.eks. alvorlige forbrydelser mod milj\u00f8, alvorlige sikkerhedsmangler p\u00e5 arbejdspladsen og meget alvorlige former for forskelsbehandling og chikane.<\/li>\n<\/ul>\n\t\t\t\t\t\t\t\t<\/div>\n\t\t\t\t<\/div>\n\t\t\t\t<div class=\"elementor-element elementor-element-aa39df2 elementor-widget elementor-widget-text-editor\" data-id=\"aa39df2\" data-element_type=\"widget\" data-e-type=\"widget\" data-widget_type=\"text-editor.default\">\n\t\t\t\t<div class=\"elementor-widget-container\">\n\t\t\t\t\t\t\t\t\t<p>Ledelsen og\/eller andre n\u00f8glepersoner i virksomheden anses for at v\u00e6re:<\/p>\n<ul>\n<li>Administrerende direkt\u00f8r til EHRAB Holding AB<\/li>\n<li>Bestyrelsesmedlem i EHRAB Holding AB<\/li>\n<li>Administrerende direkt\u00f8r til det relevante datterselskab EHRAB Holding AB<\/li>\n<li>Bestyrelsesmedlem i det relevante datterselskab EHRAB Holding AB<\/li>\n<li>Repr\u00e6sentant for HR-afdeling<\/li>\n<\/ul>\n\t\t\t\t\t\t\t\t<\/div>\n\t\t\t\t<\/div>\n\t\t\t\t<div class=\"elementor-element elementor-element-b382b3c elementor-widget elementor-widget-text-editor\" data-id=\"b382b3c\" data-element_type=\"widget\" data-e-type=\"widget\" data-widget_type=\"text-editor.default\">\n\t\t\t\t<div class=\"elementor-widget-container\">\n\t\t\t\t\t\t\t\t\t<p><strong>HVAD SKAL IKKE INDBERETTES?<\/strong><\/p>\n<p>Andre sager end dem, der er anf\u00f8rt ovenfor, skal behandles ved at underrette din n\u00e6rmeste leder eller en anden organisationsm\u00e6ssigt tilknyttet person i en h\u00f8jere stilling. Forholdsvis gennem vores Feedback-funktion.<\/p>\n<p>Sager, der <span style=\"text-decoration: underline;\">ikke<\/span> b\u00f8r indberettes via whistleblowing, er bl.a:<\/p>\n<ul>\n<li>H\u00e6ndelser, der ikke udg\u00f8r alvorlige uregelm\u00e6ssigheder som defineret ovenfor, f.eks. generel utilfredshed med den m\u00e5de, virksomheden drives p\u00e5, eller med ledelse, afl\u00f8nning eller andre personalesp\u00f8rgsm\u00e5l.<\/li>\n<li>Alvorlige uregelm\u00e6ssigheder beg\u00e5et af personer, der ikke er en del af EHRAB&#8217;s ledelse eller ikke er n\u00f8glepersoner i virksomheden som defineret ovenfor.<\/li>\n<\/ul>\n\t\t\t\t\t\t\t\t<\/div>\n\t\t\t\t<\/div>\n\t\t\t\t<div class=\"elementor-element elementor-element-178ae6a elementor-widget elementor-widget-text-editor\" data-id=\"178ae6a\" data-element_type=\"widget\" data-e-type=\"widget\" data-widget_type=\"text-editor.default\">\n\t\t\t\t<div class=\"elementor-widget-container\">\n\t\t\t\t\t\t\t\t\t<p>En indberetning, der ikke opfylder kriterierne for en whistleblowing-indberetning som beskrevet ovenfor, betegnes i EHRAB&#8217;s interne regler som en ikke-kvalificeret indberetning. En ikke-kvalificeret indberetning vil ikke blive behandlet som en whistleblowing-indberetning. Hvis du foretager en ikke-kvalificeret indberetning, vil du blive underrettet herom (hvis vi har f\u00e5et mulighed for at kontakte dig), og indberetningen vil blive fjernet inden for tre uger.<\/p>\n\t\t\t\t\t\t\t\t<\/div>\n\t\t\t\t<\/div>\n\t\t\t\t<div class=\"elementor-element elementor-element-bae793d elementor-widget elementor-widget-button\" data-id=\"bae793d\" data-element_type=\"widget\" data-e-type=\"widget\" data-widget_type=\"button.default\">\n\t\t\t\t<div class=\"elementor-widget-container\">\n\t\t\t\t\t\t\t\t\t<div class=\"elementor-button-wrapper\">\n\t\t\t\t\t<a class=\"elementor-button elementor-button-link elementor-size-sm elementor-animation-pop\" href=\"https:\/\/www.ehrab.com\/hur-gors-en-anmalan\/\">\n\t\t\t\t\t\t<span class=\"elementor-button-content-wrapper\">\n\t\t\t\t\t\t\t\t\t<span class=\"elementor-button-text\">G\u00e5 til indberetning <\/span>\n\t\t\t\t\t<\/span>\n\t\t\t\t\t<\/a>\n\t\t\t\t<\/div>\n\t\t\t\t\t\t\t\t<\/div>\n\t\t\t\t<\/div>\n\t\t\t\t\t<\/div>\n\t\t<\/div>\n\t\t\t\t\t<\/div>\n\t\t<\/section>\n\t\t\t\t\t<\/div>\n\t\t<\/div>\n\t\t\t\t\t<\/div>\n\t\t<\/section>\n\t\t\t\t<\/div>\n\t\t","protected":false},"excerpt":{"rendered":"<p>Indberetningen er fuldst\u00e6ndig anonym og skal v\u00e6re baseret p\u00e5 konkrete mistanker. Du beh\u00f8ver ikke at have beviser for dine mistanker, men du m\u00e5 ikke anklage ondsindet eller med viden om, at anklagen er falsk. Falske eller ondsindede beskyldninger er en alvorlig forbrydelse. For at foretage en indberetning, skal der v\u00e6re en konkret mistanke om en [&hellip;]<\/p>\n","protected":false},"author":6,"featured_media":0,"parent":0,"menu_order":0,"comment_status":"closed","ping_status":"closed","template":"","meta":{"_themeisle_gutenberg_block_has_review":false,"footnotes":""},"class_list":["post-7128","page","type-page","status-publish","hentry"],"_links":{"self":[{"href":"https:\/\/www.ehrab.com\/da\/wp-json\/wp\/v2\/pages\/7128","targetHints":{"allow":["GET"]}}],"collection":[{"href":"https:\/\/www.ehrab.com\/da\/wp-json\/wp\/v2\/pages"}],"about":[{"href":"https:\/\/www.ehrab.com\/da\/wp-json\/wp\/v2\/types\/page"}],"author":[{"embeddable":true,"href":"https:\/\/www.ehrab.com\/da\/wp-json\/wp\/v2\/users\/6"}],"replies":[{"embeddable":true,"href":"https:\/\/www.ehrab.com\/da\/wp-json\/wp\/v2\/comments?post=7128"}],"version-history":[{"count":1,"href":"https:\/\/www.ehrab.com\/da\/wp-json\/wp\/v2\/pages\/7128\/revisions"}],"predecessor-version":[{"id":7129,"href":"https:\/\/www.ehrab.com\/da\/wp-json\/wp\/v2\/pages\/7128\/revisions\/7129"}],"wp:attachment":[{"href":"https:\/\/www.ehrab.com\/da\/wp-json\/wp\/v2\/media?parent=7128"}],"curies":[{"name":"wp","href":"https:\/\/api.w.org\/{rel}","templated":true}]}}